{"id":4581,"date":"2025-09-14T22:47:47","date_gmt":"2025-09-14T19:47:47","guid":{"rendered":"https:\/\/musso.pet\/?post_type=product&#038;p=4581"},"modified":"2026-04-10T14:48:02","modified_gmt":"2026-04-10T11:48:02","slug":"sweterek-dla-psa-soffo-rosa-z-welna-i-domieszka-kaszmiru","status":"publish","type":"product","link":"https:\/\/musso.pet\/en\/p\/sweterek-dla-psa-soffo-rosa-z-welna-i-domieszka-kaszmiru\/","title":{"rendered":"Soffo Rosa dog sweater with wool and cashmere blend"},"content":{"rendered":"<p data-start=\"0\" data-end=\"406\">Soffo Rosa cashmere dog sweater is a subtle and stylish choice in a powder pink shade. The sweater is lightweight, pleasant to the touch and does not restrain movement, and thanks to the well-thought-out cut it is easy and quick to put on. An elastic collar wraps around the neck, and a discreet elastic band on the tail helps keep the sweater in place during walks.<\/p>\n<p data-start=\"408\" data-end=\"506\">A carefully selected blend of fine fibers, including cashmere, provides exceptional softness and subtle warmth:<\/p>\n<ul data-start=\"507\" data-end=\"769\">\n<li data-start=\"507\" data-end=\"595\">\n<p data-start=\"509\" data-end=\"595\">recycled polyamide \u2013 elasticity, lightness and increased wear resistance,<\/p>\n<\/li>\n<li data-start=\"596\" data-end=\"648\">\n<p data-start=\"598\" data-end=\"648\">wool \u2013 natural warmth and breathability,<\/p>\n<\/li>\n<li data-start=\"649\" data-end=\"708\">\n<p data-start=\"651\" data-end=\"708\">viscose \u2013 smoothness, softness and subtle shine,<\/p>\n<\/li>\n<li data-start=\"709\" data-end=\"769\">\n<p data-start=\"711\" data-end=\"769\">cashmere \u2013 velvet finish and a sense of luxury.<\/p>\n<\/li>\n<\/ul>\n<p>Made in Italy.<\/p>\n<p>Composition: 35% recycled polyamide, 30% wool, 30% viscose, 5% cashmere<\/p>\n<p data-start=\"1177\" data-end=\"1198\">The Soffo Rosa cashmere dog sweater is designed for small and miniature breeds such as the Chihuahua, Maltipoo, Poodle and Yorkshire Terrier. The soft fibers provide protection from the cold without overheating, and the lightweight material allows you to maintain freedom of movement during daily walks.<\/p>\n<p data-start=\"1177\" data-end=\"1198\">See also other <a href=\"https:\/\/musso.pet\/en\/cat\/sweterki\/\">MUSSO dog sweaters<\/a> and a collection of <a href=\"https:\/\/musso.pet\/en\/cat\/ubranka-dla-psow\/\">dog clothes<\/a>.<\/p>","protected":false},"excerpt":{"rendered":"<p>Soffo Rosa cashmere dog sweater is a subtle and stylish choice in a powder pink shade. The sweater is lightweight, pleasant to the touch and does not restrain movement, and thanks to the well-thought-out cut it is easy and quick to put on. An elastic collar wraps around the neck, and a discreet elastic band on the tail helps keep the sweater in place during walks. A carefully selected blend of fine [...]<\/p>","protected":false},"author":5,"featured_media":4587,"comment_status":"open","ping_status":"closed","template":"","meta":[],"product_brand":[],"product_cat":[119,116,68],"product_tag":[],"brand":[],"class_list":{"0":"post-4581","1":"product","2":"type-product","3":"status-publish","4":"has-post-thumbnail","6":"product_cat-winter-sale","7":"product_cat-sweterki","8":"product_cat-ubranka-dla-psow","9":"pa_color-rozowy","10":"pa_rozmiar-xs","11":"pa_rozmiar-s","12":"pa_rozmiar-m","13":"pa_rozmiar-l","14":"pa_rozmiar-xl","16":"first","17":"instock","18":"sale","19":"taxable","20":"shipping-taxable","21":"purchasable","22":"product-type-variable","23":"wvs-archive-product-wrapper"},"yoast_head":"<!-- This site is optimized with the Yoast SEO plugin v25.6 - https:\/\/yoast.com\/wordpress\/plugins\/seo\/ -->\n<title>Sweter dla psa z kaszmirem r\u00f3\u017cowy Soffo Rosa | MUSSO<\/title>\n<meta name=\"description\" content=\"Sweter dla psa z kaszmirem Soffo Rosa w pudrowym r\u00f3\u017cu. Dla Chihuahua, Yorkshire Terriera, Maltipoo, Pudla, Malta\u0144czyka i Shih Tzu.\" \/>\n<meta name=\"robots\" content=\"index, follow, max-snippet:-1, max-image-preview:large, max-video-preview:-1\" \/>\n<link rel=\"canonical\" href=\"https:\/\/musso.pet\/en\/p\/sweterek-dla-psa-soffo-rosa-z-welna-i-domieszka-kaszmiru\/\" \/>\n<meta property=\"og:locale\" content=\"en_US\" \/>\n<meta property=\"og:type\" content=\"article\" \/>\n<meta property=\"og:title\" content=\"Sweter dla psa z kaszmirem r\u00f3\u017cowy Soffo Rosa | MUSSO\" \/>\n<meta property=\"og:description\" content=\"Sweter dla psa z kaszmirem Soffo Rosa w pudrowym r\u00f3\u017cu. Dla Chihuahua, Yorkshire Terriera, Maltipoo, Pudla, Malta\u0144czyka i Shih Tzu.\" \/>\n<meta property=\"og:url\" content=\"https:\/\/musso.pet\/en\/p\/sweterek-dla-psa-soffo-rosa-z-welna-i-domieszka-kaszmiru\/\" \/>\n<meta property=\"og:site_name\" content=\"Musso\" \/>\n<meta property=\"article:modified_time\" content=\"2026-04-10T11:48:02+00:00\" \/>\n<meta property=\"og:image\" content=\"https:\/\/musso.pet\/wp-content\/uploads\/2025\/09\/soffo-rosa-1-scaled.jpg\" \/>\n\t<meta property=\"og:image:width\" content=\"3840\" \/>\n\t<meta property=\"og:image:height\" content=\"3840\" \/>\n\t<meta property=\"og:image:type\" content=\"image\/jpeg\" \/>\n<meta name=\"twitter:card\" content=\"summary_large_image\" \/>\n<meta name=\"twitter:label1\" content=\"Est. reading time\" \/>\n\t<meta name=\"twitter:data1\" content=\"1 minute\" \/>\n<script type=\"application\/ld+json\" class=\"yoast-schema-graph\">{\"@context\":\"https:\/\/schema.org\",\"@graph\":[{\"@type\":\"WebPage\",\"@id\":\"https:\/\/musso.pet\/p\/sweterek-dla-psa-soffo-rosa-z-welna-i-domieszka-kaszmiru\/\",\"url\":\"https:\/\/musso.pet\/p\/sweterek-dla-psa-soffo-rosa-z-welna-i-domieszka-kaszmiru\/\",\"name\":\"Sweter dla psa z kaszmirem r\u00f3\u017cowy Soffo Rosa | MUSSO\",\"isPartOf\":{\"@id\":\"https:\/\/musso.pet\/#website\"},\"primaryImageOfPage\":{\"@id\":\"https:\/\/musso.pet\/p\/sweterek-dla-psa-soffo-rosa-z-welna-i-domieszka-kaszmiru\/#primaryimage\"},\"image\":{\"@id\":\"https:\/\/musso.pet\/p\/sweterek-dla-psa-soffo-rosa-z-welna-i-domieszka-kaszmiru\/#primaryimage\"},\"thumbnailUrl\":\"https:\/\/musso.pet\/wp-content\/uploads\/2025\/09\/soffo-rosa-1-scaled.jpg\",\"datePublished\":\"2025-09-14T19:47:47+00:00\",\"dateModified\":\"2026-04-10T11:48:02+00:00\",\"description\":\"Sweter dla psa z kaszmirem Soffo Rosa w pudrowym r\u00f3\u017cu. Dla Chihuahua, Yorkshire Terriera, Maltipoo, Pudla, Malta\u0144czyka i Shih Tzu.\",\"breadcrumb\":{\"@id\":\"https:\/\/musso.pet\/p\/sweterek-dla-psa-soffo-rosa-z-welna-i-domieszka-kaszmiru\/#breadcrumb\"},\"inLanguage\":\"en-US\",\"potentialAction\":[{\"@type\":\"ReadAction\",\"target\":[\"https:\/\/musso.pet\/p\/sweterek-dla-psa-soffo-rosa-z-welna-i-domieszka-kaszmiru\/\"]}]},{\"@type\":\"ImageObject\",\"inLanguage\":\"en-US\",\"@id\":\"https:\/\/musso.pet\/p\/sweterek-dla-psa-soffo-rosa-z-welna-i-domieszka-kaszmiru\/#primaryimage\",\"url\":\"https:\/\/musso.pet\/wp-content\/uploads\/2025\/09\/soffo-rosa-1-scaled.jpg\",\"contentUrl\":\"https:\/\/musso.pet\/wp-content\/uploads\/2025\/09\/soffo-rosa-1-scaled.jpg\",\"width\":3840,\"height\":3840,\"caption\":\"Sweter dla psa z kaszmirem Soffo Rosa\"},{\"@type\":\"BreadcrumbList\",\"@id\":\"https:\/\/musso.pet\/p\/sweterek-dla-psa-soffo-rosa-z-welna-i-domieszka-kaszmiru\/#breadcrumb\",\"itemListElement\":[{\"@type\":\"ListItem\",\"position\":1,\"name\":\"G\u0142\u00f3wna\",\"item\":\"https:\/\/musso.pet\/\"},{\"@type\":\"ListItem\",\"position\":2,\"name\":\"Sklep\",\"item\":\"https:\/\/musso.pet\/s\/\"},{\"@type\":\"ListItem\",\"position\":3,\"name\":\"Ubranka dla ps\u00f3w\",\"item\":\"https:\/\/musso.pet\/cat\/ubranka-dla-psow\/\"},{\"@type\":\"ListItem\",\"position\":4,\"name\":\"Sweterek dla psa Soffo Rosa z we\u0142n\u0105 i domieszk\u0105 kaszmiru\"}]},{\"@type\":\"WebSite\",\"@id\":\"https:\/\/musso.pet\/#website\",\"url\":\"https:\/\/musso.pet\/\",\"name\":\"Musso\",\"description\":\"Designerskie akcesoria dla ps\u00f3w\",\"publisher\":{\"@id\":\"https:\/\/musso.pet\/#organization\"},\"potentialAction\":[{\"@type\":\"SearchAction\",\"target\":{\"@type\":\"EntryPoint\",\"urlTemplate\":\"https:\/\/musso.pet\/?s={search_term_string}\"},\"query-input\":{\"@type\":\"PropertyValueSpecification\",\"valueRequired\":true,\"valueName\":\"search_term_string\"}}],\"inLanguage\":\"en-US\"},{\"@type\":\"Organization\",\"@id\":\"https:\/\/musso.pet\/#organization\",\"name\":\"Musso\",\"url\":\"https:\/\/musso.pet\/\",\"logo\":{\"@type\":\"ImageObject\",\"inLanguage\":\"en-US\",\"@id\":\"https:\/\/musso.pet\/#\/schema\/logo\/image\/\",\"url\":\"https:\/\/musso.pet\/wp-content\/uploads\/2023\/04\/musso-logo-v3.svg\",\"contentUrl\":\"https:\/\/musso.pet\/wp-content\/uploads\/2023\/04\/musso-logo-v3.svg\",\"width\":212,\"height\":44,\"caption\":\"Musso\"},\"image\":{\"@id\":\"https:\/\/musso.pet\/#\/schema\/logo\/image\/\"}}]}<\/script>\n<!-- \/ Yoast SEO plugin. -->","yoast_head_json":{"title":"Sweter dla psa z kaszmirem r\u00f3\u017cowy Soffo Rosa | MUSSO","description":"Sweter dla psa z kaszmirem Soffo Rosa w pudrowym r\u00f3\u017cu. Dla Chihuahua, Yorkshire Terriera, Maltipoo, Pudla, Malta\u0144czyka i Shih Tzu.","robots":{"index":"index","follow":"follow","max-snippet":"max-snippet:-1","max-image-preview":"max-image-preview:large","max-video-preview":"max-video-preview:-1"},"canonical":"https:\/\/musso.pet\/en\/p\/sweterek-dla-psa-soffo-rosa-z-welna-i-domieszka-kaszmiru\/","og_locale":"en_US","og_type":"article","og_title":"Sweter dla psa z kaszmirem r\u00f3\u017cowy Soffo Rosa | MUSSO","og_description":"Sweter dla psa z kaszmirem Soffo Rosa w pudrowym r\u00f3\u017cu. Dla Chihuahua, Yorkshire Terriera, Maltipoo, Pudla, Malta\u0144czyka i Shih Tzu.","og_url":"https:\/\/musso.pet\/en\/p\/sweterek-dla-psa-soffo-rosa-z-welna-i-domieszka-kaszmiru\/","og_site_name":"Musso","article_modified_time":"2026-04-10T11:48:02+00:00","og_image":[{"width":3840,"height":3840,"url":"https:\/\/musso.pet\/wp-content\/uploads\/2025\/09\/soffo-rosa-1-scaled.jpg","type":"image\/jpeg"}],"twitter_card":"summary_large_image","twitter_misc":{"Est. reading time":"1 minute"},"schema":{"@context":"https:\/\/schema.org","@graph":[{"@type":"WebPage","@id":"https:\/\/musso.pet\/p\/sweterek-dla-psa-soffo-rosa-z-welna-i-domieszka-kaszmiru\/","url":"https:\/\/musso.pet\/p\/sweterek-dla-psa-soffo-rosa-z-welna-i-domieszka-kaszmiru\/","name":"Sweter dla psa z kaszmirem r\u00f3\u017cowy Soffo Rosa | MUSSO","isPartOf":{"@id":"https:\/\/musso.pet\/#website"},"primaryImageOfPage":{"@id":"https:\/\/musso.pet\/p\/sweterek-dla-psa-soffo-rosa-z-welna-i-domieszka-kaszmiru\/#primaryimage"},"image":{"@id":"https:\/\/musso.pet\/p\/sweterek-dla-psa-soffo-rosa-z-welna-i-domieszka-kaszmiru\/#primaryimage"},"thumbnailUrl":"https:\/\/musso.pet\/wp-content\/uploads\/2025\/09\/soffo-rosa-1-scaled.jpg","datePublished":"2025-09-14T19:47:47+00:00","dateModified":"2026-04-10T11:48:02+00:00","description":"Sweter dla psa z kaszmirem Soffo Rosa w pudrowym r\u00f3\u017cu. Dla Chihuahua, Yorkshire Terriera, Maltipoo, Pudla, Malta\u0144czyka i Shih Tzu.","breadcrumb":{"@id":"https:\/\/musso.pet\/p\/sweterek-dla-psa-soffo-rosa-z-welna-i-domieszka-kaszmiru\/#breadcrumb"},"inLanguage":"en-US","potentialAction":[{"@type":"ReadAction","target":["https:\/\/musso.pet\/p\/sweterek-dla-psa-soffo-rosa-z-welna-i-domieszka-kaszmiru\/"]}]},{"@type":"ImageObject","inLanguage":"en-US","@id":"https:\/\/musso.pet\/p\/sweterek-dla-psa-soffo-rosa-z-welna-i-domieszka-kaszmiru\/#primaryimage","url":"https:\/\/musso.pet\/wp-content\/uploads\/2025\/09\/soffo-rosa-1-scaled.jpg","contentUrl":"https:\/\/musso.pet\/wp-content\/uploads\/2025\/09\/soffo-rosa-1-scaled.jpg","width":3840,"height":3840,"caption":"Sweter dla psa z kaszmirem Soffo Rosa"},{"@type":"BreadcrumbList","@id":"https:\/\/musso.pet\/p\/sweterek-dla-psa-soffo-rosa-z-welna-i-domieszka-kaszmiru\/#breadcrumb","itemListElement":[{"@type":"ListItem","position":1,"name":"G\u0142\u00f3wna","item":"https:\/\/musso.pet\/"},{"@type":"ListItem","position":2,"name":"Sklep","item":"https:\/\/musso.pet\/s\/"},{"@type":"ListItem","position":3,"name":"Ubranka dla ps\u00f3w","item":"https:\/\/musso.pet\/cat\/ubranka-dla-psow\/"},{"@type":"ListItem","position":4,"name":"Sweterek dla psa Soffo Rosa z we\u0142n\u0105 i domieszk\u0105 kaszmiru"}]},{"@type":"WebSite","@id":"https:\/\/musso.pet\/#website","url":"https:\/\/musso.pet\/","name":"Musso","description":"Designerskie akcesoria dla ps\u00f3w","publisher":{"@id":"https:\/\/musso.pet\/#organization"},"potentialAction":[{"@type":"SearchAction","target":{"@type":"EntryPoint","urlTemplate":"https:\/\/musso.pet\/?s={search_term_string}"},"query-input":{"@type":"PropertyValueSpecification","valueRequired":true,"valueName":"search_term_string"}}],"inLanguage":"en-US"},{"@type":"Organization","@id":"https:\/\/musso.pet\/#organization","name":"Musso","url":"https:\/\/musso.pet\/","logo":{"@type":"ImageObject","inLanguage":"en-US","@id":"https:\/\/musso.pet\/#\/schema\/logo\/image\/","url":"https:\/\/musso.pet\/wp-content\/uploads\/2023\/04\/musso-logo-v3.svg","contentUrl":"https:\/\/musso.pet\/wp-content\/uploads\/2023\/04\/musso-logo-v3.svg","width":212,"height":44,"caption":"Musso"},"image":{"@id":"https:\/\/musso.pet\/#\/schema\/logo\/image\/"}}]}},"_links":{"self":[{"href":"https:\/\/musso.pet\/en\/wp-json\/wp\/v2\/product\/4581","targetHints":{"allow":["GET"]}}],"collection":[{"href":"https:\/\/musso.pet\/en\/wp-json\/wp\/v2\/product"}],"about":[{"href":"https:\/\/musso.pet\/en\/wp-json\/wp\/v2\/types\/product"}],"author":[{"embeddable":true,"href":"https:\/\/musso.pet\/en\/wp-json\/wp\/v2\/users\/5"}],"replies":[{"embeddable":true,"href":"https:\/\/musso.pet\/en\/wp-json\/wp\/v2\/comments?post=4581"}],"wp:featuredmedia":[{"embeddable":true,"href":"https:\/\/musso.pet\/en\/wp-json\/wp\/v2\/media\/4587"}],"wp:attachment":[{"href":"https:\/\/musso.pet\/en\/wp-json\/wp\/v2\/media?parent=4581"}],"wp:term":[{"taxonomy":"product_brand","embeddable":true,"href":"https:\/\/musso.pet\/en\/wp-json\/wp\/v2\/product_brand?post=4581"},{"taxonomy":"product_cat","embeddable":true,"href":"https:\/\/musso.pet\/en\/wp-json\/wp\/v2\/product_cat?post=4581"},{"taxonomy":"product_tag","embeddable":true,"href":"https:\/\/musso.pet\/en\/wp-json\/wp\/v2\/product_tag?post=4581"},{"taxonomy":"brand","embeddable":true,"href":"https:\/\/musso.pet\/en\/wp-json\/wp\/v2\/brand?post=4581"}],"curies":[{"name":"wp","href":"https:\/\/api.w.org\/{rel}","templated":true}]}}