{"id":4553,"date":"2025-09-14T18:35:09","date_gmt":"2025-09-14T15:35:09","guid":{"rendered":"https:\/\/musso.pet\/?post_type=product&#038;p=4553"},"modified":"2026-04-11T20:47:42","modified_gmt":"2026-04-11T17:47:42","slug":"sweterek-dla-psa-caldo-verde-z-welny-merino","status":"publish","type":"product","link":"https:\/\/musso.pet\/en\/p\/sweterek-dla-psa-caldo-verde-z-welny-merino\/","title":{"rendered":"Caldo Verde merino wool dog sweater"},"content":{"rendered":"<p data-start=\"227\" data-end=\"501\">The MUSSO Caldo Verde merino wool dog sweater is a classic choice for colder days that combines elegance and comfort. Made from a high-quality blend of merino wool and acrylic, it provides excellent thermal insulation while remaining lightweight and soft.<\/p>\n<p data-start=\"977\" data-end=\"1230\">Natural merino wool is valued for its thermoregulatory and breathable properties. As a result, the sweater maintains the proper body temperature of the dog without overheating. The material is gentle on the skin and comfortable even during prolonged wear.<\/p>\n<p data-start=\"1237\" data-end=\"1385\">The emerald shade of Verde blends perfectly with classic stroller accessories and fits in with the calm, minimalist aesthetic of the MUSSO brand.<\/p>\n<p data-start=\"503\" data-end=\"838\">A delicate, flexible weave wraps around the silhouette of the pet, and a fitted collar protects from the cold. Thanks to the thoughtful cut, the sweater is easy to put on and does not restrict freedom of movement during walks. An additional rubber band allows a stable grip on the tail, which makes the whole great to hold even during active play.<\/p>\n<p data-start=\"503\" data-end=\"838\">Made in Italy.<\/p>\n<p data-start=\"840\" data-end=\"887\">Composition: 50% merino wool, 50% acrylic<\/p>\n<p data-start=\"840\" data-end=\"887\">If you are looking for an elegant solution for cold days, the Caldo Verde merino wool dog sweater will be a timeless choice.<\/p>\n<p data-start=\"1177\" data-end=\"1198\">See also other <a href=\"https:\/\/musso.pet\/en\/cat\/sweterki\/\">MUSSO dog sweaters<\/a> and a collection of <a href=\"https:\/\/musso.pet\/en\/cat\/ubranka-dla-psow\/\">dog clothes<\/a>.<\/p>","protected":false},"excerpt":{"rendered":"<p>The MUSSO Caldo Verde merino wool dog sweater is a classic choice for colder days that combines elegance and comfort. Made from a high-quality blend of merino wool and acrylic, it provides excellent thermal insulation while remaining lightweight and soft. Natural merino wool is valued for its thermoregulatory and breathable properties. As a result, the sweater maintains adequate [...]<\/p>","protected":false},"author":5,"featured_media":4561,"comment_status":"open","ping_status":"closed","template":"","meta":[],"product_brand":[],"product_cat":[119,122,116,68],"product_tag":[],"brand":[],"class_list":{"0":"post-4553","1":"product","2":"type-product","3":"status-publish","4":"has-post-thumbnail","6":"product_cat-winter-sale","7":"product_cat-shop-the-look-vero-salvia","8":"product_cat-sweterki","9":"product_cat-ubranka-dla-psow","10":"pa_color-zielony","11":"pa_rozmiar-xs","12":"pa_rozmiar-xs-s","13":"pa_rozmiar-s","14":"pa_rozmiar-s-m","15":"pa_rozmiar-m","16":"pa_rozmiar-l","17":"pa_rozmiar-l-xl","18":"pa_rozmiar-xl","20":"first","21":"instock","22":"sale","23":"taxable","24":"shipping-taxable","25":"purchasable","26":"product-type-variable","27":"wvs-archive-product-wrapper"},"yoast_head":"<!-- This site is optimized with the Yoast SEO plugin v25.6 - https:\/\/yoast.com\/wordpress\/plugins\/seo\/ -->\n<title>Sweter dla psa z we\u0142ny merino zielony Caldo Verde | MUSSO<\/title>\n<meta name=\"description\" content=\"Sweter dla psa z we\u0142ny merino zielony MUSSO Caldo Verde. Ciep\u0142y i elegancki model dla ma\u0142ych ras, takich jak Pudel, Maltipoo czy Chihuahua.\" \/>\n<meta name=\"robots\" content=\"index, follow, max-snippet:-1, max-image-preview:large, max-video-preview:-1\" \/>\n<link rel=\"canonical\" href=\"https:\/\/musso.pet\/en\/p\/sweterek-dla-psa-caldo-verde-z-welny-merino\/\" \/>\n<meta property=\"og:locale\" content=\"en_US\" \/>\n<meta property=\"og:type\" content=\"article\" \/>\n<meta property=\"og:title\" content=\"Sweter dla psa z we\u0142ny merino zielony Caldo Verde | MUSSO\" \/>\n<meta property=\"og:description\" content=\"Sweter dla psa z we\u0142ny merino zielony MUSSO Caldo Verde. Ciep\u0142y i elegancki model dla ma\u0142ych ras, takich jak Pudel, Maltipoo czy Chihuahua.\" \/>\n<meta property=\"og:url\" content=\"https:\/\/musso.pet\/en\/p\/sweterek-dla-psa-caldo-verde-z-welny-merino\/\" \/>\n<meta property=\"og:site_name\" content=\"Musso\" \/>\n<meta property=\"article:modified_time\" content=\"2026-04-11T17:47:42+00:00\" \/>\n<meta property=\"og:image\" content=\"https:\/\/musso.pet\/wp-content\/uploads\/2025\/09\/caldo-verde-scaled.jpg\" \/>\n\t<meta property=\"og:image:width\" content=\"3840\" \/>\n\t<meta property=\"og:image:height\" content=\"3840\" \/>\n\t<meta property=\"og:image:type\" content=\"image\/jpeg\" \/>\n<meta name=\"twitter:card\" content=\"summary_large_image\" \/>\n<meta name=\"twitter:label1\" content=\"Est. reading time\" \/>\n\t<meta name=\"twitter:data1\" content=\"1 minute\" \/>\n<script type=\"application\/ld+json\" class=\"yoast-schema-graph\">{\"@context\":\"https:\/\/schema.org\",\"@graph\":[{\"@type\":\"WebPage\",\"@id\":\"https:\/\/musso.pet\/p\/sweterek-dla-psa-caldo-verde-z-welny-merino\/\",\"url\":\"https:\/\/musso.pet\/p\/sweterek-dla-psa-caldo-verde-z-welny-merino\/\",\"name\":\"Sweter dla psa z we\u0142ny merino zielony Caldo Verde | MUSSO\",\"isPartOf\":{\"@id\":\"https:\/\/musso.pet\/#website\"},\"primaryImageOfPage\":{\"@id\":\"https:\/\/musso.pet\/p\/sweterek-dla-psa-caldo-verde-z-welny-merino\/#primaryimage\"},\"image\":{\"@id\":\"https:\/\/musso.pet\/p\/sweterek-dla-psa-caldo-verde-z-welny-merino\/#primaryimage\"},\"thumbnailUrl\":\"https:\/\/musso.pet\/wp-content\/uploads\/2025\/09\/caldo-verde-scaled.jpg\",\"datePublished\":\"2025-09-14T15:35:09+00:00\",\"dateModified\":\"2026-04-11T17:47:42+00:00\",\"description\":\"Sweter dla psa z we\u0142ny merino zielony MUSSO Caldo Verde. Ciep\u0142y i elegancki model dla ma\u0142ych ras, takich jak Pudel, Maltipoo czy Chihuahua.\",\"breadcrumb\":{\"@id\":\"https:\/\/musso.pet\/p\/sweterek-dla-psa-caldo-verde-z-welny-merino\/#breadcrumb\"},\"inLanguage\":\"en-US\",\"potentialAction\":[{\"@type\":\"ReadAction\",\"target\":[\"https:\/\/musso.pet\/p\/sweterek-dla-psa-caldo-verde-z-welny-merino\/\"]}]},{\"@type\":\"ImageObject\",\"inLanguage\":\"en-US\",\"@id\":\"https:\/\/musso.pet\/p\/sweterek-dla-psa-caldo-verde-z-welny-merino\/#primaryimage\",\"url\":\"https:\/\/musso.pet\/wp-content\/uploads\/2025\/09\/caldo-verde-scaled.jpg\",\"contentUrl\":\"https:\/\/musso.pet\/wp-content\/uploads\/2025\/09\/caldo-verde-scaled.jpg\",\"width\":3840,\"height\":3840,\"caption\":\"Sweterek dla psa Caldo Verde z we\u0142ny merino\"},{\"@type\":\"BreadcrumbList\",\"@id\":\"https:\/\/musso.pet\/p\/sweterek-dla-psa-caldo-verde-z-welny-merino\/#breadcrumb\",\"itemListElement\":[{\"@type\":\"ListItem\",\"position\":1,\"name\":\"G\u0142\u00f3wna\",\"item\":\"https:\/\/musso.pet\/\"},{\"@type\":\"ListItem\",\"position\":2,\"name\":\"Sklep\",\"item\":\"https:\/\/musso.pet\/s\/\"},{\"@type\":\"ListItem\",\"position\":3,\"name\":\"Ubranka dla ps\u00f3w\",\"item\":\"https:\/\/musso.pet\/cat\/ubranka-dla-psow\/\"},{\"@type\":\"ListItem\",\"position\":4,\"name\":\"Sweterek dla psa Caldo Verde z we\u0142ny merino\"}]},{\"@type\":\"WebSite\",\"@id\":\"https:\/\/musso.pet\/#website\",\"url\":\"https:\/\/musso.pet\/\",\"name\":\"Musso\",\"description\":\"Designerskie akcesoria dla ps\u00f3w\",\"publisher\":{\"@id\":\"https:\/\/musso.pet\/#organization\"},\"potentialAction\":[{\"@type\":\"SearchAction\",\"target\":{\"@type\":\"EntryPoint\",\"urlTemplate\":\"https:\/\/musso.pet\/?s={search_term_string}\"},\"query-input\":{\"@type\":\"PropertyValueSpecification\",\"valueRequired\":true,\"valueName\":\"search_term_string\"}}],\"inLanguage\":\"en-US\"},{\"@type\":\"Organization\",\"@id\":\"https:\/\/musso.pet\/#organization\",\"name\":\"Musso\",\"url\":\"https:\/\/musso.pet\/\",\"logo\":{\"@type\":\"ImageObject\",\"inLanguage\":\"en-US\",\"@id\":\"https:\/\/musso.pet\/#\/schema\/logo\/image\/\",\"url\":\"https:\/\/musso.pet\/wp-content\/uploads\/2023\/04\/musso-logo-v3.svg\",\"contentUrl\":\"https:\/\/musso.pet\/wp-content\/uploads\/2023\/04\/musso-logo-v3.svg\",\"width\":212,\"height\":44,\"caption\":\"Musso\"},\"image\":{\"@id\":\"https:\/\/musso.pet\/#\/schema\/logo\/image\/\"}}]}<\/script>\n<!-- \/ Yoast SEO plugin. -->","yoast_head_json":{"title":"Sweter dla psa z we\u0142ny merino zielony Caldo Verde | MUSSO","description":"Sweter dla psa z we\u0142ny merino zielony MUSSO Caldo Verde. Ciep\u0142y i elegancki model dla ma\u0142ych ras, takich jak Pudel, Maltipoo czy Chihuahua.","robots":{"index":"index","follow":"follow","max-snippet":"max-snippet:-1","max-image-preview":"max-image-preview:large","max-video-preview":"max-video-preview:-1"},"canonical":"https:\/\/musso.pet\/en\/p\/sweterek-dla-psa-caldo-verde-z-welny-merino\/","og_locale":"en_US","og_type":"article","og_title":"Sweter dla psa z we\u0142ny merino zielony Caldo Verde | MUSSO","og_description":"Sweter dla psa z we\u0142ny merino zielony MUSSO Caldo Verde. Ciep\u0142y i elegancki model dla ma\u0142ych ras, takich jak Pudel, Maltipoo czy Chihuahua.","og_url":"https:\/\/musso.pet\/en\/p\/sweterek-dla-psa-caldo-verde-z-welny-merino\/","og_site_name":"Musso","article_modified_time":"2026-04-11T17:47:42+00:00","og_image":[{"width":3840,"height":3840,"url":"https:\/\/musso.pet\/wp-content\/uploads\/2025\/09\/caldo-verde-scaled.jpg","type":"image\/jpeg"}],"twitter_card":"summary_large_image","twitter_misc":{"Est. reading time":"1 minute"},"schema":{"@context":"https:\/\/schema.org","@graph":[{"@type":"WebPage","@id":"https:\/\/musso.pet\/p\/sweterek-dla-psa-caldo-verde-z-welny-merino\/","url":"https:\/\/musso.pet\/p\/sweterek-dla-psa-caldo-verde-z-welny-merino\/","name":"Sweter dla psa z we\u0142ny merino zielony Caldo Verde | MUSSO","isPartOf":{"@id":"https:\/\/musso.pet\/#website"},"primaryImageOfPage":{"@id":"https:\/\/musso.pet\/p\/sweterek-dla-psa-caldo-verde-z-welny-merino\/#primaryimage"},"image":{"@id":"https:\/\/musso.pet\/p\/sweterek-dla-psa-caldo-verde-z-welny-merino\/#primaryimage"},"thumbnailUrl":"https:\/\/musso.pet\/wp-content\/uploads\/2025\/09\/caldo-verde-scaled.jpg","datePublished":"2025-09-14T15:35:09+00:00","dateModified":"2026-04-11T17:47:42+00:00","description":"Sweter dla psa z we\u0142ny merino zielony MUSSO Caldo Verde. Ciep\u0142y i elegancki model dla ma\u0142ych ras, takich jak Pudel, Maltipoo czy Chihuahua.","breadcrumb":{"@id":"https:\/\/musso.pet\/p\/sweterek-dla-psa-caldo-verde-z-welny-merino\/#breadcrumb"},"inLanguage":"en-US","potentialAction":[{"@type":"ReadAction","target":["https:\/\/musso.pet\/p\/sweterek-dla-psa-caldo-verde-z-welny-merino\/"]}]},{"@type":"ImageObject","inLanguage":"en-US","@id":"https:\/\/musso.pet\/p\/sweterek-dla-psa-caldo-verde-z-welny-merino\/#primaryimage","url":"https:\/\/musso.pet\/wp-content\/uploads\/2025\/09\/caldo-verde-scaled.jpg","contentUrl":"https:\/\/musso.pet\/wp-content\/uploads\/2025\/09\/caldo-verde-scaled.jpg","width":3840,"height":3840,"caption":"Sweterek dla psa Caldo Verde z we\u0142ny merino"},{"@type":"BreadcrumbList","@id":"https:\/\/musso.pet\/p\/sweterek-dla-psa-caldo-verde-z-welny-merino\/#breadcrumb","itemListElement":[{"@type":"ListItem","position":1,"name":"G\u0142\u00f3wna","item":"https:\/\/musso.pet\/"},{"@type":"ListItem","position":2,"name":"Sklep","item":"https:\/\/musso.pet\/s\/"},{"@type":"ListItem","position":3,"name":"Ubranka dla ps\u00f3w","item":"https:\/\/musso.pet\/cat\/ubranka-dla-psow\/"},{"@type":"ListItem","position":4,"name":"Sweterek dla psa Caldo Verde z we\u0142ny merino"}]},{"@type":"WebSite","@id":"https:\/\/musso.pet\/#website","url":"https:\/\/musso.pet\/","name":"Musso","description":"Designerskie akcesoria dla ps\u00f3w","publisher":{"@id":"https:\/\/musso.pet\/#organization"},"potentialAction":[{"@type":"SearchAction","target":{"@type":"EntryPoint","urlTemplate":"https:\/\/musso.pet\/?s={search_term_string}"},"query-input":{"@type":"PropertyValueSpecification","valueRequired":true,"valueName":"search_term_string"}}],"inLanguage":"en-US"},{"@type":"Organization","@id":"https:\/\/musso.pet\/#organization","name":"Musso","url":"https:\/\/musso.pet\/","logo":{"@type":"ImageObject","inLanguage":"en-US","@id":"https:\/\/musso.pet\/#\/schema\/logo\/image\/","url":"https:\/\/musso.pet\/wp-content\/uploads\/2023\/04\/musso-logo-v3.svg","contentUrl":"https:\/\/musso.pet\/wp-content\/uploads\/2023\/04\/musso-logo-v3.svg","width":212,"height":44,"caption":"Musso"},"image":{"@id":"https:\/\/musso.pet\/#\/schema\/logo\/image\/"}}]}},"_links":{"self":[{"href":"https:\/\/musso.pet\/en\/wp-json\/wp\/v2\/product\/4553","targetHints":{"allow":["GET"]}}],"collection":[{"href":"https:\/\/musso.pet\/en\/wp-json\/wp\/v2\/product"}],"about":[{"href":"https:\/\/musso.pet\/en\/wp-json\/wp\/v2\/types\/product"}],"author":[{"embeddable":true,"href":"https:\/\/musso.pet\/en\/wp-json\/wp\/v2\/users\/5"}],"replies":[{"embeddable":true,"href":"https:\/\/musso.pet\/en\/wp-json\/wp\/v2\/comments?post=4553"}],"wp:featuredmedia":[{"embeddable":true,"href":"https:\/\/musso.pet\/en\/wp-json\/wp\/v2\/media\/4561"}],"wp:attachment":[{"href":"https:\/\/musso.pet\/en\/wp-json\/wp\/v2\/media?parent=4553"}],"wp:term":[{"taxonomy":"product_brand","embeddable":true,"href":"https:\/\/musso.pet\/en\/wp-json\/wp\/v2\/product_brand?post=4553"},{"taxonomy":"product_cat","embeddable":true,"href":"https:\/\/musso.pet\/en\/wp-json\/wp\/v2\/product_cat?post=4553"},{"taxonomy":"product_tag","embeddable":true,"href":"https:\/\/musso.pet\/en\/wp-json\/wp\/v2\/product_tag?post=4553"},{"taxonomy":"brand","embeddable":true,"href":"https:\/\/musso.pet\/en\/wp-json\/wp\/v2\/brand?post=4553"}],"curies":[{"name":"wp","href":"https:\/\/api.w.org\/{rel}","templated":true}]}}