{"id":4544,"date":"2025-09-14T18:17:33","date_gmt":"2025-09-14T15:17:33","guid":{"rendered":"https:\/\/musso.pet\/?post_type=product&#038;p=4544"},"modified":"2026-03-31T16:57:39","modified_gmt":"2026-03-31T13:57:39","slug":"plaszczyk-przeciwdeszczowy-ocieplany-doppio-marrone","status":"publish","type":"product","link":"https:\/\/musso.pet\/en\/p\/plaszczyk-przeciwdeszczowy-ocieplany-doppio-marrone\/","title":{"rendered":"Doppio Marrone insulated raincoat"},"content":{"rendered":"<p data-start=\"204\" data-end=\"552\">The Doppio Marrone waterproof dog coat is a versatile choice for the transitional season, created with elegance and comfort in mind. Equipped with a practical, detachable lining insulated with soft fur, it can act as a light raincoat on warmer days or a comfortable, insulated jacket when it gets colder.<\/p>\n<p data-start=\"554\" data-end=\"684\">Thanks to its well-thought-out cut, the jacket is easy and quick to put on, making daily walks even more comfortable.<\/p>\n<p data-start=\"686\" data-end=\"1007\">The stylish check lining adds a unique touch to the overall look, and the refined cut effectively protects the tummy and chest from moisture. At the nape of the neck is a discreet opening that allows you to attach a leash to a harness or collar. Elastic bands on the back paws ensure stability of the coat during walks.<\/p>\n<p data-start=\"686\" data-end=\"1007\">Made in Italy.<\/p>\n<p data-start=\"1009\" data-end=\"1021\">Composition: 86% polyamide, 14% polyurethane, Inner side: 50% cotton, 50% polyester, Lining: 100% polyester, Insulation: 70% polyester, 30% acrylic.<\/p>\n<p data-start=\"1177\" data-end=\"1198\">See also other <a href=\"https:\/\/musso.pet\/en\/cat\/sweterki\/\">MUSSO dog sweaters<\/a> and a collection of <a href=\"https:\/\/musso.pet\/en\/cat\/ubranka-dla-psow\/\">dog clothes<\/a>.<\/p>","protected":false},"excerpt":{"rendered":"<p>The Doppio Marrone waterproof dog coat is a versatile choice for the transitional season, created with elegance and comfort in mind. Equipped with a practical, detachable lining insulated with soft fur, it can act as a light raincoat on warmer days or a comfortable, insulated jacket when it gets colder. Thanks to its clever cut, the jacket is easy and quick to put on, making [...]<\/p>","protected":false},"author":5,"featured_media":4550,"comment_status":"open","ping_status":"closed","template":"","meta":[],"product_brand":[],"product_cat":[117,124,68],"product_tag":[],"brand":[],"class_list":{"0":"post-4544","1":"product","2":"type-product","3":"status-publish","4":"has-post-thumbnail","6":"product_cat-kurtki-i-plaszcze","7":"product_cat-shop-the-look-doppio-vero-crema","8":"product_cat-ubranka-dla-psow","9":"pa_color-brazowy","10":"pa_rozmiar-xs","11":"pa_rozmiar-s","12":"pa_rozmiar-m","13":"pa_rozmiar-l","14":"pa_rozmiar-xl","16":"first","17":"instock","18":"taxable","19":"shipping-taxable","20":"purchasable","21":"product-type-variable","22":"wvs-archive-product-wrapper"},"yoast_head":"<!-- This site is optimized with the Yoast SEO plugin v25.6 - https:\/\/yoast.com\/wordpress\/plugins\/seo\/ -->\n<title>Wodoodporny p\u0142aszcz dla psa ocieplany Doppio Marrone | MUSSO<\/title>\n<meta name=\"description\" content=\"Wodoodporny p\u0142aszcz dla psa Doppio Marrone w br\u0105zowym kolorze. Ocieplany model na deszcz i ch\u0142odne dni dla Chihuahua, Yorkshire Terriera i Maltipoo.\" \/>\n<meta name=\"robots\" content=\"index, follow, max-snippet:-1, max-image-preview:large, max-video-preview:-1\" \/>\n<link rel=\"canonical\" href=\"https:\/\/musso.pet\/en\/p\/plaszczyk-przeciwdeszczowy-ocieplany-doppio-marrone\/\" \/>\n<meta property=\"og:locale\" content=\"en_US\" \/>\n<meta property=\"og:type\" content=\"article\" \/>\n<meta property=\"og:title\" content=\"Wodoodporny p\u0142aszcz dla psa ocieplany Doppio Marrone | MUSSO\" \/>\n<meta property=\"og:description\" content=\"Wodoodporny p\u0142aszcz dla psa Doppio Marrone w br\u0105zowym kolorze. Ocieplany model na deszcz i ch\u0142odne dni dla Chihuahua, Yorkshire Terriera i Maltipoo.\" \/>\n<meta property=\"og:url\" content=\"https:\/\/musso.pet\/en\/p\/plaszczyk-przeciwdeszczowy-ocieplany-doppio-marrone\/\" \/>\n<meta property=\"og:site_name\" content=\"Musso\" \/>\n<meta property=\"article:modified_time\" content=\"2026-03-31T13:57:39+00:00\" \/>\n<meta property=\"og:image\" content=\"https:\/\/musso.pet\/wp-content\/uploads\/2025\/09\/doppio-marrone-2-scaled.jpg\" \/>\n\t<meta property=\"og:image:width\" content=\"3840\" \/>\n\t<meta property=\"og:image:height\" content=\"3840\" \/>\n\t<meta property=\"og:image:type\" content=\"image\/jpeg\" \/>\n<meta name=\"twitter:card\" content=\"summary_large_image\" \/>\n<meta name=\"twitter:label1\" content=\"Est. reading time\" \/>\n\t<meta name=\"twitter:data1\" content=\"1 minute\" \/>\n<script type=\"application\/ld+json\" class=\"yoast-schema-graph\">{\"@context\":\"https:\/\/schema.org\",\"@graph\":[{\"@type\":\"WebPage\",\"@id\":\"https:\/\/musso.pet\/p\/plaszczyk-przeciwdeszczowy-ocieplany-doppio-marrone\/\",\"url\":\"https:\/\/musso.pet\/p\/plaszczyk-przeciwdeszczowy-ocieplany-doppio-marrone\/\",\"name\":\"Wodoodporny p\u0142aszcz dla psa ocieplany Doppio Marrone | MUSSO\",\"isPartOf\":{\"@id\":\"https:\/\/musso.pet\/#website\"},\"primaryImageOfPage\":{\"@id\":\"https:\/\/musso.pet\/p\/plaszczyk-przeciwdeszczowy-ocieplany-doppio-marrone\/#primaryimage\"},\"image\":{\"@id\":\"https:\/\/musso.pet\/p\/plaszczyk-przeciwdeszczowy-ocieplany-doppio-marrone\/#primaryimage\"},\"thumbnailUrl\":\"https:\/\/musso.pet\/wp-content\/uploads\/2025\/09\/doppio-marrone-2-scaled.jpg\",\"datePublished\":\"2025-09-14T15:17:33+00:00\",\"dateModified\":\"2026-03-31T13:57:39+00:00\",\"description\":\"Wodoodporny p\u0142aszcz dla psa Doppio Marrone w br\u0105zowym kolorze. Ocieplany model na deszcz i ch\u0142odne dni dla Chihuahua, Yorkshire Terriera i Maltipoo.\",\"breadcrumb\":{\"@id\":\"https:\/\/musso.pet\/p\/plaszczyk-przeciwdeszczowy-ocieplany-doppio-marrone\/#breadcrumb\"},\"inLanguage\":\"en-US\",\"potentialAction\":[{\"@type\":\"ReadAction\",\"target\":[\"https:\/\/musso.pet\/p\/plaszczyk-przeciwdeszczowy-ocieplany-doppio-marrone\/\"]}]},{\"@type\":\"ImageObject\",\"inLanguage\":\"en-US\",\"@id\":\"https:\/\/musso.pet\/p\/plaszczyk-przeciwdeszczowy-ocieplany-doppio-marrone\/#primaryimage\",\"url\":\"https:\/\/musso.pet\/wp-content\/uploads\/2025\/09\/doppio-marrone-2-scaled.jpg\",\"contentUrl\":\"https:\/\/musso.pet\/wp-content\/uploads\/2025\/09\/doppio-marrone-2-scaled.jpg\",\"width\":3840,\"height\":3840,\"caption\":\"Wodoodporny p\u0142aszcz dla psa Doppio Marrone\"},{\"@type\":\"BreadcrumbList\",\"@id\":\"https:\/\/musso.pet\/p\/plaszczyk-przeciwdeszczowy-ocieplany-doppio-marrone\/#breadcrumb\",\"itemListElement\":[{\"@type\":\"ListItem\",\"position\":1,\"name\":\"G\u0142\u00f3wna\",\"item\":\"https:\/\/musso.pet\/\"},{\"@type\":\"ListItem\",\"position\":2,\"name\":\"Sklep\",\"item\":\"https:\/\/musso.pet\/s\/\"},{\"@type\":\"ListItem\",\"position\":3,\"name\":\"Ubranka dla ps\u00f3w\",\"item\":\"https:\/\/musso.pet\/cat\/ubranka-dla-psow\/\"},{\"@type\":\"ListItem\",\"position\":4,\"name\":\"P\u0142aszczyk przeciwdeszczowy ocieplany Doppio Marrone\"}]},{\"@type\":\"WebSite\",\"@id\":\"https:\/\/musso.pet\/#website\",\"url\":\"https:\/\/musso.pet\/\",\"name\":\"Musso\",\"description\":\"Designerskie akcesoria dla ps\u00f3w\",\"publisher\":{\"@id\":\"https:\/\/musso.pet\/#organization\"},\"potentialAction\":[{\"@type\":\"SearchAction\",\"target\":{\"@type\":\"EntryPoint\",\"urlTemplate\":\"https:\/\/musso.pet\/?s={search_term_string}\"},\"query-input\":{\"@type\":\"PropertyValueSpecification\",\"valueRequired\":true,\"valueName\":\"search_term_string\"}}],\"inLanguage\":\"en-US\"},{\"@type\":\"Organization\",\"@id\":\"https:\/\/musso.pet\/#organization\",\"name\":\"Musso\",\"url\":\"https:\/\/musso.pet\/\",\"logo\":{\"@type\":\"ImageObject\",\"inLanguage\":\"en-US\",\"@id\":\"https:\/\/musso.pet\/#\/schema\/logo\/image\/\",\"url\":\"https:\/\/musso.pet\/wp-content\/uploads\/2023\/04\/musso-logo-v3.svg\",\"contentUrl\":\"https:\/\/musso.pet\/wp-content\/uploads\/2023\/04\/musso-logo-v3.svg\",\"width\":212,\"height\":44,\"caption\":\"Musso\"},\"image\":{\"@id\":\"https:\/\/musso.pet\/#\/schema\/logo\/image\/\"}}]}<\/script>\n<!-- \/ Yoast SEO plugin. -->","yoast_head_json":{"title":"Wodoodporny p\u0142aszcz dla psa ocieplany Doppio Marrone | MUSSO","description":"Wodoodporny p\u0142aszcz dla psa Doppio Marrone w br\u0105zowym kolorze. Ocieplany model na deszcz i ch\u0142odne dni dla Chihuahua, Yorkshire Terriera i Maltipoo.","robots":{"index":"index","follow":"follow","max-snippet":"max-snippet:-1","max-image-preview":"max-image-preview:large","max-video-preview":"max-video-preview:-1"},"canonical":"https:\/\/musso.pet\/en\/p\/plaszczyk-przeciwdeszczowy-ocieplany-doppio-marrone\/","og_locale":"en_US","og_type":"article","og_title":"Wodoodporny p\u0142aszcz dla psa ocieplany Doppio Marrone | MUSSO","og_description":"Wodoodporny p\u0142aszcz dla psa Doppio Marrone w br\u0105zowym kolorze. Ocieplany model na deszcz i ch\u0142odne dni dla Chihuahua, Yorkshire Terriera i Maltipoo.","og_url":"https:\/\/musso.pet\/en\/p\/plaszczyk-przeciwdeszczowy-ocieplany-doppio-marrone\/","og_site_name":"Musso","article_modified_time":"2026-03-31T13:57:39+00:00","og_image":[{"width":3840,"height":3840,"url":"https:\/\/musso.pet\/wp-content\/uploads\/2025\/09\/doppio-marrone-2-scaled.jpg","type":"image\/jpeg"}],"twitter_card":"summary_large_image","twitter_misc":{"Est. reading time":"1 minute"},"schema":{"@context":"https:\/\/schema.org","@graph":[{"@type":"WebPage","@id":"https:\/\/musso.pet\/p\/plaszczyk-przeciwdeszczowy-ocieplany-doppio-marrone\/","url":"https:\/\/musso.pet\/p\/plaszczyk-przeciwdeszczowy-ocieplany-doppio-marrone\/","name":"Wodoodporny p\u0142aszcz dla psa ocieplany Doppio Marrone | MUSSO","isPartOf":{"@id":"https:\/\/musso.pet\/#website"},"primaryImageOfPage":{"@id":"https:\/\/musso.pet\/p\/plaszczyk-przeciwdeszczowy-ocieplany-doppio-marrone\/#primaryimage"},"image":{"@id":"https:\/\/musso.pet\/p\/plaszczyk-przeciwdeszczowy-ocieplany-doppio-marrone\/#primaryimage"},"thumbnailUrl":"https:\/\/musso.pet\/wp-content\/uploads\/2025\/09\/doppio-marrone-2-scaled.jpg","datePublished":"2025-09-14T15:17:33+00:00","dateModified":"2026-03-31T13:57:39+00:00","description":"Wodoodporny p\u0142aszcz dla psa Doppio Marrone w br\u0105zowym kolorze. Ocieplany model na deszcz i ch\u0142odne dni dla Chihuahua, Yorkshire Terriera i Maltipoo.","breadcrumb":{"@id":"https:\/\/musso.pet\/p\/plaszczyk-przeciwdeszczowy-ocieplany-doppio-marrone\/#breadcrumb"},"inLanguage":"en-US","potentialAction":[{"@type":"ReadAction","target":["https:\/\/musso.pet\/p\/plaszczyk-przeciwdeszczowy-ocieplany-doppio-marrone\/"]}]},{"@type":"ImageObject","inLanguage":"en-US","@id":"https:\/\/musso.pet\/p\/plaszczyk-przeciwdeszczowy-ocieplany-doppio-marrone\/#primaryimage","url":"https:\/\/musso.pet\/wp-content\/uploads\/2025\/09\/doppio-marrone-2-scaled.jpg","contentUrl":"https:\/\/musso.pet\/wp-content\/uploads\/2025\/09\/doppio-marrone-2-scaled.jpg","width":3840,"height":3840,"caption":"Wodoodporny p\u0142aszcz dla psa Doppio Marrone"},{"@type":"BreadcrumbList","@id":"https:\/\/musso.pet\/p\/plaszczyk-przeciwdeszczowy-ocieplany-doppio-marrone\/#breadcrumb","itemListElement":[{"@type":"ListItem","position":1,"name":"G\u0142\u00f3wna","item":"https:\/\/musso.pet\/"},{"@type":"ListItem","position":2,"name":"Sklep","item":"https:\/\/musso.pet\/s\/"},{"@type":"ListItem","position":3,"name":"Ubranka dla ps\u00f3w","item":"https:\/\/musso.pet\/cat\/ubranka-dla-psow\/"},{"@type":"ListItem","position":4,"name":"P\u0142aszczyk przeciwdeszczowy ocieplany Doppio Marrone"}]},{"@type":"WebSite","@id":"https:\/\/musso.pet\/#website","url":"https:\/\/musso.pet\/","name":"Musso","description":"Designerskie akcesoria dla ps\u00f3w","publisher":{"@id":"https:\/\/musso.pet\/#organization"},"potentialAction":[{"@type":"SearchAction","target":{"@type":"EntryPoint","urlTemplate":"https:\/\/musso.pet\/?s={search_term_string}"},"query-input":{"@type":"PropertyValueSpecification","valueRequired":true,"valueName":"search_term_string"}}],"inLanguage":"en-US"},{"@type":"Organization","@id":"https:\/\/musso.pet\/#organization","name":"Musso","url":"https:\/\/musso.pet\/","logo":{"@type":"ImageObject","inLanguage":"en-US","@id":"https:\/\/musso.pet\/#\/schema\/logo\/image\/","url":"https:\/\/musso.pet\/wp-content\/uploads\/2023\/04\/musso-logo-v3.svg","contentUrl":"https:\/\/musso.pet\/wp-content\/uploads\/2023\/04\/musso-logo-v3.svg","width":212,"height":44,"caption":"Musso"},"image":{"@id":"https:\/\/musso.pet\/#\/schema\/logo\/image\/"}}]}},"_links":{"self":[{"href":"https:\/\/musso.pet\/en\/wp-json\/wp\/v2\/product\/4544","targetHints":{"allow":["GET"]}}],"collection":[{"href":"https:\/\/musso.pet\/en\/wp-json\/wp\/v2\/product"}],"about":[{"href":"https:\/\/musso.pet\/en\/wp-json\/wp\/v2\/types\/product"}],"author":[{"embeddable":true,"href":"https:\/\/musso.pet\/en\/wp-json\/wp\/v2\/users\/5"}],"replies":[{"embeddable":true,"href":"https:\/\/musso.pet\/en\/wp-json\/wp\/v2\/comments?post=4544"}],"wp:featuredmedia":[{"embeddable":true,"href":"https:\/\/musso.pet\/en\/wp-json\/wp\/v2\/media\/4550"}],"wp:attachment":[{"href":"https:\/\/musso.pet\/en\/wp-json\/wp\/v2\/media?parent=4544"}],"wp:term":[{"taxonomy":"product_brand","embeddable":true,"href":"https:\/\/musso.pet\/en\/wp-json\/wp\/v2\/product_brand?post=4544"},{"taxonomy":"product_cat","embeddable":true,"href":"https:\/\/musso.pet\/en\/wp-json\/wp\/v2\/product_cat?post=4544"},{"taxonomy":"product_tag","embeddable":true,"href":"https:\/\/musso.pet\/en\/wp-json\/wp\/v2\/product_tag?post=4544"},{"taxonomy":"brand","embeddable":true,"href":"https:\/\/musso.pet\/en\/wp-json\/wp\/v2\/brand?post=4544"}],"curies":[{"name":"wp","href":"https:\/\/api.w.org\/{rel}","templated":true}]}}