{"id":4533,"date":"2025-09-14T17:45:59","date_gmt":"2025-09-14T14:45:59","guid":{"rendered":"https:\/\/musso.pet\/?post_type=product&#038;p=4533"},"modified":"2026-03-30T20:31:08","modified_gmt":"2026-03-30T17:31:08","slug":"plaszczyk-przeciwdeszczowy-ocieplany-doppio-grigio","status":"publish","type":"product","link":"https:\/\/musso.pet\/en\/p\/plaszczyk-przeciwdeszczowy-ocieplany-doppio-grigio\/","title":{"rendered":"Doppio Grigio insulated raincoat"},"content":{"rendered":"<p data-start=\"3453\" data-end=\"3822\">Doppio Grigio waterproof dog coat is an elegant and functional choice for the transitional season. The model effectively protects against rain and moisture, ensuring comfort even during cold walks.<\/p>\n<p data-start=\"3824\" data-end=\"3954\">Thanks to its well-thought-out cut, the coat is easy and quick to put on, making daily walks even more comfortable.<\/p>\n<p data-start=\"3956\" data-end=\"4257\">A stylish plaid lining adds character, and the carefully designed cut protects the tummy and chest from moisture. There is a discreet opening at the neck to attach a leash to a harness or collar, and elastic bands on the back paws stabilize the whole thing during walks.<\/p>\n<p data-start=\"3956\" data-end=\"4257\">This waterproof dog coat will work well on rainy days as well as in windy weather.<\/p>\n<p data-start=\"686\" data-end=\"1007\">Made in Italy.<\/p>\n<p data-start=\"1009\" data-end=\"1021\">Composition: 86% polyamide, 14% polyurethane, Inner side: 50% cotton, 50% polyester, Lining: 100% polyester, Insulation: 70% polyester, 30% acrylic.<\/p>\n<p data-start=\"1009\" data-end=\"1021\">See also other <a href=\"https:\/\/musso.pet\/en\/cat\/sweterki\/\">MUSSO dog sweaters<\/a> and a collection of <a href=\"https:\/\/musso.pet\/en\/cat\/ubranka-dla-psow\/\">dog clothes<\/a>.<\/p>","protected":false},"excerpt":{"rendered":"<p>Doppio Grigio waterproof dog coat is an elegant and functional choice for the transitional season. The model effectively protects against rain and moisture, ensuring comfort even during cold walks. Thanks to the well-thought-out cut, the coat is easy and quick to put on, making everyday walks even more comfortable. The stylish check lining adds to its character, while the carefully designed [...]<\/p>","protected":false},"author":5,"featured_media":4539,"comment_status":"open","ping_status":"closed","template":"","meta":[],"product_brand":[],"product_cat":[117,68],"product_tag":[],"brand":[],"class_list":{"0":"post-4533","1":"product","2":"type-product","3":"status-publish","4":"has-post-thumbnail","6":"product_cat-kurtki-i-plaszcze","7":"product_cat-ubranka-dla-psow","8":"pa_color-szary","9":"pa_rozmiar-xs","10":"pa_rozmiar-s","11":"pa_rozmiar-m","12":"pa_rozmiar-l","13":"pa_rozmiar-xl","15":"first","16":"instock","17":"taxable","18":"shipping-taxable","19":"purchasable","20":"product-type-variable","21":"wvs-archive-product-wrapper"},"yoast_head":"<!-- This site is optimized with the Yoast SEO plugin v25.6 - https:\/\/yoast.com\/wordpress\/plugins\/seo\/ -->\n<title>Wodoodporny p\u0142aszcz dla psa ocieplany Doppio Grigio | MUSSO<\/title>\n<meta name=\"description\" content=\"Wodoodporny p\u0142aszcz dla psa Doppio Grigio w grafitowym kolorze. Ocieplany model na deszcz i ch\u0142odne dni dla Chihuahua, Yorkshire Terriera i Maltipoo.\" \/>\n<meta name=\"robots\" content=\"index, follow, max-snippet:-1, max-image-preview:large, max-video-preview:-1\" \/>\n<link rel=\"canonical\" href=\"https:\/\/musso.pet\/en\/p\/plaszczyk-przeciwdeszczowy-ocieplany-doppio-grigio\/\" \/>\n<meta property=\"og:locale\" content=\"en_US\" \/>\n<meta property=\"og:type\" content=\"article\" \/>\n<meta property=\"og:title\" content=\"Wodoodporny p\u0142aszcz dla psa ocieplany Doppio Grigio | MUSSO\" \/>\n<meta property=\"og:description\" content=\"Wodoodporny p\u0142aszcz dla psa Doppio Grigio w grafitowym kolorze. Ocieplany model na deszcz i ch\u0142odne dni dla Chihuahua, Yorkshire Terriera i Maltipoo.\" \/>\n<meta property=\"og:url\" content=\"https:\/\/musso.pet\/en\/p\/plaszczyk-przeciwdeszczowy-ocieplany-doppio-grigio\/\" \/>\n<meta property=\"og:site_name\" content=\"Musso\" \/>\n<meta property=\"article:modified_time\" content=\"2026-03-30T17:31:08+00:00\" \/>\n<meta property=\"og:image\" content=\"https:\/\/musso.pet\/wp-content\/uploads\/2025\/09\/doppio-grigio-2-scaled.jpg\" \/>\n\t<meta property=\"og:image:width\" content=\"3840\" \/>\n\t<meta property=\"og:image:height\" content=\"3840\" \/>\n\t<meta property=\"og:image:type\" content=\"image\/jpeg\" \/>\n<meta name=\"twitter:card\" content=\"summary_large_image\" \/>\n<meta name=\"twitter:label1\" content=\"Est. reading time\" \/>\n\t<meta name=\"twitter:data1\" content=\"1 minute\" \/>\n<script type=\"application\/ld+json\" class=\"yoast-schema-graph\">{\"@context\":\"https:\/\/schema.org\",\"@graph\":[{\"@type\":\"WebPage\",\"@id\":\"https:\/\/musso.pet\/p\/plaszczyk-przeciwdeszczowy-ocieplany-doppio-grigio\/\",\"url\":\"https:\/\/musso.pet\/p\/plaszczyk-przeciwdeszczowy-ocieplany-doppio-grigio\/\",\"name\":\"Wodoodporny p\u0142aszcz dla psa ocieplany Doppio Grigio | MUSSO\",\"isPartOf\":{\"@id\":\"https:\/\/musso.pet\/#website\"},\"primaryImageOfPage\":{\"@id\":\"https:\/\/musso.pet\/p\/plaszczyk-przeciwdeszczowy-ocieplany-doppio-grigio\/#primaryimage\"},\"image\":{\"@id\":\"https:\/\/musso.pet\/p\/plaszczyk-przeciwdeszczowy-ocieplany-doppio-grigio\/#primaryimage\"},\"thumbnailUrl\":\"https:\/\/musso.pet\/wp-content\/uploads\/2025\/09\/doppio-grigio-2-scaled.jpg\",\"datePublished\":\"2025-09-14T14:45:59+00:00\",\"dateModified\":\"2026-03-30T17:31:08+00:00\",\"description\":\"Wodoodporny p\u0142aszcz dla psa Doppio Grigio w grafitowym kolorze. Ocieplany model na deszcz i ch\u0142odne dni dla Chihuahua, Yorkshire Terriera i Maltipoo.\",\"breadcrumb\":{\"@id\":\"https:\/\/musso.pet\/p\/plaszczyk-przeciwdeszczowy-ocieplany-doppio-grigio\/#breadcrumb\"},\"inLanguage\":\"en-US\",\"potentialAction\":[{\"@type\":\"ReadAction\",\"target\":[\"https:\/\/musso.pet\/p\/plaszczyk-przeciwdeszczowy-ocieplany-doppio-grigio\/\"]}]},{\"@type\":\"ImageObject\",\"inLanguage\":\"en-US\",\"@id\":\"https:\/\/musso.pet\/p\/plaszczyk-przeciwdeszczowy-ocieplany-doppio-grigio\/#primaryimage\",\"url\":\"https:\/\/musso.pet\/wp-content\/uploads\/2025\/09\/doppio-grigio-2-scaled.jpg\",\"contentUrl\":\"https:\/\/musso.pet\/wp-content\/uploads\/2025\/09\/doppio-grigio-2-scaled.jpg\",\"width\":3840,\"height\":3840,\"caption\":\"Wodoodporny p\u0142aszcz dla psa Doppio Grigio\"},{\"@type\":\"BreadcrumbList\",\"@id\":\"https:\/\/musso.pet\/p\/plaszczyk-przeciwdeszczowy-ocieplany-doppio-grigio\/#breadcrumb\",\"itemListElement\":[{\"@type\":\"ListItem\",\"position\":1,\"name\":\"G\u0142\u00f3wna\",\"item\":\"https:\/\/musso.pet\/\"},{\"@type\":\"ListItem\",\"position\":2,\"name\":\"Sklep\",\"item\":\"https:\/\/musso.pet\/s\/\"},{\"@type\":\"ListItem\",\"position\":3,\"name\":\"Ubranka dla ps\u00f3w\",\"item\":\"https:\/\/musso.pet\/cat\/ubranka-dla-psow\/\"},{\"@type\":\"ListItem\",\"position\":4,\"name\":\"P\u0142aszczyk przeciwdeszczowy ocieplany Doppio Grigio\"}]},{\"@type\":\"WebSite\",\"@id\":\"https:\/\/musso.pet\/#website\",\"url\":\"https:\/\/musso.pet\/\",\"name\":\"Musso\",\"description\":\"Designerskie akcesoria dla ps\u00f3w\",\"publisher\":{\"@id\":\"https:\/\/musso.pet\/#organization\"},\"potentialAction\":[{\"@type\":\"SearchAction\",\"target\":{\"@type\":\"EntryPoint\",\"urlTemplate\":\"https:\/\/musso.pet\/?s={search_term_string}\"},\"query-input\":{\"@type\":\"PropertyValueSpecification\",\"valueRequired\":true,\"valueName\":\"search_term_string\"}}],\"inLanguage\":\"en-US\"},{\"@type\":\"Organization\",\"@id\":\"https:\/\/musso.pet\/#organization\",\"name\":\"Musso\",\"url\":\"https:\/\/musso.pet\/\",\"logo\":{\"@type\":\"ImageObject\",\"inLanguage\":\"en-US\",\"@id\":\"https:\/\/musso.pet\/#\/schema\/logo\/image\/\",\"url\":\"https:\/\/musso.pet\/wp-content\/uploads\/2023\/04\/musso-logo-v3.svg\",\"contentUrl\":\"https:\/\/musso.pet\/wp-content\/uploads\/2023\/04\/musso-logo-v3.svg\",\"width\":212,\"height\":44,\"caption\":\"Musso\"},\"image\":{\"@id\":\"https:\/\/musso.pet\/#\/schema\/logo\/image\/\"}}]}<\/script>\n<!-- \/ Yoast SEO plugin. -->","yoast_head_json":{"title":"Wodoodporny p\u0142aszcz dla psa ocieplany Doppio Grigio | MUSSO","description":"Wodoodporny p\u0142aszcz dla psa Doppio Grigio w grafitowym kolorze. Ocieplany model na deszcz i ch\u0142odne dni dla Chihuahua, Yorkshire Terriera i Maltipoo.","robots":{"index":"index","follow":"follow","max-snippet":"max-snippet:-1","max-image-preview":"max-image-preview:large","max-video-preview":"max-video-preview:-1"},"canonical":"https:\/\/musso.pet\/en\/p\/plaszczyk-przeciwdeszczowy-ocieplany-doppio-grigio\/","og_locale":"en_US","og_type":"article","og_title":"Wodoodporny p\u0142aszcz dla psa ocieplany Doppio Grigio | MUSSO","og_description":"Wodoodporny p\u0142aszcz dla psa Doppio Grigio w grafitowym kolorze. Ocieplany model na deszcz i ch\u0142odne dni dla Chihuahua, Yorkshire Terriera i Maltipoo.","og_url":"https:\/\/musso.pet\/en\/p\/plaszczyk-przeciwdeszczowy-ocieplany-doppio-grigio\/","og_site_name":"Musso","article_modified_time":"2026-03-30T17:31:08+00:00","og_image":[{"width":3840,"height":3840,"url":"https:\/\/musso.pet\/wp-content\/uploads\/2025\/09\/doppio-grigio-2-scaled.jpg","type":"image\/jpeg"}],"twitter_card":"summary_large_image","twitter_misc":{"Est. reading time":"1 minute"},"schema":{"@context":"https:\/\/schema.org","@graph":[{"@type":"WebPage","@id":"https:\/\/musso.pet\/p\/plaszczyk-przeciwdeszczowy-ocieplany-doppio-grigio\/","url":"https:\/\/musso.pet\/p\/plaszczyk-przeciwdeszczowy-ocieplany-doppio-grigio\/","name":"Wodoodporny p\u0142aszcz dla psa ocieplany Doppio Grigio | MUSSO","isPartOf":{"@id":"https:\/\/musso.pet\/#website"},"primaryImageOfPage":{"@id":"https:\/\/musso.pet\/p\/plaszczyk-przeciwdeszczowy-ocieplany-doppio-grigio\/#primaryimage"},"image":{"@id":"https:\/\/musso.pet\/p\/plaszczyk-przeciwdeszczowy-ocieplany-doppio-grigio\/#primaryimage"},"thumbnailUrl":"https:\/\/musso.pet\/wp-content\/uploads\/2025\/09\/doppio-grigio-2-scaled.jpg","datePublished":"2025-09-14T14:45:59+00:00","dateModified":"2026-03-30T17:31:08+00:00","description":"Wodoodporny p\u0142aszcz dla psa Doppio Grigio w grafitowym kolorze. Ocieplany model na deszcz i ch\u0142odne dni dla Chihuahua, Yorkshire Terriera i Maltipoo.","breadcrumb":{"@id":"https:\/\/musso.pet\/p\/plaszczyk-przeciwdeszczowy-ocieplany-doppio-grigio\/#breadcrumb"},"inLanguage":"en-US","potentialAction":[{"@type":"ReadAction","target":["https:\/\/musso.pet\/p\/plaszczyk-przeciwdeszczowy-ocieplany-doppio-grigio\/"]}]},{"@type":"ImageObject","inLanguage":"en-US","@id":"https:\/\/musso.pet\/p\/plaszczyk-przeciwdeszczowy-ocieplany-doppio-grigio\/#primaryimage","url":"https:\/\/musso.pet\/wp-content\/uploads\/2025\/09\/doppio-grigio-2-scaled.jpg","contentUrl":"https:\/\/musso.pet\/wp-content\/uploads\/2025\/09\/doppio-grigio-2-scaled.jpg","width":3840,"height":3840,"caption":"Wodoodporny p\u0142aszcz dla psa Doppio Grigio"},{"@type":"BreadcrumbList","@id":"https:\/\/musso.pet\/p\/plaszczyk-przeciwdeszczowy-ocieplany-doppio-grigio\/#breadcrumb","itemListElement":[{"@type":"ListItem","position":1,"name":"G\u0142\u00f3wna","item":"https:\/\/musso.pet\/"},{"@type":"ListItem","position":2,"name":"Sklep","item":"https:\/\/musso.pet\/s\/"},{"@type":"ListItem","position":3,"name":"Ubranka dla ps\u00f3w","item":"https:\/\/musso.pet\/cat\/ubranka-dla-psow\/"},{"@type":"ListItem","position":4,"name":"P\u0142aszczyk przeciwdeszczowy ocieplany Doppio Grigio"}]},{"@type":"WebSite","@id":"https:\/\/musso.pet\/#website","url":"https:\/\/musso.pet\/","name":"Musso","description":"Designerskie akcesoria dla ps\u00f3w","publisher":{"@id":"https:\/\/musso.pet\/#organization"},"potentialAction":[{"@type":"SearchAction","target":{"@type":"EntryPoint","urlTemplate":"https:\/\/musso.pet\/?s={search_term_string}"},"query-input":{"@type":"PropertyValueSpecification","valueRequired":true,"valueName":"search_term_string"}}],"inLanguage":"en-US"},{"@type":"Organization","@id":"https:\/\/musso.pet\/#organization","name":"Musso","url":"https:\/\/musso.pet\/","logo":{"@type":"ImageObject","inLanguage":"en-US","@id":"https:\/\/musso.pet\/#\/schema\/logo\/image\/","url":"https:\/\/musso.pet\/wp-content\/uploads\/2023\/04\/musso-logo-v3.svg","contentUrl":"https:\/\/musso.pet\/wp-content\/uploads\/2023\/04\/musso-logo-v3.svg","width":212,"height":44,"caption":"Musso"},"image":{"@id":"https:\/\/musso.pet\/#\/schema\/logo\/image\/"}}]}},"_links":{"self":[{"href":"https:\/\/musso.pet\/en\/wp-json\/wp\/v2\/product\/4533","targetHints":{"allow":["GET"]}}],"collection":[{"href":"https:\/\/musso.pet\/en\/wp-json\/wp\/v2\/product"}],"about":[{"href":"https:\/\/musso.pet\/en\/wp-json\/wp\/v2\/types\/product"}],"author":[{"embeddable":true,"href":"https:\/\/musso.pet\/en\/wp-json\/wp\/v2\/users\/5"}],"replies":[{"embeddable":true,"href":"https:\/\/musso.pet\/en\/wp-json\/wp\/v2\/comments?post=4533"}],"wp:featuredmedia":[{"embeddable":true,"href":"https:\/\/musso.pet\/en\/wp-json\/wp\/v2\/media\/4539"}],"wp:attachment":[{"href":"https:\/\/musso.pet\/en\/wp-json\/wp\/v2\/media?parent=4533"}],"wp:term":[{"taxonomy":"product_brand","embeddable":true,"href":"https:\/\/musso.pet\/en\/wp-json\/wp\/v2\/product_brand?post=4533"},{"taxonomy":"product_cat","embeddable":true,"href":"https:\/\/musso.pet\/en\/wp-json\/wp\/v2\/product_cat?post=4533"},{"taxonomy":"product_tag","embeddable":true,"href":"https:\/\/musso.pet\/en\/wp-json\/wp\/v2\/product_tag?post=4533"},{"taxonomy":"brand","embeddable":true,"href":"https:\/\/musso.pet\/en\/wp-json\/wp\/v2\/brand?post=4533"}],"curies":[{"name":"wp","href":"https:\/\/api.w.org\/{rel}","templated":true}]}}