{"id":4524,"date":"2025-09-14T16:50:43","date_gmt":"2025-09-14T13:50:43","guid":{"rendered":"https:\/\/musso.pet\/?post_type=product&#038;p=4524"},"modified":"2026-02-28T20:20:47","modified_gmt":"2026-02-28T17:20:47","slug":"kurtka-zimowa-dla-psa-puro-rosa","status":"publish","type":"product","link":"https:\/\/musso.pet\/en\/p\/kurtka-zimowa-dla-psa-puro-rosa\/","title":{"rendered":"Puro Rosa dog winter jacket"},"content":{"rendered":"<p data-start=\"1010\" data-end=\"1249\">The Puro Rosa dog winter jacket in a powder pink shade is an elegant and functional choice for colder days. The quilted form has soft fur on the inside, which wraps your pet in warmth and effectively protects against wind and moisture.<\/p>\n<p data-start=\"1251\" data-end=\"1609\">Thanks to the well-thought-out cut, the dog winter jacket is easy to put on and does not restrict movement during walks. The model covers the tummy and chest, providing additional thermal protection in the autumn-winter season. A detachable hood allows you to adjust the jacket to the weather, and a discreet opening at the neck allows you to conveniently attach a leash to a harness or collar.<\/p>\n<p data-start=\"1611\" data-end=\"1814\">Elastic bands stabilize the model during movement, so the jacket stays in place even on more vigorous walks. The lightweight design provides freedom and comfort throughout the day.<\/p>\n<p data-start=\"3236\" data-end=\"3334\">Made in Italy.<\/p>\n<p data-start=\"3336\" data-end=\"3385\">Composition: 100% polyester<\/p>\n<p data-start=\"3336\" data-end=\"3385\">See also other\u00a0<a href=\"https:\/\/musso.pet\/en\/cat\/sweterki\/\">MUSSO dog sweaters<\/a>\u00a0and a collection of\u00a0<a href=\"https:\/\/musso.pet\/en\/cat\/ubranka-dla-psow\/\">dog clothes<\/a>.<\/p>","protected":false},"excerpt":{"rendered":"<p>The Puro Rosa dog winter jacket in a powder pink shade is an elegant and functional choice for colder days. The quilted form has soft fur on the inside, which wraps your pet in warmth and effectively protects against wind and moisture. Thanks to the well-thought-out cut, the dog winter jacket is easy to put on and does not restrict movement during walks. The model covers the belly [...].<\/p>","protected":false},"author":5,"featured_media":4530,"comment_status":"open","ping_status":"closed","template":"","meta":[],"product_brand":[],"product_cat":[119,68],"product_tag":[],"brand":[],"class_list":{"0":"post-4524","1":"product","2":"type-product","3":"status-publish","4":"has-post-thumbnail","6":"product_cat-winter-sale","7":"product_cat-ubranka-dla-psow","8":"pa_color-rozowy","9":"pa_rozmiar-xs","10":"pa_rozmiar-s","11":"pa_rozmiar-m","12":"pa_rozmiar-l","13":"pa_rozmiar-xl","15":"first","16":"instock","17":"sale","18":"taxable","19":"shipping-taxable","20":"purchasable","21":"product-type-variable","22":"wvs-archive-product-wrapper"},"yoast_head":"<!-- This site is optimized with the Yoast SEO plugin v25.6 - https:\/\/yoast.com\/wordpress\/plugins\/seo\/ -->\n<title>Kurtka zimowa dla psa r\u00f3\u017cowa Puro Rosa | MUSSO<\/title>\n<meta name=\"description\" content=\"Kurtka zimowa dla psa Puro Rosa w pudrowym r\u00f3\u017cu. Pikowana, lekka i ciep\u0142a. Idealna dla Chihuahua, Yorkshire Terriera, Maltipoo, Pudelka i Shih Tzu.\" \/>\n<meta name=\"robots\" content=\"index, follow, max-snippet:-1, max-image-preview:large, max-video-preview:-1\" \/>\n<link rel=\"canonical\" href=\"https:\/\/musso.pet\/en\/p\/kurtka-zimowa-dla-psa-puro-rosa\/\" \/>\n<meta property=\"og:locale\" content=\"en_US\" \/>\n<meta property=\"og:type\" content=\"article\" \/>\n<meta property=\"og:title\" content=\"Kurtka zimowa dla psa r\u00f3\u017cowa Puro Rosa | MUSSO\" \/>\n<meta property=\"og:description\" content=\"Kurtka zimowa dla psa Puro Rosa w pudrowym r\u00f3\u017cu. Pikowana, lekka i ciep\u0142a. Idealna dla Chihuahua, Yorkshire Terriera, Maltipoo, Pudelka i Shih Tzu.\" \/>\n<meta property=\"og:url\" content=\"https:\/\/musso.pet\/en\/p\/kurtka-zimowa-dla-psa-puro-rosa\/\" \/>\n<meta property=\"og:site_name\" content=\"Musso\" \/>\n<meta property=\"article:modified_time\" content=\"2026-02-28T17:20:47+00:00\" \/>\n<meta property=\"og:image\" content=\"https:\/\/musso.pet\/wp-content\/uploads\/2025\/09\/puro-rosa-2-scaled.jpg\" \/>\n\t<meta property=\"og:image:width\" content=\"3840\" \/>\n\t<meta property=\"og:image:height\" content=\"3840\" \/>\n\t<meta property=\"og:image:type\" content=\"image\/jpeg\" \/>\n<meta name=\"twitter:card\" content=\"summary_large_image\" \/>\n<meta name=\"twitter:label1\" content=\"Est. reading time\" \/>\n\t<meta name=\"twitter:data1\" content=\"1 minute\" \/>\n<script type=\"application\/ld+json\" class=\"yoast-schema-graph\">{\"@context\":\"https:\/\/schema.org\",\"@graph\":[{\"@type\":\"WebPage\",\"@id\":\"https:\/\/musso.pet\/p\/kurtka-zimowa-dla-psa-puro-rosa\/\",\"url\":\"https:\/\/musso.pet\/p\/kurtka-zimowa-dla-psa-puro-rosa\/\",\"name\":\"Kurtka zimowa dla psa r\u00f3\u017cowa Puro Rosa | MUSSO\",\"isPartOf\":{\"@id\":\"https:\/\/musso.pet\/#website\"},\"primaryImageOfPage\":{\"@id\":\"https:\/\/musso.pet\/p\/kurtka-zimowa-dla-psa-puro-rosa\/#primaryimage\"},\"image\":{\"@id\":\"https:\/\/musso.pet\/p\/kurtka-zimowa-dla-psa-puro-rosa\/#primaryimage\"},\"thumbnailUrl\":\"https:\/\/musso.pet\/wp-content\/uploads\/2025\/09\/puro-rosa-2-scaled.jpg\",\"datePublished\":\"2025-09-14T13:50:43+00:00\",\"dateModified\":\"2026-02-28T17:20:47+00:00\",\"description\":\"Kurtka zimowa dla psa Puro Rosa w pudrowym r\u00f3\u017cu. Pikowana, lekka i ciep\u0142a. Idealna dla Chihuahua, Yorkshire Terriera, Maltipoo, Pudelka i Shih Tzu.\",\"breadcrumb\":{\"@id\":\"https:\/\/musso.pet\/p\/kurtka-zimowa-dla-psa-puro-rosa\/#breadcrumb\"},\"inLanguage\":\"en-US\",\"potentialAction\":[{\"@type\":\"ReadAction\",\"target\":[\"https:\/\/musso.pet\/p\/kurtka-zimowa-dla-psa-puro-rosa\/\"]}]},{\"@type\":\"ImageObject\",\"inLanguage\":\"en-US\",\"@id\":\"https:\/\/musso.pet\/p\/kurtka-zimowa-dla-psa-puro-rosa\/#primaryimage\",\"url\":\"https:\/\/musso.pet\/wp-content\/uploads\/2025\/09\/puro-rosa-2-scaled.jpg\",\"contentUrl\":\"https:\/\/musso.pet\/wp-content\/uploads\/2025\/09\/puro-rosa-2-scaled.jpg\",\"width\":3840,\"height\":3840,\"caption\":\"Kurtka zimowa dla psa Puro Rosa\"},{\"@type\":\"BreadcrumbList\",\"@id\":\"https:\/\/musso.pet\/p\/kurtka-zimowa-dla-psa-puro-rosa\/#breadcrumb\",\"itemListElement\":[{\"@type\":\"ListItem\",\"position\":1,\"name\":\"G\u0142\u00f3wna\",\"item\":\"https:\/\/musso.pet\/\"},{\"@type\":\"ListItem\",\"position\":2,\"name\":\"Sklep\",\"item\":\"https:\/\/musso.pet\/s\/\"},{\"@type\":\"ListItem\",\"position\":3,\"name\":\"Ubranka dla ps\u00f3w\",\"item\":\"https:\/\/musso.pet\/cat\/ubranka-dla-psow\/\"},{\"@type\":\"ListItem\",\"position\":4,\"name\":\"Kurtka zimowa dla psa Puro Rosa\"}]},{\"@type\":\"WebSite\",\"@id\":\"https:\/\/musso.pet\/#website\",\"url\":\"https:\/\/musso.pet\/\",\"name\":\"Musso\",\"description\":\"Designerskie akcesoria dla ps\u00f3w\",\"publisher\":{\"@id\":\"https:\/\/musso.pet\/#organization\"},\"potentialAction\":[{\"@type\":\"SearchAction\",\"target\":{\"@type\":\"EntryPoint\",\"urlTemplate\":\"https:\/\/musso.pet\/?s={search_term_string}\"},\"query-input\":{\"@type\":\"PropertyValueSpecification\",\"valueRequired\":true,\"valueName\":\"search_term_string\"}}],\"inLanguage\":\"en-US\"},{\"@type\":\"Organization\",\"@id\":\"https:\/\/musso.pet\/#organization\",\"name\":\"Musso\",\"url\":\"https:\/\/musso.pet\/\",\"logo\":{\"@type\":\"ImageObject\",\"inLanguage\":\"en-US\",\"@id\":\"https:\/\/musso.pet\/#\/schema\/logo\/image\/\",\"url\":\"https:\/\/musso.pet\/wp-content\/uploads\/2023\/04\/musso-logo-v3.svg\",\"contentUrl\":\"https:\/\/musso.pet\/wp-content\/uploads\/2023\/04\/musso-logo-v3.svg\",\"width\":212,\"height\":44,\"caption\":\"Musso\"},\"image\":{\"@id\":\"https:\/\/musso.pet\/#\/schema\/logo\/image\/\"}}]}<\/script>\n<!-- \/ Yoast SEO plugin. -->","yoast_head_json":{"title":"Kurtka zimowa dla psa r\u00f3\u017cowa Puro Rosa | MUSSO","description":"Kurtka zimowa dla psa Puro Rosa w pudrowym r\u00f3\u017cu. Pikowana, lekka i ciep\u0142a. Idealna dla Chihuahua, Yorkshire Terriera, Maltipoo, Pudelka i Shih Tzu.","robots":{"index":"index","follow":"follow","max-snippet":"max-snippet:-1","max-image-preview":"max-image-preview:large","max-video-preview":"max-video-preview:-1"},"canonical":"https:\/\/musso.pet\/en\/p\/kurtka-zimowa-dla-psa-puro-rosa\/","og_locale":"en_US","og_type":"article","og_title":"Kurtka zimowa dla psa r\u00f3\u017cowa Puro Rosa | MUSSO","og_description":"Kurtka zimowa dla psa Puro Rosa w pudrowym r\u00f3\u017cu. Pikowana, lekka i ciep\u0142a. Idealna dla Chihuahua, Yorkshire Terriera, Maltipoo, Pudelka i Shih Tzu.","og_url":"https:\/\/musso.pet\/en\/p\/kurtka-zimowa-dla-psa-puro-rosa\/","og_site_name":"Musso","article_modified_time":"2026-02-28T17:20:47+00:00","og_image":[{"width":3840,"height":3840,"url":"https:\/\/musso.pet\/wp-content\/uploads\/2025\/09\/puro-rosa-2-scaled.jpg","type":"image\/jpeg"}],"twitter_card":"summary_large_image","twitter_misc":{"Est. reading time":"1 minute"},"schema":{"@context":"https:\/\/schema.org","@graph":[{"@type":"WebPage","@id":"https:\/\/musso.pet\/p\/kurtka-zimowa-dla-psa-puro-rosa\/","url":"https:\/\/musso.pet\/p\/kurtka-zimowa-dla-psa-puro-rosa\/","name":"Kurtka zimowa dla psa r\u00f3\u017cowa Puro Rosa | MUSSO","isPartOf":{"@id":"https:\/\/musso.pet\/#website"},"primaryImageOfPage":{"@id":"https:\/\/musso.pet\/p\/kurtka-zimowa-dla-psa-puro-rosa\/#primaryimage"},"image":{"@id":"https:\/\/musso.pet\/p\/kurtka-zimowa-dla-psa-puro-rosa\/#primaryimage"},"thumbnailUrl":"https:\/\/musso.pet\/wp-content\/uploads\/2025\/09\/puro-rosa-2-scaled.jpg","datePublished":"2025-09-14T13:50:43+00:00","dateModified":"2026-02-28T17:20:47+00:00","description":"Kurtka zimowa dla psa Puro Rosa w pudrowym r\u00f3\u017cu. Pikowana, lekka i ciep\u0142a. Idealna dla Chihuahua, Yorkshire Terriera, Maltipoo, Pudelka i Shih Tzu.","breadcrumb":{"@id":"https:\/\/musso.pet\/p\/kurtka-zimowa-dla-psa-puro-rosa\/#breadcrumb"},"inLanguage":"en-US","potentialAction":[{"@type":"ReadAction","target":["https:\/\/musso.pet\/p\/kurtka-zimowa-dla-psa-puro-rosa\/"]}]},{"@type":"ImageObject","inLanguage":"en-US","@id":"https:\/\/musso.pet\/p\/kurtka-zimowa-dla-psa-puro-rosa\/#primaryimage","url":"https:\/\/musso.pet\/wp-content\/uploads\/2025\/09\/puro-rosa-2-scaled.jpg","contentUrl":"https:\/\/musso.pet\/wp-content\/uploads\/2025\/09\/puro-rosa-2-scaled.jpg","width":3840,"height":3840,"caption":"Kurtka zimowa dla psa Puro Rosa"},{"@type":"BreadcrumbList","@id":"https:\/\/musso.pet\/p\/kurtka-zimowa-dla-psa-puro-rosa\/#breadcrumb","itemListElement":[{"@type":"ListItem","position":1,"name":"G\u0142\u00f3wna","item":"https:\/\/musso.pet\/"},{"@type":"ListItem","position":2,"name":"Sklep","item":"https:\/\/musso.pet\/s\/"},{"@type":"ListItem","position":3,"name":"Ubranka dla ps\u00f3w","item":"https:\/\/musso.pet\/cat\/ubranka-dla-psow\/"},{"@type":"ListItem","position":4,"name":"Kurtka zimowa dla psa Puro Rosa"}]},{"@type":"WebSite","@id":"https:\/\/musso.pet\/#website","url":"https:\/\/musso.pet\/","name":"Musso","description":"Designerskie akcesoria dla ps\u00f3w","publisher":{"@id":"https:\/\/musso.pet\/#organization"},"potentialAction":[{"@type":"SearchAction","target":{"@type":"EntryPoint","urlTemplate":"https:\/\/musso.pet\/?s={search_term_string}"},"query-input":{"@type":"PropertyValueSpecification","valueRequired":true,"valueName":"search_term_string"}}],"inLanguage":"en-US"},{"@type":"Organization","@id":"https:\/\/musso.pet\/#organization","name":"Musso","url":"https:\/\/musso.pet\/","logo":{"@type":"ImageObject","inLanguage":"en-US","@id":"https:\/\/musso.pet\/#\/schema\/logo\/image\/","url":"https:\/\/musso.pet\/wp-content\/uploads\/2023\/04\/musso-logo-v3.svg","contentUrl":"https:\/\/musso.pet\/wp-content\/uploads\/2023\/04\/musso-logo-v3.svg","width":212,"height":44,"caption":"Musso"},"image":{"@id":"https:\/\/musso.pet\/#\/schema\/logo\/image\/"}}]}},"_links":{"self":[{"href":"https:\/\/musso.pet\/en\/wp-json\/wp\/v2\/product\/4524","targetHints":{"allow":["GET"]}}],"collection":[{"href":"https:\/\/musso.pet\/en\/wp-json\/wp\/v2\/product"}],"about":[{"href":"https:\/\/musso.pet\/en\/wp-json\/wp\/v2\/types\/product"}],"author":[{"embeddable":true,"href":"https:\/\/musso.pet\/en\/wp-json\/wp\/v2\/users\/5"}],"replies":[{"embeddable":true,"href":"https:\/\/musso.pet\/en\/wp-json\/wp\/v2\/comments?post=4524"}],"wp:featuredmedia":[{"embeddable":true,"href":"https:\/\/musso.pet\/en\/wp-json\/wp\/v2\/media\/4530"}],"wp:attachment":[{"href":"https:\/\/musso.pet\/en\/wp-json\/wp\/v2\/media?parent=4524"}],"wp:term":[{"taxonomy":"product_brand","embeddable":true,"href":"https:\/\/musso.pet\/en\/wp-json\/wp\/v2\/product_brand?post=4524"},{"taxonomy":"product_cat","embeddable":true,"href":"https:\/\/musso.pet\/en\/wp-json\/wp\/v2\/product_cat?post=4524"},{"taxonomy":"product_tag","embeddable":true,"href":"https:\/\/musso.pet\/en\/wp-json\/wp\/v2\/product_tag?post=4524"},{"taxonomy":"brand","embeddable":true,"href":"https:\/\/musso.pet\/en\/wp-json\/wp\/v2\/brand?post=4524"}],"curies":[{"name":"wp","href":"https:\/\/api.w.org\/{rel}","templated":true}]}}