{"id":4484,"date":"2025-09-12T17:58:23","date_gmt":"2025-09-12T14:58:23","guid":{"rendered":"https:\/\/musso.pet\/?post_type=product&#038;p=4484"},"modified":"2026-04-20T13:02:51","modified_gmt":"2026-04-20T10:02:51","slug":"kurtka-zimowa-dla-psa-stella-taupe","status":"publish","type":"product","link":"https:\/\/musso.pet\/en\/p\/kurtka-zimowa-dla-psa-stella-taupe\/","title":{"rendered":"Dog winter jacket Stella Taupe"},"content":{"rendered":"<p data-start=\"1168\" data-end=\"1408\">The Stella Taupe dog winter jacket combines elegance with functionality for colder days. The quilted form with a subtle geometric pattern gives the whole thing a sophisticated touch, while the soft fur on the inside effectively wraps your pet in warmth.<\/p>\n<p data-start=\"1410\" data-end=\"1760\">Thanks to its well-thought-out cut, the dog winter jacket is easy to put on and does not restrict movement during walks. The model covers the chest and tummy, providing additional protection from the cold. A fixed fur collar increases thermal comfort, and a discreet opening at the nape of the neck allows convenient attachment of a leash to a harness or collar.<\/p>\n<p data-start=\"1762\" data-end=\"1842\">Elastic bands stabilize the model even during more dynamic walks.<\/p>\n<p data-start=\"1036\" data-end=\"1085\">Made in Italy.<\/p>\n<p data-start=\"1036\" data-end=\"1085\">Composition: 100% polyester<\/p>\n<p data-start=\"1036\" data-end=\"1085\">See also other\u00a0<a href=\"https:\/\/musso.pet\/en\/cat\/sweterki\/\">MUSSO dog sweaters<\/a>\u00a0and a collection of\u00a0<a href=\"https:\/\/musso.pet\/en\/cat\/ubranka-dla-psow\/\">dog clothes<\/a>.<\/p>","protected":false},"excerpt":{"rendered":"<p>Kurtka zimowa dla psa Stella Taupe \u0142\u0105czy elegancj\u0119 z funkcjonalno\u015bci\u0105 na ch\u0142odniejsze dni. Pikowana forma z subtelnym geometrycznym wzorem nadaje ca\u0142o\u015bci wyrafinowany charakter, a mi\u0119kkie futerko od wewn\u0105trz skutecznie otula pupila ciep\u0142em. Dzi\u0119ki przemy\u015blanemu krojowi kurtka zimowa dla psa \u0142atwo si\u0119 zak\u0142ada i nie ogranicza swobody ruch\u00f3w podczas spacer\u00f3w. Model os\u0142ania klatk\u0119 piersiow\u0105 oraz brzuszek, [&hellip;]<\/p>","protected":false},"author":5,"featured_media":4760,"comment_status":"open","ping_status":"closed","template":"","meta":[],"product_brand":[],"product_cat":[119,68],"product_tag":[],"brand":[],"class_list":{"0":"post-4484","1":"product","2":"type-product","3":"status-publish","4":"has-post-thumbnail","6":"product_cat-winter-sale","7":"product_cat-ubranka-dla-psow","8":"pa_color-brazowy","9":"pa_rozmiar-xs","10":"pa_rozmiar-xs-s","11":"pa_rozmiar-s","12":"pa_rozmiar-s-m","13":"pa_rozmiar-m","14":"pa_rozmiar-l","15":"pa_rozmiar-l-xl","16":"pa_rozmiar-xl","18":"first","19":"instock","20":"sale","21":"taxable","22":"shipping-taxable","23":"purchasable","24":"product-type-variable","25":"wvs-archive-product-wrapper"},"yoast_head":"<!-- This site is optimized with the Yoast SEO plugin v25.6 - https:\/\/yoast.com\/wordpress\/plugins\/seo\/ -->\n<title>Kurtka zimowa dla psa br\u0105zowa Stella Taupe | MUSSO<\/title>\n<meta name=\"description\" content=\"Kurtka zimowa dla psa Stella Taupe w eleganckim br\u0105zowym odcieniu. Ciep\u0142y model dla Chihuahua, Yorkshire Terriera, Maltipoo i Malta\u0144czyka.\" \/>\n<meta name=\"robots\" content=\"index, follow, max-snippet:-1, max-image-preview:large, max-video-preview:-1\" \/>\n<link rel=\"canonical\" href=\"https:\/\/musso.pet\/en\/p\/kurtka-zimowa-dla-psa-stella-taupe\/\" \/>\n<meta property=\"og:locale\" content=\"en_US\" \/>\n<meta property=\"og:type\" content=\"article\" \/>\n<meta property=\"og:title\" content=\"Kurtka zimowa dla psa br\u0105zowa Stella Taupe | MUSSO\" \/>\n<meta property=\"og:description\" content=\"Kurtka zimowa dla psa Stella Taupe w eleganckim br\u0105zowym odcieniu. Ciep\u0142y model dla Chihuahua, Yorkshire Terriera, Maltipoo i Malta\u0144czyka.\" \/>\n<meta property=\"og:url\" content=\"https:\/\/musso.pet\/en\/p\/kurtka-zimowa-dla-psa-stella-taupe\/\" \/>\n<meta property=\"og:site_name\" content=\"Musso\" \/>\n<meta property=\"article:modified_time\" content=\"2026-04-20T10:02:51+00:00\" \/>\n<meta property=\"og:image\" content=\"https:\/\/musso.pet\/wp-content\/uploads\/2025\/09\/kopija-18-5-1024x1024.jpg\" \/>\n\t<meta property=\"og:image:width\" content=\"1024\" \/>\n\t<meta property=\"og:image:height\" content=\"1024\" \/>\n\t<meta property=\"og:image:type\" content=\"image\/jpeg\" \/>\n<meta name=\"twitter:card\" content=\"summary_large_image\" \/>\n<meta name=\"twitter:label1\" content=\"Est. reading time\" \/>\n\t<meta name=\"twitter:data1\" content=\"1 minute\" \/>\n<script type=\"application\/ld+json\" class=\"yoast-schema-graph\">{\"@context\":\"https:\/\/schema.org\",\"@graph\":[{\"@type\":\"WebPage\",\"@id\":\"https:\/\/musso.pet\/p\/kurtka-zimowa-dla-psa-stella-taupe\/\",\"url\":\"https:\/\/musso.pet\/p\/kurtka-zimowa-dla-psa-stella-taupe\/\",\"name\":\"Kurtka zimowa dla psa br\u0105zowa Stella Taupe | MUSSO\",\"isPartOf\":{\"@id\":\"https:\/\/musso.pet\/#website\"},\"primaryImageOfPage\":{\"@id\":\"https:\/\/musso.pet\/p\/kurtka-zimowa-dla-psa-stella-taupe\/#primaryimage\"},\"image\":{\"@id\":\"https:\/\/musso.pet\/p\/kurtka-zimowa-dla-psa-stella-taupe\/#primaryimage\"},\"thumbnailUrl\":\"https:\/\/musso.pet\/wp-content\/uploads\/2025\/09\/kopija-18-5.jpg\",\"datePublished\":\"2025-09-12T14:58:23+00:00\",\"dateModified\":\"2026-04-20T10:02:51+00:00\",\"description\":\"Kurtka zimowa dla psa Stella Taupe w eleganckim br\u0105zowym odcieniu. Ciep\u0142y model dla Chihuahua, Yorkshire Terriera, Maltipoo i Malta\u0144czyka.\",\"breadcrumb\":{\"@id\":\"https:\/\/musso.pet\/p\/kurtka-zimowa-dla-psa-stella-taupe\/#breadcrumb\"},\"inLanguage\":\"en-US\",\"potentialAction\":[{\"@type\":\"ReadAction\",\"target\":[\"https:\/\/musso.pet\/p\/kurtka-zimowa-dla-psa-stella-taupe\/\"]}]},{\"@type\":\"ImageObject\",\"inLanguage\":\"en-US\",\"@id\":\"https:\/\/musso.pet\/p\/kurtka-zimowa-dla-psa-stella-taupe\/#primaryimage\",\"url\":\"https:\/\/musso.pet\/wp-content\/uploads\/2025\/09\/kopija-18-5.jpg\",\"contentUrl\":\"https:\/\/musso.pet\/wp-content\/uploads\/2025\/09\/kopija-18-5.jpg\",\"width\":3424,\"height\":3424,\"caption\":\"Kurtka zimowa dla psa Stella Taupe\"},{\"@type\":\"BreadcrumbList\",\"@id\":\"https:\/\/musso.pet\/p\/kurtka-zimowa-dla-psa-stella-taupe\/#breadcrumb\",\"itemListElement\":[{\"@type\":\"ListItem\",\"position\":1,\"name\":\"G\u0142\u00f3wna\",\"item\":\"https:\/\/musso.pet\/\"},{\"@type\":\"ListItem\",\"position\":2,\"name\":\"Sklep\",\"item\":\"https:\/\/musso.pet\/s\/\"},{\"@type\":\"ListItem\",\"position\":3,\"name\":\"Ubranka dla ps\u00f3w\",\"item\":\"https:\/\/musso.pet\/cat\/ubranka-dla-psow\/\"},{\"@type\":\"ListItem\",\"position\":4,\"name\":\"Kurtka zimowa dla psa Stella Taupe\"}]},{\"@type\":\"WebSite\",\"@id\":\"https:\/\/musso.pet\/#website\",\"url\":\"https:\/\/musso.pet\/\",\"name\":\"Musso\",\"description\":\"Designerskie akcesoria dla ps\u00f3w\",\"publisher\":{\"@id\":\"https:\/\/musso.pet\/#organization\"},\"potentialAction\":[{\"@type\":\"SearchAction\",\"target\":{\"@type\":\"EntryPoint\",\"urlTemplate\":\"https:\/\/musso.pet\/?s={search_term_string}\"},\"query-input\":{\"@type\":\"PropertyValueSpecification\",\"valueRequired\":true,\"valueName\":\"search_term_string\"}}],\"inLanguage\":\"en-US\"},{\"@type\":\"Organization\",\"@id\":\"https:\/\/musso.pet\/#organization\",\"name\":\"Musso\",\"url\":\"https:\/\/musso.pet\/\",\"logo\":{\"@type\":\"ImageObject\",\"inLanguage\":\"en-US\",\"@id\":\"https:\/\/musso.pet\/#\/schema\/logo\/image\/\",\"url\":\"https:\/\/musso.pet\/wp-content\/uploads\/2023\/04\/musso-logo-v3.svg\",\"contentUrl\":\"https:\/\/musso.pet\/wp-content\/uploads\/2023\/04\/musso-logo-v3.svg\",\"width\":212,\"height\":44,\"caption\":\"Musso\"},\"image\":{\"@id\":\"https:\/\/musso.pet\/#\/schema\/logo\/image\/\"}}]}<\/script>\n<!-- \/ Yoast SEO plugin. -->","yoast_head_json":{"title":"Kurtka zimowa dla psa br\u0105zowa Stella Taupe | MUSSO","description":"Kurtka zimowa dla psa Stella Taupe w eleganckim br\u0105zowym odcieniu. Ciep\u0142y model dla Chihuahua, Yorkshire Terriera, Maltipoo i Malta\u0144czyka.","robots":{"index":"index","follow":"follow","max-snippet":"max-snippet:-1","max-image-preview":"max-image-preview:large","max-video-preview":"max-video-preview:-1"},"canonical":"https:\/\/musso.pet\/en\/p\/kurtka-zimowa-dla-psa-stella-taupe\/","og_locale":"en_US","og_type":"article","og_title":"Kurtka zimowa dla psa br\u0105zowa Stella Taupe | MUSSO","og_description":"Kurtka zimowa dla psa Stella Taupe w eleganckim br\u0105zowym odcieniu. Ciep\u0142y model dla Chihuahua, Yorkshire Terriera, Maltipoo i Malta\u0144czyka.","og_url":"https:\/\/musso.pet\/en\/p\/kurtka-zimowa-dla-psa-stella-taupe\/","og_site_name":"Musso","article_modified_time":"2026-04-20T10:02:51+00:00","og_image":[{"width":1024,"height":1024,"url":"https:\/\/musso.pet\/wp-content\/uploads\/2025\/09\/kopija-18-5-1024x1024.jpg","type":"image\/jpeg"}],"twitter_card":"summary_large_image","twitter_misc":{"Est. reading time":"1 minute"},"schema":{"@context":"https:\/\/schema.org","@graph":[{"@type":"WebPage","@id":"https:\/\/musso.pet\/p\/kurtka-zimowa-dla-psa-stella-taupe\/","url":"https:\/\/musso.pet\/p\/kurtka-zimowa-dla-psa-stella-taupe\/","name":"Kurtka zimowa dla psa br\u0105zowa Stella Taupe | MUSSO","isPartOf":{"@id":"https:\/\/musso.pet\/#website"},"primaryImageOfPage":{"@id":"https:\/\/musso.pet\/p\/kurtka-zimowa-dla-psa-stella-taupe\/#primaryimage"},"image":{"@id":"https:\/\/musso.pet\/p\/kurtka-zimowa-dla-psa-stella-taupe\/#primaryimage"},"thumbnailUrl":"https:\/\/musso.pet\/wp-content\/uploads\/2025\/09\/kopija-18-5.jpg","datePublished":"2025-09-12T14:58:23+00:00","dateModified":"2026-04-20T10:02:51+00:00","description":"Kurtka zimowa dla psa Stella Taupe w eleganckim br\u0105zowym odcieniu. Ciep\u0142y model dla Chihuahua, Yorkshire Terriera, Maltipoo i Malta\u0144czyka.","breadcrumb":{"@id":"https:\/\/musso.pet\/p\/kurtka-zimowa-dla-psa-stella-taupe\/#breadcrumb"},"inLanguage":"en-US","potentialAction":[{"@type":"ReadAction","target":["https:\/\/musso.pet\/p\/kurtka-zimowa-dla-psa-stella-taupe\/"]}]},{"@type":"ImageObject","inLanguage":"en-US","@id":"https:\/\/musso.pet\/p\/kurtka-zimowa-dla-psa-stella-taupe\/#primaryimage","url":"https:\/\/musso.pet\/wp-content\/uploads\/2025\/09\/kopija-18-5.jpg","contentUrl":"https:\/\/musso.pet\/wp-content\/uploads\/2025\/09\/kopija-18-5.jpg","width":3424,"height":3424,"caption":"Kurtka zimowa dla psa Stella Taupe"},{"@type":"BreadcrumbList","@id":"https:\/\/musso.pet\/p\/kurtka-zimowa-dla-psa-stella-taupe\/#breadcrumb","itemListElement":[{"@type":"ListItem","position":1,"name":"G\u0142\u00f3wna","item":"https:\/\/musso.pet\/"},{"@type":"ListItem","position":2,"name":"Sklep","item":"https:\/\/musso.pet\/s\/"},{"@type":"ListItem","position":3,"name":"Ubranka dla ps\u00f3w","item":"https:\/\/musso.pet\/cat\/ubranka-dla-psow\/"},{"@type":"ListItem","position":4,"name":"Kurtka zimowa dla psa Stella Taupe"}]},{"@type":"WebSite","@id":"https:\/\/musso.pet\/#website","url":"https:\/\/musso.pet\/","name":"Musso","description":"Designerskie akcesoria dla ps\u00f3w","publisher":{"@id":"https:\/\/musso.pet\/#organization"},"potentialAction":[{"@type":"SearchAction","target":{"@type":"EntryPoint","urlTemplate":"https:\/\/musso.pet\/?s={search_term_string}"},"query-input":{"@type":"PropertyValueSpecification","valueRequired":true,"valueName":"search_term_string"}}],"inLanguage":"en-US"},{"@type":"Organization","@id":"https:\/\/musso.pet\/#organization","name":"Musso","url":"https:\/\/musso.pet\/","logo":{"@type":"ImageObject","inLanguage":"en-US","@id":"https:\/\/musso.pet\/#\/schema\/logo\/image\/","url":"https:\/\/musso.pet\/wp-content\/uploads\/2023\/04\/musso-logo-v3.svg","contentUrl":"https:\/\/musso.pet\/wp-content\/uploads\/2023\/04\/musso-logo-v3.svg","width":212,"height":44,"caption":"Musso"},"image":{"@id":"https:\/\/musso.pet\/#\/schema\/logo\/image\/"}}]}},"_links":{"self":[{"href":"https:\/\/musso.pet\/en\/wp-json\/wp\/v2\/product\/4484","targetHints":{"allow":["GET"]}}],"collection":[{"href":"https:\/\/musso.pet\/en\/wp-json\/wp\/v2\/product"}],"about":[{"href":"https:\/\/musso.pet\/en\/wp-json\/wp\/v2\/types\/product"}],"author":[{"embeddable":true,"href":"https:\/\/musso.pet\/en\/wp-json\/wp\/v2\/users\/5"}],"replies":[{"embeddable":true,"href":"https:\/\/musso.pet\/en\/wp-json\/wp\/v2\/comments?post=4484"}],"wp:featuredmedia":[{"embeddable":true,"href":"https:\/\/musso.pet\/en\/wp-json\/wp\/v2\/media\/4760"}],"wp:attachment":[{"href":"https:\/\/musso.pet\/en\/wp-json\/wp\/v2\/media?parent=4484"}],"wp:term":[{"taxonomy":"product_brand","embeddable":true,"href":"https:\/\/musso.pet\/en\/wp-json\/wp\/v2\/product_brand?post=4484"},{"taxonomy":"product_cat","embeddable":true,"href":"https:\/\/musso.pet\/en\/wp-json\/wp\/v2\/product_cat?post=4484"},{"taxonomy":"product_tag","embeddable":true,"href":"https:\/\/musso.pet\/en\/wp-json\/wp\/v2\/product_tag?post=4484"},{"taxonomy":"brand","embeddable":true,"href":"https:\/\/musso.pet\/en\/wp-json\/wp\/v2\/brand?post=4484"}],"curies":[{"name":"wp","href":"https:\/\/api.w.org\/{rel}","templated":true}]}}