{"id":3319,"date":"2025-07-01T15:29:12","date_gmt":"2025-07-01T12:29:12","guid":{"rendered":"https:\/\/musso.pet\/?post_type=product&#038;p=3319"},"modified":"2026-04-19T19:41:05","modified_gmt":"2026-04-19T16:41:05","slug":"zestaw-z-obroza-dla-chartow-aura-caramello","status":"publish","type":"product","link":"https:\/\/musso.pet\/en\/p\/zestaw-z-obroza-dla-chartow-aura-caramello\/","title":{"rendered":"Set with Aura Caramello greyhound collar"},"content":{"rendered":"<p data-start=\"451\" data-end=\"725\">The Aura Caramello greyhound collar and leash set is a leather set designed specifically for breeds with slender and sensitive necks. Above all, it will work well for greyhounds, whippets and saluki.<\/p>\n<p data-start=\"727\" data-end=\"1023\">The anatomically profiled, wide collar distributes pressure evenly, so it does not put pressure on the dog's neck.<\/p>\n<p data-start=\"1025\" data-end=\"1268\">The entire piece is made of natural, grained Italian leather. Raw finished edges emphasize the character of the material and do not limit its flexibility. With time, the leather becomes even softer and acquires a noble look.<\/p>\n<p data-start=\"1270\" data-end=\"1494\">We equipped the collar and leash with nickel-free, silver-colored metal hardware. This makes the whole look consistent and elegant. In addition, the Caramello shade harmoniously emphasizes the minimalist character of the Aura collection.<\/p>\n<p data-start=\"1496\" data-end=\"1696\">The pouch case attaches directly to the leash handle and fastens with a convenient snap fastener. There is a discreet opening at the bottom for quick retrieval of pouches while walking.<\/p>\n<p data-start=\"1698\" data-end=\"1896\">The set includes:<\/p>\n<p data-start=\"1252\" data-end=\"1350\">- leather collar for a greyhound<br data-start=\"1280\" data-end=\"1283\" \/>- a lanyard weighing approximately 100 g<br data-start=\"1308\" data-end=\"1311\" \/>- pouch case attached to lanyard<\/p>\n<p data-start=\"1352\" data-end=\"1511\">Each set is made in Italy, in artisan workshops, with attention to the smallest detail. The entire set is packaged in an elegant MUSSO velour box.<\/p>\n<p data-start=\"1386\" data-end=\"1554\">See also other <a href=\"https:\/\/musso.pet\/en\/cat\/zestawy\/\">sets<\/a><\/p>","protected":false},"excerpt":{"rendered":"<p>Zestaw obro\u017ca i smycz dla charta Aura Caramello to sk\u00f3rzany komplet zaprojektowany specjalnie dla ras o smuk\u0142ej i wra\u017cliwej szyi. Przede wszystkim sprawdzi si\u0119 u greyhound\u00f3w, whippet\u00f3w oraz saluki. Anatomicznie profilowana, szeroka obro\u017ca r\u00f3wnomiernie rozk\u0142ada nacisk, dzi\u0119ki czemu nie uciska szyi psa. Ca\u0142o\u015b\u0107 wykonano z naturalnej, ziarnistej sk\u00f3ry w\u0142oskiej. Surowo wyko\u0144czone kraw\u0119dzie podkre\u015blaj\u0105 charakter materia\u0142u [&hellip;]<\/p>","protected":false},"author":5,"featured_media":5045,"comment_status":"open","ping_status":"closed","template":"","meta":[],"product_brand":[],"product_cat":[119,106,103],"product_tag":[],"brand":[],"class_list":{"0":"post-3319","1":"product","2":"type-product","3":"status-publish","4":"has-post-thumbnail","6":"product_cat-winter-sale","7":"product_cat-new-in","8":"product_cat-zestawy","9":"pa_color-brazowy","10":"pa_rozmiar-s","11":"pa_rozmiar-m","12":"pa_rozmiar-l","14":"first","15":"instock","16":"sale","17":"taxable","18":"shipping-taxable","19":"purchasable","20":"product-type-variable","21":"wvs-archive-product-wrapper"},"yoast_head":"<!-- This site is optimized with the Yoast SEO plugin v25.6 - https:\/\/yoast.com\/wordpress\/plugins\/seo\/ -->\n<title>Zestaw obro\u017ca i smycz dla charta \u2013 sk\u00f3rzany komplet Aura<\/title>\n<meta name=\"description\" content=\"Zestaw obro\u017ca i smycz dla charta Aura Caramello. Szeroka obro\u017ca z w\u0142oskiej sk\u00f3ry, idealna dla greyhounda, whippeta i saluki.\" \/>\n<meta name=\"robots\" content=\"index, follow, max-snippet:-1, max-image-preview:large, max-video-preview:-1\" \/>\n<link rel=\"canonical\" href=\"https:\/\/musso.pet\/en\/p\/zestaw-z-obroza-dla-chartow-aura-caramello\/\" \/>\n<meta property=\"og:locale\" content=\"en_US\" \/>\n<meta property=\"og:type\" content=\"article\" \/>\n<meta property=\"og:title\" content=\"Zestaw obro\u017ca i smycz dla charta \u2013 sk\u00f3rzany komplet Aura\" \/>\n<meta property=\"og:description\" content=\"Zestaw obro\u017ca i smycz dla charta Aura Caramello. Szeroka obro\u017ca z w\u0142oskiej sk\u00f3ry, idealna dla greyhounda, whippeta i saluki.\" \/>\n<meta property=\"og:url\" content=\"https:\/\/musso.pet\/en\/p\/zestaw-z-obroza-dla-chartow-aura-caramello\/\" \/>\n<meta property=\"og:site_name\" content=\"Musso\" \/>\n<meta property=\"article:modified_time\" content=\"2026-04-19T16:41:05+00:00\" \/>\n<meta property=\"og:image\" content=\"https:\/\/musso.pet\/wp-content\/uploads\/2025\/12\/photo_2025-12-12_17-17-43.jpg\" \/>\n\t<meta property=\"og:image:width\" content=\"2560\" \/>\n\t<meta property=\"og:image:height\" content=\"2560\" \/>\n\t<meta property=\"og:image:type\" content=\"image\/jpeg\" \/>\n<meta name=\"twitter:card\" content=\"summary_large_image\" \/>\n<meta name=\"twitter:label1\" content=\"Est. reading time\" \/>\n\t<meta name=\"twitter:data1\" content=\"1 minute\" \/>\n<script type=\"application\/ld+json\" class=\"yoast-schema-graph\">{\"@context\":\"https:\/\/schema.org\",\"@graph\":[{\"@type\":\"WebPage\",\"@id\":\"https:\/\/musso.pet\/p\/zestaw-z-obroza-dla-chartow-aura-caramello\/\",\"url\":\"https:\/\/musso.pet\/p\/zestaw-z-obroza-dla-chartow-aura-caramello\/\",\"name\":\"Zestaw obro\u017ca i smycz dla charta \u2013 sk\u00f3rzany komplet Aura\",\"isPartOf\":{\"@id\":\"https:\/\/musso.pet\/#website\"},\"primaryImageOfPage\":{\"@id\":\"https:\/\/musso.pet\/p\/zestaw-z-obroza-dla-chartow-aura-caramello\/#primaryimage\"},\"image\":{\"@id\":\"https:\/\/musso.pet\/p\/zestaw-z-obroza-dla-chartow-aura-caramello\/#primaryimage\"},\"thumbnailUrl\":\"https:\/\/musso.pet\/wp-content\/uploads\/2025\/12\/photo_2025-12-12_17-17-43.jpg\",\"datePublished\":\"2025-07-01T12:29:12+00:00\",\"dateModified\":\"2026-04-19T16:41:05+00:00\",\"description\":\"Zestaw obro\u017ca i smycz dla charta Aura Caramello. Szeroka obro\u017ca z w\u0142oskiej sk\u00f3ry, idealna dla greyhounda, whippeta i saluki.\",\"breadcrumb\":{\"@id\":\"https:\/\/musso.pet\/p\/zestaw-z-obroza-dla-chartow-aura-caramello\/#breadcrumb\"},\"inLanguage\":\"en-US\",\"potentialAction\":[{\"@type\":\"ReadAction\",\"target\":[\"https:\/\/musso.pet\/p\/zestaw-z-obroza-dla-chartow-aura-caramello\/\"]}]},{\"@type\":\"ImageObject\",\"inLanguage\":\"en-US\",\"@id\":\"https:\/\/musso.pet\/p\/zestaw-z-obroza-dla-chartow-aura-caramello\/#primaryimage\",\"url\":\"https:\/\/musso.pet\/wp-content\/uploads\/2025\/12\/photo_2025-12-12_17-17-43.jpg\",\"contentUrl\":\"https:\/\/musso.pet\/wp-content\/uploads\/2025\/12\/photo_2025-12-12_17-17-43.jpg\",\"width\":2560,\"height\":2560,\"caption\":\"zestaw obro\u017ca i smycz dla charta\"},{\"@type\":\"BreadcrumbList\",\"@id\":\"https:\/\/musso.pet\/p\/zestaw-z-obroza-dla-chartow-aura-caramello\/#breadcrumb\",\"itemListElement\":[{\"@type\":\"ListItem\",\"position\":1,\"name\":\"G\u0142\u00f3wna\",\"item\":\"https:\/\/musso.pet\/\"},{\"@type\":\"ListItem\",\"position\":2,\"name\":\"Sklep\",\"item\":\"https:\/\/musso.pet\/s\/\"},{\"@type\":\"ListItem\",\"position\":3,\"name\":\"Zestawy\",\"item\":\"https:\/\/musso.pet\/cat\/zestawy\/\"},{\"@type\":\"ListItem\",\"position\":4,\"name\":\"Zestaw z obro\u017c\u0105 dla chart\u00f3w Aura Caramello\"}]},{\"@type\":\"WebSite\",\"@id\":\"https:\/\/musso.pet\/#website\",\"url\":\"https:\/\/musso.pet\/\",\"name\":\"Musso\",\"description\":\"Designerskie akcesoria dla ps\u00f3w\",\"publisher\":{\"@id\":\"https:\/\/musso.pet\/#organization\"},\"potentialAction\":[{\"@type\":\"SearchAction\",\"target\":{\"@type\":\"EntryPoint\",\"urlTemplate\":\"https:\/\/musso.pet\/?s={search_term_string}\"},\"query-input\":{\"@type\":\"PropertyValueSpecification\",\"valueRequired\":true,\"valueName\":\"search_term_string\"}}],\"inLanguage\":\"en-US\"},{\"@type\":\"Organization\",\"@id\":\"https:\/\/musso.pet\/#organization\",\"name\":\"Musso\",\"url\":\"https:\/\/musso.pet\/\",\"logo\":{\"@type\":\"ImageObject\",\"inLanguage\":\"en-US\",\"@id\":\"https:\/\/musso.pet\/#\/schema\/logo\/image\/\",\"url\":\"https:\/\/musso.pet\/wp-content\/uploads\/2023\/04\/musso-logo-v3.svg\",\"contentUrl\":\"https:\/\/musso.pet\/wp-content\/uploads\/2023\/04\/musso-logo-v3.svg\",\"width\":212,\"height\":44,\"caption\":\"Musso\"},\"image\":{\"@id\":\"https:\/\/musso.pet\/#\/schema\/logo\/image\/\"}}]}<\/script>\n<!-- \/ Yoast SEO plugin. -->","yoast_head_json":{"title":"Zestaw obro\u017ca i smycz dla charta \u2013 sk\u00f3rzany komplet Aura","description":"Zestaw obro\u017ca i smycz dla charta Aura Caramello. Szeroka obro\u017ca z w\u0142oskiej sk\u00f3ry, idealna dla greyhounda, whippeta i saluki.","robots":{"index":"index","follow":"follow","max-snippet":"max-snippet:-1","max-image-preview":"max-image-preview:large","max-video-preview":"max-video-preview:-1"},"canonical":"https:\/\/musso.pet\/en\/p\/zestaw-z-obroza-dla-chartow-aura-caramello\/","og_locale":"en_US","og_type":"article","og_title":"Zestaw obro\u017ca i smycz dla charta \u2013 sk\u00f3rzany komplet Aura","og_description":"Zestaw obro\u017ca i smycz dla charta Aura Caramello. Szeroka obro\u017ca z w\u0142oskiej sk\u00f3ry, idealna dla greyhounda, whippeta i saluki.","og_url":"https:\/\/musso.pet\/en\/p\/zestaw-z-obroza-dla-chartow-aura-caramello\/","og_site_name":"Musso","article_modified_time":"2026-04-19T16:41:05+00:00","og_image":[{"width":2560,"height":2560,"url":"https:\/\/musso.pet\/wp-content\/uploads\/2025\/12\/photo_2025-12-12_17-17-43.jpg","type":"image\/jpeg"}],"twitter_card":"summary_large_image","twitter_misc":{"Est. reading time":"1 minute"},"schema":{"@context":"https:\/\/schema.org","@graph":[{"@type":"WebPage","@id":"https:\/\/musso.pet\/p\/zestaw-z-obroza-dla-chartow-aura-caramello\/","url":"https:\/\/musso.pet\/p\/zestaw-z-obroza-dla-chartow-aura-caramello\/","name":"Zestaw obro\u017ca i smycz dla charta \u2013 sk\u00f3rzany komplet Aura","isPartOf":{"@id":"https:\/\/musso.pet\/#website"},"primaryImageOfPage":{"@id":"https:\/\/musso.pet\/p\/zestaw-z-obroza-dla-chartow-aura-caramello\/#primaryimage"},"image":{"@id":"https:\/\/musso.pet\/p\/zestaw-z-obroza-dla-chartow-aura-caramello\/#primaryimage"},"thumbnailUrl":"https:\/\/musso.pet\/wp-content\/uploads\/2025\/12\/photo_2025-12-12_17-17-43.jpg","datePublished":"2025-07-01T12:29:12+00:00","dateModified":"2026-04-19T16:41:05+00:00","description":"Zestaw obro\u017ca i smycz dla charta Aura Caramello. Szeroka obro\u017ca z w\u0142oskiej sk\u00f3ry, idealna dla greyhounda, whippeta i saluki.","breadcrumb":{"@id":"https:\/\/musso.pet\/p\/zestaw-z-obroza-dla-chartow-aura-caramello\/#breadcrumb"},"inLanguage":"en-US","potentialAction":[{"@type":"ReadAction","target":["https:\/\/musso.pet\/p\/zestaw-z-obroza-dla-chartow-aura-caramello\/"]}]},{"@type":"ImageObject","inLanguage":"en-US","@id":"https:\/\/musso.pet\/p\/zestaw-z-obroza-dla-chartow-aura-caramello\/#primaryimage","url":"https:\/\/musso.pet\/wp-content\/uploads\/2025\/12\/photo_2025-12-12_17-17-43.jpg","contentUrl":"https:\/\/musso.pet\/wp-content\/uploads\/2025\/12\/photo_2025-12-12_17-17-43.jpg","width":2560,"height":2560,"caption":"zestaw obro\u017ca i smycz dla charta"},{"@type":"BreadcrumbList","@id":"https:\/\/musso.pet\/p\/zestaw-z-obroza-dla-chartow-aura-caramello\/#breadcrumb","itemListElement":[{"@type":"ListItem","position":1,"name":"G\u0142\u00f3wna","item":"https:\/\/musso.pet\/"},{"@type":"ListItem","position":2,"name":"Sklep","item":"https:\/\/musso.pet\/s\/"},{"@type":"ListItem","position":3,"name":"Zestawy","item":"https:\/\/musso.pet\/cat\/zestawy\/"},{"@type":"ListItem","position":4,"name":"Zestaw z obro\u017c\u0105 dla chart\u00f3w Aura Caramello"}]},{"@type":"WebSite","@id":"https:\/\/musso.pet\/#website","url":"https:\/\/musso.pet\/","name":"Musso","description":"Designerskie akcesoria dla ps\u00f3w","publisher":{"@id":"https:\/\/musso.pet\/#organization"},"potentialAction":[{"@type":"SearchAction","target":{"@type":"EntryPoint","urlTemplate":"https:\/\/musso.pet\/?s={search_term_string}"},"query-input":{"@type":"PropertyValueSpecification","valueRequired":true,"valueName":"search_term_string"}}],"inLanguage":"en-US"},{"@type":"Organization","@id":"https:\/\/musso.pet\/#organization","name":"Musso","url":"https:\/\/musso.pet\/","logo":{"@type":"ImageObject","inLanguage":"en-US","@id":"https:\/\/musso.pet\/#\/schema\/logo\/image\/","url":"https:\/\/musso.pet\/wp-content\/uploads\/2023\/04\/musso-logo-v3.svg","contentUrl":"https:\/\/musso.pet\/wp-content\/uploads\/2023\/04\/musso-logo-v3.svg","width":212,"height":44,"caption":"Musso"},"image":{"@id":"https:\/\/musso.pet\/#\/schema\/logo\/image\/"}}]}},"_links":{"self":[{"href":"https:\/\/musso.pet\/en\/wp-json\/wp\/v2\/product\/3319","targetHints":{"allow":["GET"]}}],"collection":[{"href":"https:\/\/musso.pet\/en\/wp-json\/wp\/v2\/product"}],"about":[{"href":"https:\/\/musso.pet\/en\/wp-json\/wp\/v2\/types\/product"}],"author":[{"embeddable":true,"href":"https:\/\/musso.pet\/en\/wp-json\/wp\/v2\/users\/5"}],"replies":[{"embeddable":true,"href":"https:\/\/musso.pet\/en\/wp-json\/wp\/v2\/comments?post=3319"}],"wp:featuredmedia":[{"embeddable":true,"href":"https:\/\/musso.pet\/en\/wp-json\/wp\/v2\/media\/5045"}],"wp:attachment":[{"href":"https:\/\/musso.pet\/en\/wp-json\/wp\/v2\/media?parent=3319"}],"wp:term":[{"taxonomy":"product_brand","embeddable":true,"href":"https:\/\/musso.pet\/en\/wp-json\/wp\/v2\/product_brand?post=3319"},{"taxonomy":"product_cat","embeddable":true,"href":"https:\/\/musso.pet\/en\/wp-json\/wp\/v2\/product_cat?post=3319"},{"taxonomy":"product_tag","embeddable":true,"href":"https:\/\/musso.pet\/en\/wp-json\/wp\/v2\/product_tag?post=3319"},{"taxonomy":"brand","embeddable":true,"href":"https:\/\/musso.pet\/en\/wp-json\/wp\/v2\/brand?post=3319"}],"curies":[{"name":"wp","href":"https:\/\/api.w.org\/{rel}","templated":true}]}}