{"id":3268,"date":"2025-06-30T13:15:55","date_gmt":"2025-06-30T10:15:55","guid":{"rendered":"https:\/\/musso.pet\/?post_type=product&#038;p=3268"},"modified":"2026-03-19T02:48:08","modified_gmt":"2026-03-18T23:48:08","slug":"zestaw-z-szelkami-vero-caramello","status":"publish","type":"product","link":"https:\/\/musso.pet\/en\/p\/zestaw-z-szelkami-vero-caramello\/","title":{"rendered":"Set with Vero Caramello harness"},"content":{"rendered":"<p data-start=\"201\" data-end=\"494\">The Vero Caramello set with harness is for those looking for comfort, functionality and elegance in everyday stroller accessories. The warm caramel color, light beige stitching and gold nickel-free hardware create a harmonious composition that is both eye-catching and comfortable.<\/p>\n<p data-start=\"496\" data-end=\"768\">The harness is made of natural, smooth Italian leather - soft, yet resistant to everyday wear. Their lightweight construction, flexible form and double adjustment allow for a perfect fit, while the quick snap closure makes it easy to put on.<\/p>\n<p data-start=\"770\" data-end=\"992\">The set includes:<br data-start=\"785\" data-end=\"788\" \/>- Adjustable harness with quick release fasteners\u00a0<br data-start=\"849\" data-end=\"852\" \/>- Leash of optimal length and weight\u00a0<br data-start=\"904\" data-end=\"907\" \/>- Snap-on poop bag holder with opening on back and gold snap hook<\/p>\n<p data-start=\"994\" data-end=\"1154\">Each piece is made by Italian craftsmen with the utmost care and packed in a decorative velour box.<\/p>\n<p data-start=\"994\" data-end=\"1154\">Manufactured in Italy.<\/p>","protected":false},"excerpt":{"rendered":"<p>Zestaw Vero Caramello z szelkami to propozycja dla tych, kt\u00f3rzy szukaj\u0105 komfortu, funkcjonalno\u015bci i elegancji w codziennych akcesoriach spacerowych. Ciep\u0142y karmelowy kolor, jasnobe\u017cowe przeszycia i z\u0142ote, bezniklowe okucia tworz\u0105 harmonijn\u0105 kompozycj\u0119, kt\u00f3ra przyci\u0105ga wzrok i zapewnia wygod\u0119. Szelki wykonano z naturalnej, g\u0142adkiej sk\u00f3ry w\u0142oskiej \u2013 mi\u0119kkiej, a jednocze\u015bnie odpornej na codzienne u\u017cytkowanie. Ich lekka konstrukcja, [&hellip;]<\/p>","protected":false},"author":5,"featured_media":5029,"comment_status":"open","ping_status":"closed","template":"","meta":[],"product_brand":[],"product_cat":[106,120,105,103],"product_tag":[],"brand":[],"class_list":{"0":"post-3268","1":"product","2":"type-product","3":"status-publish","4":"has-post-thumbnail","6":"product_cat-new-in","7":"product_cat-shop-the-look","8":"product_cat-timeless-collection","9":"product_cat-zestawy","10":"pa_color-brazowy","11":"pa_rozmiar-s","12":"pa_rozmiar-m","13":"pa_rozmiar-l","15":"first","16":"instock","17":"taxable","18":"shipping-taxable","19":"purchasable","20":"product-type-variable","21":"wvs-archive-product-wrapper"},"yoast_head":"<!-- This site is optimized with the Yoast SEO plugin v25.6 - https:\/\/yoast.com\/wordpress\/plugins\/seo\/ -->\n<title>Zestaw z szelkami Vero Caramello - Musso<\/title>\n<meta name=\"description\" content=\"Zestaw z szelkami Vero Caramello kupi\u0107\" \/>\n<meta name=\"robots\" content=\"index, follow, max-snippet:-1, max-image-preview:large, max-video-preview:-1\" \/>\n<link rel=\"canonical\" href=\"https:\/\/musso.pet\/en\/p\/zestaw-z-szelkami-vero-caramello\/\" \/>\n<meta property=\"og:locale\" content=\"en_US\" \/>\n<meta property=\"og:type\" content=\"article\" \/>\n<meta property=\"og:title\" content=\"Zestaw z szelkami Vero Caramello - Musso\" \/>\n<meta property=\"og:description\" content=\"Zestaw z szelkami Vero Caramello kupi\u0107\" \/>\n<meta property=\"og:url\" content=\"https:\/\/musso.pet\/en\/p\/zestaw-z-szelkami-vero-caramello\/\" \/>\n<meta property=\"og:site_name\" content=\"Musso\" \/>\n<meta property=\"article:modified_time\" content=\"2026-03-18T23:48:08+00:00\" \/>\n<meta property=\"og:image\" content=\"https:\/\/musso.pet\/wp-content\/uploads\/2025\/06\/photo_2025-12-12_17-04-38.jpg\" \/>\n\t<meta property=\"og:image:width\" content=\"2560\" \/>\n\t<meta property=\"og:image:height\" content=\"2560\" \/>\n\t<meta property=\"og:image:type\" content=\"image\/jpeg\" \/>\n<meta name=\"twitter:card\" content=\"summary_large_image\" \/>\n<meta name=\"twitter:label1\" content=\"Est. reading time\" \/>\n\t<meta name=\"twitter:data1\" content=\"1 minute\" \/>\n<script type=\"application\/ld+json\" class=\"yoast-schema-graph\">{\"@context\":\"https:\/\/schema.org\",\"@graph\":[{\"@type\":\"WebPage\",\"@id\":\"https:\/\/musso.pet\/p\/zestaw-z-szelkami-vero-caramello\/\",\"url\":\"https:\/\/musso.pet\/p\/zestaw-z-szelkami-vero-caramello\/\",\"name\":\"Zestaw z szelkami Vero Caramello - Musso\",\"isPartOf\":{\"@id\":\"https:\/\/musso.pet\/#website\"},\"primaryImageOfPage\":{\"@id\":\"https:\/\/musso.pet\/p\/zestaw-z-szelkami-vero-caramello\/#primaryimage\"},\"image\":{\"@id\":\"https:\/\/musso.pet\/p\/zestaw-z-szelkami-vero-caramello\/#primaryimage\"},\"thumbnailUrl\":\"https:\/\/musso.pet\/wp-content\/uploads\/2025\/06\/photo_2025-12-12_17-04-38.jpg\",\"datePublished\":\"2025-06-30T10:15:55+00:00\",\"dateModified\":\"2026-03-18T23:48:08+00:00\",\"description\":\"Zestaw z szelkami Vero Caramello kupi\u0107\",\"breadcrumb\":{\"@id\":\"https:\/\/musso.pet\/p\/zestaw-z-szelkami-vero-caramello\/#breadcrumb\"},\"inLanguage\":\"en-US\",\"potentialAction\":[{\"@type\":\"ReadAction\",\"target\":[\"https:\/\/musso.pet\/p\/zestaw-z-szelkami-vero-caramello\/\"]}]},{\"@type\":\"ImageObject\",\"inLanguage\":\"en-US\",\"@id\":\"https:\/\/musso.pet\/p\/zestaw-z-szelkami-vero-caramello\/#primaryimage\",\"url\":\"https:\/\/musso.pet\/wp-content\/uploads\/2025\/06\/photo_2025-12-12_17-04-38.jpg\",\"contentUrl\":\"https:\/\/musso.pet\/wp-content\/uploads\/2025\/06\/photo_2025-12-12_17-04-38.jpg\",\"width\":2560,\"height\":2560,\"caption\":\"Zestaw z szelkami Vero Caramello\"},{\"@type\":\"BreadcrumbList\",\"@id\":\"https:\/\/musso.pet\/p\/zestaw-z-szelkami-vero-caramello\/#breadcrumb\",\"itemListElement\":[{\"@type\":\"ListItem\",\"position\":1,\"name\":\"G\u0142\u00f3wna\",\"item\":\"https:\/\/musso.pet\/\"},{\"@type\":\"ListItem\",\"position\":2,\"name\":\"Sklep\",\"item\":\"https:\/\/musso.pet\/s\/\"},{\"@type\":\"ListItem\",\"position\":3,\"name\":\"Zestawy\",\"item\":\"https:\/\/musso.pet\/cat\/zestawy\/\"},{\"@type\":\"ListItem\",\"position\":4,\"name\":\"Zestaw z szelkami Vero Caramello\"}]},{\"@type\":\"WebSite\",\"@id\":\"https:\/\/musso.pet\/#website\",\"url\":\"https:\/\/musso.pet\/\",\"name\":\"Musso\",\"description\":\"Designerskie akcesoria dla ps\u00f3w\",\"publisher\":{\"@id\":\"https:\/\/musso.pet\/#organization\"},\"potentialAction\":[{\"@type\":\"SearchAction\",\"target\":{\"@type\":\"EntryPoint\",\"urlTemplate\":\"https:\/\/musso.pet\/?s={search_term_string}\"},\"query-input\":{\"@type\":\"PropertyValueSpecification\",\"valueRequired\":true,\"valueName\":\"search_term_string\"}}],\"inLanguage\":\"en-US\"},{\"@type\":\"Organization\",\"@id\":\"https:\/\/musso.pet\/#organization\",\"name\":\"Musso\",\"url\":\"https:\/\/musso.pet\/\",\"logo\":{\"@type\":\"ImageObject\",\"inLanguage\":\"en-US\",\"@id\":\"https:\/\/musso.pet\/#\/schema\/logo\/image\/\",\"url\":\"https:\/\/musso.pet\/wp-content\/uploads\/2023\/04\/musso-logo-v3.svg\",\"contentUrl\":\"https:\/\/musso.pet\/wp-content\/uploads\/2023\/04\/musso-logo-v3.svg\",\"width\":212,\"height\":44,\"caption\":\"Musso\"},\"image\":{\"@id\":\"https:\/\/musso.pet\/#\/schema\/logo\/image\/\"}}]}<\/script>\n<!-- \/ Yoast SEO plugin. -->","yoast_head_json":{"title":"Zestaw z szelkami Vero Caramello - Musso","description":"Zestaw z szelkami Vero Caramello kupi\u0107","robots":{"index":"index","follow":"follow","max-snippet":"max-snippet:-1","max-image-preview":"max-image-preview:large","max-video-preview":"max-video-preview:-1"},"canonical":"https:\/\/musso.pet\/en\/p\/zestaw-z-szelkami-vero-caramello\/","og_locale":"en_US","og_type":"article","og_title":"Zestaw z szelkami Vero Caramello - Musso","og_description":"Zestaw z szelkami Vero Caramello kupi\u0107","og_url":"https:\/\/musso.pet\/en\/p\/zestaw-z-szelkami-vero-caramello\/","og_site_name":"Musso","article_modified_time":"2026-03-18T23:48:08+00:00","og_image":[{"width":2560,"height":2560,"url":"https:\/\/musso.pet\/wp-content\/uploads\/2025\/06\/photo_2025-12-12_17-04-38.jpg","type":"image\/jpeg"}],"twitter_card":"summary_large_image","twitter_misc":{"Est. reading time":"1 minute"},"schema":{"@context":"https:\/\/schema.org","@graph":[{"@type":"WebPage","@id":"https:\/\/musso.pet\/p\/zestaw-z-szelkami-vero-caramello\/","url":"https:\/\/musso.pet\/p\/zestaw-z-szelkami-vero-caramello\/","name":"Zestaw z szelkami Vero Caramello - Musso","isPartOf":{"@id":"https:\/\/musso.pet\/#website"},"primaryImageOfPage":{"@id":"https:\/\/musso.pet\/p\/zestaw-z-szelkami-vero-caramello\/#primaryimage"},"image":{"@id":"https:\/\/musso.pet\/p\/zestaw-z-szelkami-vero-caramello\/#primaryimage"},"thumbnailUrl":"https:\/\/musso.pet\/wp-content\/uploads\/2025\/06\/photo_2025-12-12_17-04-38.jpg","datePublished":"2025-06-30T10:15:55+00:00","dateModified":"2026-03-18T23:48:08+00:00","description":"Zestaw z szelkami Vero Caramello kupi\u0107","breadcrumb":{"@id":"https:\/\/musso.pet\/p\/zestaw-z-szelkami-vero-caramello\/#breadcrumb"},"inLanguage":"en-US","potentialAction":[{"@type":"ReadAction","target":["https:\/\/musso.pet\/p\/zestaw-z-szelkami-vero-caramello\/"]}]},{"@type":"ImageObject","inLanguage":"en-US","@id":"https:\/\/musso.pet\/p\/zestaw-z-szelkami-vero-caramello\/#primaryimage","url":"https:\/\/musso.pet\/wp-content\/uploads\/2025\/06\/photo_2025-12-12_17-04-38.jpg","contentUrl":"https:\/\/musso.pet\/wp-content\/uploads\/2025\/06\/photo_2025-12-12_17-04-38.jpg","width":2560,"height":2560,"caption":"Zestaw z szelkami Vero Caramello"},{"@type":"BreadcrumbList","@id":"https:\/\/musso.pet\/p\/zestaw-z-szelkami-vero-caramello\/#breadcrumb","itemListElement":[{"@type":"ListItem","position":1,"name":"G\u0142\u00f3wna","item":"https:\/\/musso.pet\/"},{"@type":"ListItem","position":2,"name":"Sklep","item":"https:\/\/musso.pet\/s\/"},{"@type":"ListItem","position":3,"name":"Zestawy","item":"https:\/\/musso.pet\/cat\/zestawy\/"},{"@type":"ListItem","position":4,"name":"Zestaw z szelkami Vero Caramello"}]},{"@type":"WebSite","@id":"https:\/\/musso.pet\/#website","url":"https:\/\/musso.pet\/","name":"Musso","description":"Designerskie akcesoria dla ps\u00f3w","publisher":{"@id":"https:\/\/musso.pet\/#organization"},"potentialAction":[{"@type":"SearchAction","target":{"@type":"EntryPoint","urlTemplate":"https:\/\/musso.pet\/?s={search_term_string}"},"query-input":{"@type":"PropertyValueSpecification","valueRequired":true,"valueName":"search_term_string"}}],"inLanguage":"en-US"},{"@type":"Organization","@id":"https:\/\/musso.pet\/#organization","name":"Musso","url":"https:\/\/musso.pet\/","logo":{"@type":"ImageObject","inLanguage":"en-US","@id":"https:\/\/musso.pet\/#\/schema\/logo\/image\/","url":"https:\/\/musso.pet\/wp-content\/uploads\/2023\/04\/musso-logo-v3.svg","contentUrl":"https:\/\/musso.pet\/wp-content\/uploads\/2023\/04\/musso-logo-v3.svg","width":212,"height":44,"caption":"Musso"},"image":{"@id":"https:\/\/musso.pet\/#\/schema\/logo\/image\/"}}]}},"_links":{"self":[{"href":"https:\/\/musso.pet\/en\/wp-json\/wp\/v2\/product\/3268","targetHints":{"allow":["GET"]}}],"collection":[{"href":"https:\/\/musso.pet\/en\/wp-json\/wp\/v2\/product"}],"about":[{"href":"https:\/\/musso.pet\/en\/wp-json\/wp\/v2\/types\/product"}],"author":[{"embeddable":true,"href":"https:\/\/musso.pet\/en\/wp-json\/wp\/v2\/users\/5"}],"replies":[{"embeddable":true,"href":"https:\/\/musso.pet\/en\/wp-json\/wp\/v2\/comments?post=3268"}],"wp:featuredmedia":[{"embeddable":true,"href":"https:\/\/musso.pet\/en\/wp-json\/wp\/v2\/media\/5029"}],"wp:attachment":[{"href":"https:\/\/musso.pet\/en\/wp-json\/wp\/v2\/media?parent=3268"}],"wp:term":[{"taxonomy":"product_brand","embeddable":true,"href":"https:\/\/musso.pet\/en\/wp-json\/wp\/v2\/product_brand?post=3268"},{"taxonomy":"product_cat","embeddable":true,"href":"https:\/\/musso.pet\/en\/wp-json\/wp\/v2\/product_cat?post=3268"},{"taxonomy":"product_tag","embeddable":true,"href":"https:\/\/musso.pet\/en\/wp-json\/wp\/v2\/product_tag?post=3268"},{"taxonomy":"brand","embeddable":true,"href":"https:\/\/musso.pet\/en\/wp-json\/wp\/v2\/brand?post=3268"}],"curies":[{"name":"wp","href":"https:\/\/api.w.org\/{rel}","templated":true}]}}