{"id":3248,"date":"2025-06-30T12:44:25","date_gmt":"2025-06-30T09:44:25","guid":{"rendered":"https:\/\/musso.pet\/?post_type=product&#038;p=3248"},"modified":"2026-03-27T11:22:35","modified_gmt":"2026-03-27T08:22:35","slug":"zestaw-z-obroza-vero-crema","status":"publish","type":"product","link":"https:\/\/musso.pet\/en\/p\/zestaw-z-obroza-vero-crema\/","title":{"rendered":"Set with Vero Crema collar"},"content":{"rendered":"<p data-start=\"98\" data-end=\"172\">Collar, leash and poop bag holder in an elegant shade of cream.<\/p>\n<p data-start=\"174\" data-end=\"385\">The Vero Crema set is a balanced proposition for lovers of light, natural tones. A warm shade of cream, light beige stitching and gold hardware create a subtle yet distinctive everyday set.<\/p>\n<p data-start=\"387\" data-end=\"594\">The pieces of the set are made of natural, smooth Italian leather, which combines softness with durability. Details, such as the embossed logo and decorative trim, attest to the artisanal nature of the product.<\/p>\n<p data-start=\"596\" data-end=\"830\">The set includes:<br data-start=\"611\" data-end=\"614\" \/>- Collar made of fine yet durable Italian leather<br data-start=\"687\" data-end=\"690\" \/>- Leash of optimal length and weight\u00a0<br data-start=\"742\" data-end=\"745\" \/>- Snap-on poop bag holder with opening on back and gold snap hook<\/p>\n<p data-start=\"832\" data-end=\"992\">Each piece is made by Italian craftsmen with the utmost care and packed in a decorative velour box.<\/p>\n<p data-start=\"832\" data-end=\"992\">Manufactured in Italy.<\/p>","protected":false},"excerpt":{"rendered":"<p>Obro\u017ca, smycz i etui na woreczki w eleganckim odcieniu kremu. Zestaw Vero Crema to wywa\u017cona propozycja dla mi\u0142o\u015bnik\u00f3w jasnych, naturalnych tonacji. Ciep\u0142y odcie\u0144 kremu, jasnobe\u017cowe przeszycia i z\u0142ote okucia tworz\u0105 subtelny, a zarazem wyrazisty zestaw na co dzie\u0144. Elementy kompletu wykonano z naturalnej, g\u0142adkiej sk\u00f3ry w\u0142oskiej, kt\u00f3ra \u0142\u0105czy mi\u0119kko\u015b\u0107 z trwa\u0142o\u015bci\u0105. Detale, takie jak wyt\u0142oczone [&hellip;]<\/p>","protected":false},"author":5,"featured_media":5040,"comment_status":"open","ping_status":"closed","template":"","meta":[],"product_brand":[],"product_cat":[106,124,123,105,103],"product_tag":[],"brand":[],"class_list":{"0":"post-3248","1":"product","2":"type-product","3":"status-publish","4":"has-post-thumbnail","6":"product_cat-new-in","7":"product_cat-shop-the-look-doppio-vero-crema","8":"product_cat-shop-the-look-vero-crema","9":"product_cat-timeless-collection","10":"product_cat-zestawy","11":"pa_color-kremowy","12":"pa_rozmiar-s","13":"pa_rozmiar-m","14":"pa_rozmiar-l","15":"pa_rozmiar-xl","17":"first","18":"instock","19":"taxable","20":"shipping-taxable","21":"purchasable","22":"product-type-variable","23":"wvs-archive-product-wrapper"},"yoast_head":"<!-- This site is optimized with the Yoast SEO plugin v25.6 - https:\/\/yoast.com\/wordpress\/plugins\/seo\/ -->\n<title>Zestaw z obro\u017c\u0105 Vero Crema - Musso<\/title>\n<meta name=\"description\" content=\"Zestaw z obro\u017c\u0105 Vero Crema kupi\u0107\" \/>\n<meta name=\"robots\" content=\"index, follow, max-snippet:-1, max-image-preview:large, max-video-preview:-1\" \/>\n<link rel=\"canonical\" href=\"https:\/\/musso.pet\/en\/p\/zestaw-z-obroza-vero-crema\/\" \/>\n<meta property=\"og:locale\" content=\"en_US\" \/>\n<meta property=\"og:type\" content=\"article\" \/>\n<meta property=\"og:title\" content=\"Zestaw z obro\u017c\u0105 Vero Crema - Musso\" \/>\n<meta property=\"og:description\" content=\"Zestaw z obro\u017c\u0105 Vero Crema kupi\u0107\" \/>\n<meta property=\"og:url\" content=\"https:\/\/musso.pet\/en\/p\/zestaw-z-obroza-vero-crema\/\" \/>\n<meta property=\"og:site_name\" content=\"Musso\" \/>\n<meta property=\"article:modified_time\" content=\"2026-03-27T08:22:35+00:00\" \/>\n<meta property=\"og:image\" content=\"https:\/\/musso.pet\/wp-content\/uploads\/2025\/12\/photo_2025-12-12_17-17-47.jpg\" \/>\n\t<meta property=\"og:image:width\" content=\"2560\" \/>\n\t<meta property=\"og:image:height\" content=\"2560\" \/>\n\t<meta property=\"og:image:type\" content=\"image\/jpeg\" \/>\n<meta name=\"twitter:card\" content=\"summary_large_image\" \/>\n<meta name=\"twitter:label1\" content=\"Est. reading time\" \/>\n\t<meta name=\"twitter:data1\" content=\"1 minute\" \/>\n<script type=\"application\/ld+json\" class=\"yoast-schema-graph\">{\"@context\":\"https:\/\/schema.org\",\"@graph\":[{\"@type\":\"WebPage\",\"@id\":\"https:\/\/musso.pet\/p\/zestaw-z-obroza-vero-crema\/\",\"url\":\"https:\/\/musso.pet\/p\/zestaw-z-obroza-vero-crema\/\",\"name\":\"Zestaw z obro\u017c\u0105 Vero Crema - Musso\",\"isPartOf\":{\"@id\":\"https:\/\/musso.pet\/#website\"},\"primaryImageOfPage\":{\"@id\":\"https:\/\/musso.pet\/p\/zestaw-z-obroza-vero-crema\/#primaryimage\"},\"image\":{\"@id\":\"https:\/\/musso.pet\/p\/zestaw-z-obroza-vero-crema\/#primaryimage\"},\"thumbnailUrl\":\"https:\/\/musso.pet\/wp-content\/uploads\/2025\/12\/photo_2025-12-12_17-17-47.jpg\",\"datePublished\":\"2025-06-30T09:44:25+00:00\",\"dateModified\":\"2026-03-27T08:22:35+00:00\",\"description\":\"Zestaw z obro\u017c\u0105 Vero Crema kupi\u0107\",\"breadcrumb\":{\"@id\":\"https:\/\/musso.pet\/p\/zestaw-z-obroza-vero-crema\/#breadcrumb\"},\"inLanguage\":\"en-US\",\"potentialAction\":[{\"@type\":\"ReadAction\",\"target\":[\"https:\/\/musso.pet\/p\/zestaw-z-obroza-vero-crema\/\"]}]},{\"@type\":\"ImageObject\",\"inLanguage\":\"en-US\",\"@id\":\"https:\/\/musso.pet\/p\/zestaw-z-obroza-vero-crema\/#primaryimage\",\"url\":\"https:\/\/musso.pet\/wp-content\/uploads\/2025\/12\/photo_2025-12-12_17-17-47.jpg\",\"contentUrl\":\"https:\/\/musso.pet\/wp-content\/uploads\/2025\/12\/photo_2025-12-12_17-17-47.jpg\",\"width\":2560,\"height\":2560},{\"@type\":\"BreadcrumbList\",\"@id\":\"https:\/\/musso.pet\/p\/zestaw-z-obroza-vero-crema\/#breadcrumb\",\"itemListElement\":[{\"@type\":\"ListItem\",\"position\":1,\"name\":\"G\u0142\u00f3wna\",\"item\":\"https:\/\/musso.pet\/\"},{\"@type\":\"ListItem\",\"position\":2,\"name\":\"Sklep\",\"item\":\"https:\/\/musso.pet\/s\/\"},{\"@type\":\"ListItem\",\"position\":3,\"name\":\"Zestawy\",\"item\":\"https:\/\/musso.pet\/cat\/zestawy\/\"},{\"@type\":\"ListItem\",\"position\":4,\"name\":\"Zestaw z obro\u017c\u0105 Vero Crema\"}]},{\"@type\":\"WebSite\",\"@id\":\"https:\/\/musso.pet\/#website\",\"url\":\"https:\/\/musso.pet\/\",\"name\":\"Musso\",\"description\":\"Designerskie akcesoria dla ps\u00f3w\",\"publisher\":{\"@id\":\"https:\/\/musso.pet\/#organization\"},\"potentialAction\":[{\"@type\":\"SearchAction\",\"target\":{\"@type\":\"EntryPoint\",\"urlTemplate\":\"https:\/\/musso.pet\/?s={search_term_string}\"},\"query-input\":{\"@type\":\"PropertyValueSpecification\",\"valueRequired\":true,\"valueName\":\"search_term_string\"}}],\"inLanguage\":\"en-US\"},{\"@type\":\"Organization\",\"@id\":\"https:\/\/musso.pet\/#organization\",\"name\":\"Musso\",\"url\":\"https:\/\/musso.pet\/\",\"logo\":{\"@type\":\"ImageObject\",\"inLanguage\":\"en-US\",\"@id\":\"https:\/\/musso.pet\/#\/schema\/logo\/image\/\",\"url\":\"https:\/\/musso.pet\/wp-content\/uploads\/2023\/04\/musso-logo-v3.svg\",\"contentUrl\":\"https:\/\/musso.pet\/wp-content\/uploads\/2023\/04\/musso-logo-v3.svg\",\"width\":212,\"height\":44,\"caption\":\"Musso\"},\"image\":{\"@id\":\"https:\/\/musso.pet\/#\/schema\/logo\/image\/\"}}]}<\/script>\n<!-- \/ Yoast SEO plugin. -->","yoast_head_json":{"title":"Zestaw z obro\u017c\u0105 Vero Crema - Musso","description":"Zestaw z obro\u017c\u0105 Vero Crema kupi\u0107","robots":{"index":"index","follow":"follow","max-snippet":"max-snippet:-1","max-image-preview":"max-image-preview:large","max-video-preview":"max-video-preview:-1"},"canonical":"https:\/\/musso.pet\/en\/p\/zestaw-z-obroza-vero-crema\/","og_locale":"en_US","og_type":"article","og_title":"Zestaw z obro\u017c\u0105 Vero Crema - Musso","og_description":"Zestaw z obro\u017c\u0105 Vero Crema kupi\u0107","og_url":"https:\/\/musso.pet\/en\/p\/zestaw-z-obroza-vero-crema\/","og_site_name":"Musso","article_modified_time":"2026-03-27T08:22:35+00:00","og_image":[{"width":2560,"height":2560,"url":"https:\/\/musso.pet\/wp-content\/uploads\/2025\/12\/photo_2025-12-12_17-17-47.jpg","type":"image\/jpeg"}],"twitter_card":"summary_large_image","twitter_misc":{"Est. reading time":"1 minute"},"schema":{"@context":"https:\/\/schema.org","@graph":[{"@type":"WebPage","@id":"https:\/\/musso.pet\/p\/zestaw-z-obroza-vero-crema\/","url":"https:\/\/musso.pet\/p\/zestaw-z-obroza-vero-crema\/","name":"Zestaw z obro\u017c\u0105 Vero Crema - Musso","isPartOf":{"@id":"https:\/\/musso.pet\/#website"},"primaryImageOfPage":{"@id":"https:\/\/musso.pet\/p\/zestaw-z-obroza-vero-crema\/#primaryimage"},"image":{"@id":"https:\/\/musso.pet\/p\/zestaw-z-obroza-vero-crema\/#primaryimage"},"thumbnailUrl":"https:\/\/musso.pet\/wp-content\/uploads\/2025\/12\/photo_2025-12-12_17-17-47.jpg","datePublished":"2025-06-30T09:44:25+00:00","dateModified":"2026-03-27T08:22:35+00:00","description":"Zestaw z obro\u017c\u0105 Vero Crema kupi\u0107","breadcrumb":{"@id":"https:\/\/musso.pet\/p\/zestaw-z-obroza-vero-crema\/#breadcrumb"},"inLanguage":"en-US","potentialAction":[{"@type":"ReadAction","target":["https:\/\/musso.pet\/p\/zestaw-z-obroza-vero-crema\/"]}]},{"@type":"ImageObject","inLanguage":"en-US","@id":"https:\/\/musso.pet\/p\/zestaw-z-obroza-vero-crema\/#primaryimage","url":"https:\/\/musso.pet\/wp-content\/uploads\/2025\/12\/photo_2025-12-12_17-17-47.jpg","contentUrl":"https:\/\/musso.pet\/wp-content\/uploads\/2025\/12\/photo_2025-12-12_17-17-47.jpg","width":2560,"height":2560},{"@type":"BreadcrumbList","@id":"https:\/\/musso.pet\/p\/zestaw-z-obroza-vero-crema\/#breadcrumb","itemListElement":[{"@type":"ListItem","position":1,"name":"G\u0142\u00f3wna","item":"https:\/\/musso.pet\/"},{"@type":"ListItem","position":2,"name":"Sklep","item":"https:\/\/musso.pet\/s\/"},{"@type":"ListItem","position":3,"name":"Zestawy","item":"https:\/\/musso.pet\/cat\/zestawy\/"},{"@type":"ListItem","position":4,"name":"Zestaw z obro\u017c\u0105 Vero Crema"}]},{"@type":"WebSite","@id":"https:\/\/musso.pet\/#website","url":"https:\/\/musso.pet\/","name":"Musso","description":"Designerskie akcesoria dla ps\u00f3w","publisher":{"@id":"https:\/\/musso.pet\/#organization"},"potentialAction":[{"@type":"SearchAction","target":{"@type":"EntryPoint","urlTemplate":"https:\/\/musso.pet\/?s={search_term_string}"},"query-input":{"@type":"PropertyValueSpecification","valueRequired":true,"valueName":"search_term_string"}}],"inLanguage":"en-US"},{"@type":"Organization","@id":"https:\/\/musso.pet\/#organization","name":"Musso","url":"https:\/\/musso.pet\/","logo":{"@type":"ImageObject","inLanguage":"en-US","@id":"https:\/\/musso.pet\/#\/schema\/logo\/image\/","url":"https:\/\/musso.pet\/wp-content\/uploads\/2023\/04\/musso-logo-v3.svg","contentUrl":"https:\/\/musso.pet\/wp-content\/uploads\/2023\/04\/musso-logo-v3.svg","width":212,"height":44,"caption":"Musso"},"image":{"@id":"https:\/\/musso.pet\/#\/schema\/logo\/image\/"}}]}},"_links":{"self":[{"href":"https:\/\/musso.pet\/en\/wp-json\/wp\/v2\/product\/3248","targetHints":{"allow":["GET"]}}],"collection":[{"href":"https:\/\/musso.pet\/en\/wp-json\/wp\/v2\/product"}],"about":[{"href":"https:\/\/musso.pet\/en\/wp-json\/wp\/v2\/types\/product"}],"author":[{"embeddable":true,"href":"https:\/\/musso.pet\/en\/wp-json\/wp\/v2\/users\/5"}],"replies":[{"embeddable":true,"href":"https:\/\/musso.pet\/en\/wp-json\/wp\/v2\/comments?post=3248"}],"wp:featuredmedia":[{"embeddable":true,"href":"https:\/\/musso.pet\/en\/wp-json\/wp\/v2\/media\/5040"}],"wp:attachment":[{"href":"https:\/\/musso.pet\/en\/wp-json\/wp\/v2\/media?parent=3248"}],"wp:term":[{"taxonomy":"product_brand","embeddable":true,"href":"https:\/\/musso.pet\/en\/wp-json\/wp\/v2\/product_brand?post=3248"},{"taxonomy":"product_cat","embeddable":true,"href":"https:\/\/musso.pet\/en\/wp-json\/wp\/v2\/product_cat?post=3248"},{"taxonomy":"product_tag","embeddable":true,"href":"https:\/\/musso.pet\/en\/wp-json\/wp\/v2\/product_tag?post=3248"},{"taxonomy":"brand","embeddable":true,"href":"https:\/\/musso.pet\/en\/wp-json\/wp\/v2\/brand?post=3248"}],"curies":[{"name":"wp","href":"https:\/\/api.w.org\/{rel}","templated":true}]}}