{"id":3220,"date":"2025-06-17T13:58:49","date_gmt":"2025-06-17T10:58:49","guid":{"rendered":"https:\/\/musso.pet\/?post_type=product&#038;p=3220"},"modified":"2026-04-03T10:43:53","modified_gmt":"2026-04-03T07:43:53","slug":"plaszczyk-przeciwdeszczowy-dla-psa-rivo-cipria","status":"publish","type":"product","link":"https:\/\/musso.pet\/en\/p\/plaszczyk-przeciwdeszczowy-dla-psa-rivo-cipria\/","title":{"rendered":"Rivo Cipria raincoat for dog"},"content":{"rendered":"<p data-start=\"207\" data-end=\"397\">Rivo Cipria dog raincoat is a practical model for rainy days. It protects against moisture and light rain, proving useful for daily walks in spring and autumn.<\/p>\n<p data-start=\"399\" data-end=\"597\">The classic shade of powder pink goes well with many accessories and gives the whole look an elegant but subdued touch. It's a good choice for those looking for a comfortable solution without being overly sporty. The material is moisture-resistant and helps reduce coat soaking during shorter walks. The cut adapts well to the dog's figure, does not restrict movement and allows the dog to move freely. The button closure makes it easy to put on quickly, and the mesh lining improves wearing comfort. An opening at the neck allows you to attach a leash to a harness or collar without removing the coat.<\/p>\n<p data-start=\"987\" data-end=\"1258\">Rivo Cipria dog raincoat is recommended for small and medium-sized breeds such as Chihuahua, Yorkshire Terrier, Maltipoo or Maltese. It will come in handy when the weather is changeable and you want protection from the rain without a heavy, insulated jacket.<\/p>\n<p data-start=\"703\" data-end=\"886\">Made in Italy.<\/p>\n<p data-start=\"888\" data-end=\"998\">Composition: 100% polyester<br data-start=\"913\" data-end=\"916\" \/>Lining: 100% acetate (mesh).<\/p>\n<p data-start=\"888\" data-end=\"998\">See also other <a href=\"https:\/\/musso.pet\/en\/cat\/sweterki\/\">MUSSO dog sweaters<\/a> and a collection of <a href=\"https:\/\/musso.pet\/en\/cat\/ubranka-dla-psow\/\">dog clothes<\/a>.<\/p>","protected":false},"excerpt":{"rendered":"<p>P\u0142aszcz przeciwdeszczowy dla psa Rivo Cipria to praktyczny model na deszczowe dni. Chroni przed wilgoci\u0105 i lekkim deszczem, sprawdzaj\u0105c si\u0119 podczas codziennych spacer\u00f3w wiosn\u0105 i jesieni\u0105. Klasyczny odcie\u0144 pudrowego r\u00f3\u017cu pasuje do wielu akcesori\u00f3w i nadaje ca\u0142o\u015bci elegancki, ale stonowany wygl\u0105d. To dobry wyb\u00f3r dla os\u00f3b, kt\u00f3re szukaj\u0105 wygodnego rozwi\u0105zania bez przesadnie sportowego charakteru. Materia\u0142 [&hellip;]<\/p>","protected":false},"author":5,"featured_media":3363,"comment_status":"open","ping_status":"closed","template":"","meta":[],"product_brand":[],"product_cat":[117,121,68],"product_tag":[],"brand":[],"class_list":{"0":"post-3220","1":"product","2":"type-product","3":"status-publish","4":"has-post-thumbnail","6":"product_cat-kurtki-i-plaszcze","7":"product_cat-shop-the-look-vero-lavanda","8":"product_cat-ubranka-dla-psow","9":"pa_color-rozowy","10":"pa_rozmiar-xs","11":"pa_rozmiar-s","12":"pa_rozmiar-m","13":"pa_rozmiar-l","14":"pa_rozmiar-xl","16":"first","17":"instock","18":"taxable","19":"shipping-taxable","20":"purchasable","21":"product-type-variable","22":"wvs-archive-product-wrapper"},"yoast_head":"<!-- This site is optimized with the Yoast SEO plugin v25.6 - https:\/\/yoast.com\/wordpress\/plugins\/seo\/ -->\n<title>P\u0142aszcz przeciwdeszczowy dla psa r\u00f3\u017cowy Rivo Cipria | MUSSO<\/title>\n<meta name=\"description\" content=\"Lekki p\u0142aszcz przeciwdeszczowy dla psa Rivo Cipria chroni przed wilgoci\u0105 i lekkim deszczem. Idealny na deszcz dla Chihuahua, Yorkshire Terriera i Maltipoo.\" \/>\n<meta name=\"robots\" content=\"index, follow, max-snippet:-1, max-image-preview:large, max-video-preview:-1\" \/>\n<link rel=\"canonical\" href=\"https:\/\/musso.pet\/en\/p\/plaszczyk-przeciwdeszczowy-dla-psa-rivo-cipria\/\" \/>\n<meta property=\"og:locale\" content=\"en_US\" \/>\n<meta property=\"og:type\" content=\"article\" \/>\n<meta property=\"og:title\" content=\"P\u0142aszcz przeciwdeszczowy dla psa r\u00f3\u017cowy Rivo Cipria | MUSSO\" \/>\n<meta property=\"og:description\" content=\"Lekki p\u0142aszcz przeciwdeszczowy dla psa Rivo Cipria chroni przed wilgoci\u0105 i lekkim deszczem. Idealny na deszcz dla Chihuahua, Yorkshire Terriera i Maltipoo.\" \/>\n<meta property=\"og:url\" content=\"https:\/\/musso.pet\/en\/p\/plaszczyk-przeciwdeszczowy-dla-psa-rivo-cipria\/\" \/>\n<meta property=\"og:site_name\" content=\"Musso\" \/>\n<meta property=\"article:modified_time\" content=\"2026-04-03T07:43:53+00:00\" \/>\n<meta property=\"og:image\" content=\"https:\/\/musso.pet\/wp-content\/uploads\/2025\/06\/dsc_3611-scaled.jpg\" \/>\n\t<meta property=\"og:image:width\" content=\"2560\" \/>\n\t<meta property=\"og:image:height\" content=\"2560\" \/>\n\t<meta property=\"og:image:type\" content=\"image\/jpeg\" \/>\n<meta name=\"twitter:card\" content=\"summary_large_image\" \/>\n<meta name=\"twitter:label1\" content=\"Est. reading time\" \/>\n\t<meta name=\"twitter:data1\" content=\"1 minute\" \/>\n<script type=\"application\/ld+json\" class=\"yoast-schema-graph\">{\"@context\":\"https:\/\/schema.org\",\"@graph\":[{\"@type\":\"WebPage\",\"@id\":\"https:\/\/musso.pet\/p\/plaszczyk-przeciwdeszczowy-dla-psa-rivo-cipria\/\",\"url\":\"https:\/\/musso.pet\/p\/plaszczyk-przeciwdeszczowy-dla-psa-rivo-cipria\/\",\"name\":\"P\u0142aszcz przeciwdeszczowy dla psa r\u00f3\u017cowy Rivo Cipria | MUSSO\",\"isPartOf\":{\"@id\":\"https:\/\/musso.pet\/#website\"},\"primaryImageOfPage\":{\"@id\":\"https:\/\/musso.pet\/p\/plaszczyk-przeciwdeszczowy-dla-psa-rivo-cipria\/#primaryimage\"},\"image\":{\"@id\":\"https:\/\/musso.pet\/p\/plaszczyk-przeciwdeszczowy-dla-psa-rivo-cipria\/#primaryimage\"},\"thumbnailUrl\":\"https:\/\/musso.pet\/wp-content\/uploads\/2025\/06\/dsc_3611-scaled.jpg\",\"datePublished\":\"2025-06-17T10:58:49+00:00\",\"dateModified\":\"2026-04-03T07:43:53+00:00\",\"description\":\"Lekki p\u0142aszcz przeciwdeszczowy dla psa Rivo Cipria chroni przed wilgoci\u0105 i lekkim deszczem. Idealny na deszcz dla Chihuahua, Yorkshire Terriera i Maltipoo.\",\"breadcrumb\":{\"@id\":\"https:\/\/musso.pet\/p\/plaszczyk-przeciwdeszczowy-dla-psa-rivo-cipria\/#breadcrumb\"},\"inLanguage\":\"en-US\",\"potentialAction\":[{\"@type\":\"ReadAction\",\"target\":[\"https:\/\/musso.pet\/p\/plaszczyk-przeciwdeszczowy-dla-psa-rivo-cipria\/\"]}]},{\"@type\":\"ImageObject\",\"inLanguage\":\"en-US\",\"@id\":\"https:\/\/musso.pet\/p\/plaszczyk-przeciwdeszczowy-dla-psa-rivo-cipria\/#primaryimage\",\"url\":\"https:\/\/musso.pet\/wp-content\/uploads\/2025\/06\/dsc_3611-scaled.jpg\",\"contentUrl\":\"https:\/\/musso.pet\/wp-content\/uploads\/2025\/06\/dsc_3611-scaled.jpg\",\"width\":2560,\"height\":2560,\"caption\":\"p\u0142aszcz przeciwdeszczowy dla psa Rivo Cipria\"},{\"@type\":\"BreadcrumbList\",\"@id\":\"https:\/\/musso.pet\/p\/plaszczyk-przeciwdeszczowy-dla-psa-rivo-cipria\/#breadcrumb\",\"itemListElement\":[{\"@type\":\"ListItem\",\"position\":1,\"name\":\"G\u0142\u00f3wna\",\"item\":\"https:\/\/musso.pet\/\"},{\"@type\":\"ListItem\",\"position\":2,\"name\":\"Sklep\",\"item\":\"https:\/\/musso.pet\/s\/\"},{\"@type\":\"ListItem\",\"position\":3,\"name\":\"Ubranka dla ps\u00f3w\",\"item\":\"https:\/\/musso.pet\/cat\/ubranka-dla-psow\/\"},{\"@type\":\"ListItem\",\"position\":4,\"name\":\"P\u0142aszczyk przeciwdeszczowy dla psa Rivo Cipria\"}]},{\"@type\":\"WebSite\",\"@id\":\"https:\/\/musso.pet\/#website\",\"url\":\"https:\/\/musso.pet\/\",\"name\":\"Musso\",\"description\":\"Designerskie akcesoria dla ps\u00f3w\",\"publisher\":{\"@id\":\"https:\/\/musso.pet\/#organization\"},\"potentialAction\":[{\"@type\":\"SearchAction\",\"target\":{\"@type\":\"EntryPoint\",\"urlTemplate\":\"https:\/\/musso.pet\/?s={search_term_string}\"},\"query-input\":{\"@type\":\"PropertyValueSpecification\",\"valueRequired\":true,\"valueName\":\"search_term_string\"}}],\"inLanguage\":\"en-US\"},{\"@type\":\"Organization\",\"@id\":\"https:\/\/musso.pet\/#organization\",\"name\":\"Musso\",\"url\":\"https:\/\/musso.pet\/\",\"logo\":{\"@type\":\"ImageObject\",\"inLanguage\":\"en-US\",\"@id\":\"https:\/\/musso.pet\/#\/schema\/logo\/image\/\",\"url\":\"https:\/\/musso.pet\/wp-content\/uploads\/2023\/04\/musso-logo-v3.svg\",\"contentUrl\":\"https:\/\/musso.pet\/wp-content\/uploads\/2023\/04\/musso-logo-v3.svg\",\"width\":212,\"height\":44,\"caption\":\"Musso\"},\"image\":{\"@id\":\"https:\/\/musso.pet\/#\/schema\/logo\/image\/\"}}]}<\/script>\n<!-- \/ Yoast SEO plugin. -->","yoast_head_json":{"title":"P\u0142aszcz przeciwdeszczowy dla psa r\u00f3\u017cowy Rivo Cipria | MUSSO","description":"Lekki p\u0142aszcz przeciwdeszczowy dla psa Rivo Cipria chroni przed wilgoci\u0105 i lekkim deszczem. Idealny na deszcz dla Chihuahua, Yorkshire Terriera i Maltipoo.","robots":{"index":"index","follow":"follow","max-snippet":"max-snippet:-1","max-image-preview":"max-image-preview:large","max-video-preview":"max-video-preview:-1"},"canonical":"https:\/\/musso.pet\/en\/p\/plaszczyk-przeciwdeszczowy-dla-psa-rivo-cipria\/","og_locale":"en_US","og_type":"article","og_title":"P\u0142aszcz przeciwdeszczowy dla psa r\u00f3\u017cowy Rivo Cipria | MUSSO","og_description":"Lekki p\u0142aszcz przeciwdeszczowy dla psa Rivo Cipria chroni przed wilgoci\u0105 i lekkim deszczem. Idealny na deszcz dla Chihuahua, Yorkshire Terriera i Maltipoo.","og_url":"https:\/\/musso.pet\/en\/p\/plaszczyk-przeciwdeszczowy-dla-psa-rivo-cipria\/","og_site_name":"Musso","article_modified_time":"2026-04-03T07:43:53+00:00","og_image":[{"width":2560,"height":2560,"url":"https:\/\/musso.pet\/wp-content\/uploads\/2025\/06\/dsc_3611-scaled.jpg","type":"image\/jpeg"}],"twitter_card":"summary_large_image","twitter_misc":{"Est. reading time":"1 minute"},"schema":{"@context":"https:\/\/schema.org","@graph":[{"@type":"WebPage","@id":"https:\/\/musso.pet\/p\/plaszczyk-przeciwdeszczowy-dla-psa-rivo-cipria\/","url":"https:\/\/musso.pet\/p\/plaszczyk-przeciwdeszczowy-dla-psa-rivo-cipria\/","name":"P\u0142aszcz przeciwdeszczowy dla psa r\u00f3\u017cowy Rivo Cipria | MUSSO","isPartOf":{"@id":"https:\/\/musso.pet\/#website"},"primaryImageOfPage":{"@id":"https:\/\/musso.pet\/p\/plaszczyk-przeciwdeszczowy-dla-psa-rivo-cipria\/#primaryimage"},"image":{"@id":"https:\/\/musso.pet\/p\/plaszczyk-przeciwdeszczowy-dla-psa-rivo-cipria\/#primaryimage"},"thumbnailUrl":"https:\/\/musso.pet\/wp-content\/uploads\/2025\/06\/dsc_3611-scaled.jpg","datePublished":"2025-06-17T10:58:49+00:00","dateModified":"2026-04-03T07:43:53+00:00","description":"Lekki p\u0142aszcz przeciwdeszczowy dla psa Rivo Cipria chroni przed wilgoci\u0105 i lekkim deszczem. Idealny na deszcz dla Chihuahua, Yorkshire Terriera i Maltipoo.","breadcrumb":{"@id":"https:\/\/musso.pet\/p\/plaszczyk-przeciwdeszczowy-dla-psa-rivo-cipria\/#breadcrumb"},"inLanguage":"en-US","potentialAction":[{"@type":"ReadAction","target":["https:\/\/musso.pet\/p\/plaszczyk-przeciwdeszczowy-dla-psa-rivo-cipria\/"]}]},{"@type":"ImageObject","inLanguage":"en-US","@id":"https:\/\/musso.pet\/p\/plaszczyk-przeciwdeszczowy-dla-psa-rivo-cipria\/#primaryimage","url":"https:\/\/musso.pet\/wp-content\/uploads\/2025\/06\/dsc_3611-scaled.jpg","contentUrl":"https:\/\/musso.pet\/wp-content\/uploads\/2025\/06\/dsc_3611-scaled.jpg","width":2560,"height":2560,"caption":"p\u0142aszcz przeciwdeszczowy dla psa Rivo Cipria"},{"@type":"BreadcrumbList","@id":"https:\/\/musso.pet\/p\/plaszczyk-przeciwdeszczowy-dla-psa-rivo-cipria\/#breadcrumb","itemListElement":[{"@type":"ListItem","position":1,"name":"G\u0142\u00f3wna","item":"https:\/\/musso.pet\/"},{"@type":"ListItem","position":2,"name":"Sklep","item":"https:\/\/musso.pet\/s\/"},{"@type":"ListItem","position":3,"name":"Ubranka dla ps\u00f3w","item":"https:\/\/musso.pet\/cat\/ubranka-dla-psow\/"},{"@type":"ListItem","position":4,"name":"P\u0142aszczyk przeciwdeszczowy dla psa Rivo Cipria"}]},{"@type":"WebSite","@id":"https:\/\/musso.pet\/#website","url":"https:\/\/musso.pet\/","name":"Musso","description":"Designerskie akcesoria dla ps\u00f3w","publisher":{"@id":"https:\/\/musso.pet\/#organization"},"potentialAction":[{"@type":"SearchAction","target":{"@type":"EntryPoint","urlTemplate":"https:\/\/musso.pet\/?s={search_term_string}"},"query-input":{"@type":"PropertyValueSpecification","valueRequired":true,"valueName":"search_term_string"}}],"inLanguage":"en-US"},{"@type":"Organization","@id":"https:\/\/musso.pet\/#organization","name":"Musso","url":"https:\/\/musso.pet\/","logo":{"@type":"ImageObject","inLanguage":"en-US","@id":"https:\/\/musso.pet\/#\/schema\/logo\/image\/","url":"https:\/\/musso.pet\/wp-content\/uploads\/2023\/04\/musso-logo-v3.svg","contentUrl":"https:\/\/musso.pet\/wp-content\/uploads\/2023\/04\/musso-logo-v3.svg","width":212,"height":44,"caption":"Musso"},"image":{"@id":"https:\/\/musso.pet\/#\/schema\/logo\/image\/"}}]}},"_links":{"self":[{"href":"https:\/\/musso.pet\/en\/wp-json\/wp\/v2\/product\/3220","targetHints":{"allow":["GET"]}}],"collection":[{"href":"https:\/\/musso.pet\/en\/wp-json\/wp\/v2\/product"}],"about":[{"href":"https:\/\/musso.pet\/en\/wp-json\/wp\/v2\/types\/product"}],"author":[{"embeddable":true,"href":"https:\/\/musso.pet\/en\/wp-json\/wp\/v2\/users\/5"}],"replies":[{"embeddable":true,"href":"https:\/\/musso.pet\/en\/wp-json\/wp\/v2\/comments?post=3220"}],"wp:featuredmedia":[{"embeddable":true,"href":"https:\/\/musso.pet\/en\/wp-json\/wp\/v2\/media\/3363"}],"wp:attachment":[{"href":"https:\/\/musso.pet\/en\/wp-json\/wp\/v2\/media?parent=3220"}],"wp:term":[{"taxonomy":"product_brand","embeddable":true,"href":"https:\/\/musso.pet\/en\/wp-json\/wp\/v2\/product_brand?post=3220"},{"taxonomy":"product_cat","embeddable":true,"href":"https:\/\/musso.pet\/en\/wp-json\/wp\/v2\/product_cat?post=3220"},{"taxonomy":"product_tag","embeddable":true,"href":"https:\/\/musso.pet\/en\/wp-json\/wp\/v2\/product_tag?post=3220"},{"taxonomy":"brand","embeddable":true,"href":"https:\/\/musso.pet\/en\/wp-json\/wp\/v2\/brand?post=3220"}],"curies":[{"name":"wp","href":"https:\/\/api.w.org\/{rel}","templated":true}]}}