{"id":3197,"date":"2025-06-17T13:10:23","date_gmt":"2025-06-17T10:10:23","guid":{"rendered":"https:\/\/musso.pet\/?post_type=product&#038;p=3197"},"modified":"2026-04-03T10:42:40","modified_gmt":"2026-04-03T07:42:40","slug":"bomberka-dla-psa-brio-crema","status":"publish","type":"product","link":"https:\/\/musso.pet\/en\/p\/bomberka-dla-psa-brio-crema\/","title":{"rendered":"Brio Crema Dog Bomber"},"content":{"rendered":"<p data-start=\"306\" data-end=\"526\">Brio Crema small breed dog sweatshirt is a lightweight and elegant choice for cooler days. The light cream shade and classic cut make the model perfect for morning and evening walks.<\/p>\n<p data-start=\"528\" data-end=\"814\">When designing this small breed dog sweatshirt, we focused on comfort and freedom of movement. The elastic material adapts to the figure of your pet, does not press and does not restrict activity. Thanks to the comfortable cut, you can quickly put on the garment and easily fit it into your daily walks.<\/p>\n<p data-start=\"816\" data-end=\"1101\">Brio was sewn from high-quality Italian knit fabric with a high viscose content, making the material soft, breathable and pleasant to the touch. The satin acetate lining protects the coat from tangling and electrification, which is especially important for long-haired breeds. Pearl buttons add subtle elegance to the overall look.<\/p>\n<p data-start=\"1103\" data-end=\"1339\">Brio Crema small breed dog sweatshirt will work especially well for breeds such as Chihuahua, Yorkshire Terrier, Maltese, Poodle toy or Shih Tzu. It provides thermal comfort in spring and autumn, while not overheating.<\/p>\n<p data-start=\"1703\" data-end=\"1804\">Composition: 60% viscose, 15% cotton, 15% polyester, 10% elastane (Lycra\u00ae)<br data-start=\"1775\" data-end=\"1778\" \/>Lining: 100% acetate<\/p>\n<p data-start=\"1806\" data-end=\"1843\">Made in Italy<\/p>\n<p data-start=\"1806\" data-end=\"1843\">See also <a href=\"https:\/\/musso.pet\/en\/cat\/sweterki\/\">MUSSO dog sweaters<\/a> and a collection of <a href=\"https:\/\/musso.pet\/en\/cat\/ubranka-dla-psow\/\">dog clothes<\/a>.<\/p>","protected":false},"excerpt":{"rendered":"<p>Bluza dla psa ma\u0142ych ras Brio Crema to lekka i elegancka propozycja na ch\u0142odniejsze dni. Jasny, kremowy odcie\u0144 i klasyczny kr\u00f3j sprawiaj\u0105, \u017ce model \u015bwietnie sprawdza si\u0119 podczas porannych i wieczornych spacer\u00f3w. Projektuj\u0105c t\u0119 bluz\u0119 dla psa ma\u0142ych ras, skupili\u015bmy si\u0119 na komforcie i swobodzie ruch\u00f3w. Elastyczny materia\u0142 dopasowuje si\u0119 do sylwetki pupila, nie uciska [&hellip;]<\/p>","protected":false},"author":5,"featured_media":3205,"comment_status":"open","ping_status":"closed","template":"","meta":[],"product_brand":[],"product_cat":[117,123,68],"product_tag":[],"brand":[],"class_list":{"0":"post-3197","1":"product","2":"type-product","3":"status-publish","4":"has-post-thumbnail","6":"product_cat-kurtki-i-plaszcze","7":"product_cat-shop-the-look-vero-crema","8":"product_cat-ubranka-dla-psow","9":"pa_color-kremowy","10":"pa_rozmiar-xs","11":"pa_rozmiar-s","12":"pa_rozmiar-m","13":"pa_rozmiar-l","14":"pa_rozmiar-xl","16":"first","17":"instock","18":"taxable","19":"shipping-taxable","20":"purchasable","21":"product-type-variable","22":"wvs-archive-product-wrapper"},"yoast_head":"<!-- This site is optimized with the Yoast SEO plugin v25.6 - https:\/\/yoast.com\/wordpress\/plugins\/seo\/ -->\n<title>Elegancka bluza dla psa ma\u0142ych ras Brio Crema<\/title>\n<meta name=\"description\" content=\"Elegancka bluza dla psa ma\u0142ych ras Brio Crema. Lekka, wygodna i uszyta we W\u0142oszech. Idealna dla Chihuahua, Pudla, Yorka i Maltipoo.\" \/>\n<meta name=\"robots\" content=\"index, follow, max-snippet:-1, max-image-preview:large, max-video-preview:-1\" \/>\n<link rel=\"canonical\" href=\"https:\/\/musso.pet\/en\/p\/bomberka-dla-psa-brio-crema\/\" \/>\n<meta property=\"og:locale\" content=\"en_US\" \/>\n<meta property=\"og:type\" content=\"article\" \/>\n<meta property=\"og:title\" content=\"Elegancka bluza dla psa ma\u0142ych ras Brio Crema\" \/>\n<meta property=\"og:description\" content=\"Elegancka bluza dla psa ma\u0142ych ras Brio Crema. Lekka, wygodna i uszyta we W\u0142oszech. Idealna dla Chihuahua, Pudla, Yorka i Maltipoo.\" \/>\n<meta property=\"og:url\" content=\"https:\/\/musso.pet\/en\/p\/bomberka-dla-psa-brio-crema\/\" \/>\n<meta property=\"og:site_name\" content=\"Musso\" \/>\n<meta property=\"article:modified_time\" content=\"2026-04-03T07:42:40+00:00\" \/>\n<meta property=\"og:image\" content=\"https:\/\/musso.pet\/wp-content\/uploads\/2025\/06\/7-41-scaled.jpg\" \/>\n\t<meta property=\"og:image:width\" content=\"2560\" \/>\n\t<meta property=\"og:image:height\" content=\"2560\" \/>\n\t<meta property=\"og:image:type\" content=\"image\/jpeg\" \/>\n<meta name=\"twitter:card\" content=\"summary_large_image\" \/>\n<meta name=\"twitter:label1\" content=\"Est. reading time\" \/>\n\t<meta name=\"twitter:data1\" content=\"1 minute\" \/>\n<script type=\"application\/ld+json\" class=\"yoast-schema-graph\">{\"@context\":\"https:\/\/schema.org\",\"@graph\":[{\"@type\":\"WebPage\",\"@id\":\"https:\/\/musso.pet\/p\/bomberka-dla-psa-brio-crema\/\",\"url\":\"https:\/\/musso.pet\/p\/bomberka-dla-psa-brio-crema\/\",\"name\":\"Elegancka bluza dla psa ma\u0142ych ras Brio Crema\",\"isPartOf\":{\"@id\":\"https:\/\/musso.pet\/#website\"},\"primaryImageOfPage\":{\"@id\":\"https:\/\/musso.pet\/p\/bomberka-dla-psa-brio-crema\/#primaryimage\"},\"image\":{\"@id\":\"https:\/\/musso.pet\/p\/bomberka-dla-psa-brio-crema\/#primaryimage\"},\"thumbnailUrl\":\"https:\/\/musso.pet\/wp-content\/uploads\/2025\/06\/7-41-scaled.jpg\",\"datePublished\":\"2025-06-17T10:10:23+00:00\",\"dateModified\":\"2026-04-03T07:42:40+00:00\",\"description\":\"Elegancka bluza dla psa ma\u0142ych ras Brio Crema. Lekka, wygodna i uszyta we W\u0142oszech. Idealna dla Chihuahua, Pudla, Yorka i Maltipoo.\",\"breadcrumb\":{\"@id\":\"https:\/\/musso.pet\/p\/bomberka-dla-psa-brio-crema\/#breadcrumb\"},\"inLanguage\":\"en-US\",\"potentialAction\":[{\"@type\":\"ReadAction\",\"target\":[\"https:\/\/musso.pet\/p\/bomberka-dla-psa-brio-crema\/\"]}]},{\"@type\":\"ImageObject\",\"inLanguage\":\"en-US\",\"@id\":\"https:\/\/musso.pet\/p\/bomberka-dla-psa-brio-crema\/#primaryimage\",\"url\":\"https:\/\/musso.pet\/wp-content\/uploads\/2025\/06\/7-41-scaled.jpg\",\"contentUrl\":\"https:\/\/musso.pet\/wp-content\/uploads\/2025\/06\/7-41-scaled.jpg\",\"width\":2560,\"height\":2560,\"caption\":\"bluza dla psa ma\u0142ych ras Brio Crema\"},{\"@type\":\"BreadcrumbList\",\"@id\":\"https:\/\/musso.pet\/p\/bomberka-dla-psa-brio-crema\/#breadcrumb\",\"itemListElement\":[{\"@type\":\"ListItem\",\"position\":1,\"name\":\"G\u0142\u00f3wna\",\"item\":\"https:\/\/musso.pet\/\"},{\"@type\":\"ListItem\",\"position\":2,\"name\":\"Sklep\",\"item\":\"https:\/\/musso.pet\/s\/\"},{\"@type\":\"ListItem\",\"position\":3,\"name\":\"Ubranka dla ps\u00f3w\",\"item\":\"https:\/\/musso.pet\/cat\/ubranka-dla-psow\/\"},{\"@type\":\"ListItem\",\"position\":4,\"name\":\"Bomberka dla psa Brio Crema\"}]},{\"@type\":\"WebSite\",\"@id\":\"https:\/\/musso.pet\/#website\",\"url\":\"https:\/\/musso.pet\/\",\"name\":\"Musso\",\"description\":\"Designerskie akcesoria dla ps\u00f3w\",\"publisher\":{\"@id\":\"https:\/\/musso.pet\/#organization\"},\"potentialAction\":[{\"@type\":\"SearchAction\",\"target\":{\"@type\":\"EntryPoint\",\"urlTemplate\":\"https:\/\/musso.pet\/?s={search_term_string}\"},\"query-input\":{\"@type\":\"PropertyValueSpecification\",\"valueRequired\":true,\"valueName\":\"search_term_string\"}}],\"inLanguage\":\"en-US\"},{\"@type\":\"Organization\",\"@id\":\"https:\/\/musso.pet\/#organization\",\"name\":\"Musso\",\"url\":\"https:\/\/musso.pet\/\",\"logo\":{\"@type\":\"ImageObject\",\"inLanguage\":\"en-US\",\"@id\":\"https:\/\/musso.pet\/#\/schema\/logo\/image\/\",\"url\":\"https:\/\/musso.pet\/wp-content\/uploads\/2023\/04\/musso-logo-v3.svg\",\"contentUrl\":\"https:\/\/musso.pet\/wp-content\/uploads\/2023\/04\/musso-logo-v3.svg\",\"width\":212,\"height\":44,\"caption\":\"Musso\"},\"image\":{\"@id\":\"https:\/\/musso.pet\/#\/schema\/logo\/image\/\"}}]}<\/script>\n<!-- \/ Yoast SEO plugin. -->","yoast_head_json":{"title":"Elegancka bluza dla psa ma\u0142ych ras Brio Crema","description":"Elegancka bluza dla psa ma\u0142ych ras Brio Crema. Lekka, wygodna i uszyta we W\u0142oszech. Idealna dla Chihuahua, Pudla, Yorka i Maltipoo.","robots":{"index":"index","follow":"follow","max-snippet":"max-snippet:-1","max-image-preview":"max-image-preview:large","max-video-preview":"max-video-preview:-1"},"canonical":"https:\/\/musso.pet\/en\/p\/bomberka-dla-psa-brio-crema\/","og_locale":"en_US","og_type":"article","og_title":"Elegancka bluza dla psa ma\u0142ych ras Brio Crema","og_description":"Elegancka bluza dla psa ma\u0142ych ras Brio Crema. Lekka, wygodna i uszyta we W\u0142oszech. Idealna dla Chihuahua, Pudla, Yorka i Maltipoo.","og_url":"https:\/\/musso.pet\/en\/p\/bomberka-dla-psa-brio-crema\/","og_site_name":"Musso","article_modified_time":"2026-04-03T07:42:40+00:00","og_image":[{"width":2560,"height":2560,"url":"https:\/\/musso.pet\/wp-content\/uploads\/2025\/06\/7-41-scaled.jpg","type":"image\/jpeg"}],"twitter_card":"summary_large_image","twitter_misc":{"Est. reading time":"1 minute"},"schema":{"@context":"https:\/\/schema.org","@graph":[{"@type":"WebPage","@id":"https:\/\/musso.pet\/p\/bomberka-dla-psa-brio-crema\/","url":"https:\/\/musso.pet\/p\/bomberka-dla-psa-brio-crema\/","name":"Elegancka bluza dla psa ma\u0142ych ras Brio Crema","isPartOf":{"@id":"https:\/\/musso.pet\/#website"},"primaryImageOfPage":{"@id":"https:\/\/musso.pet\/p\/bomberka-dla-psa-brio-crema\/#primaryimage"},"image":{"@id":"https:\/\/musso.pet\/p\/bomberka-dla-psa-brio-crema\/#primaryimage"},"thumbnailUrl":"https:\/\/musso.pet\/wp-content\/uploads\/2025\/06\/7-41-scaled.jpg","datePublished":"2025-06-17T10:10:23+00:00","dateModified":"2026-04-03T07:42:40+00:00","description":"Elegancka bluza dla psa ma\u0142ych ras Brio Crema. Lekka, wygodna i uszyta we W\u0142oszech. Idealna dla Chihuahua, Pudla, Yorka i Maltipoo.","breadcrumb":{"@id":"https:\/\/musso.pet\/p\/bomberka-dla-psa-brio-crema\/#breadcrumb"},"inLanguage":"en-US","potentialAction":[{"@type":"ReadAction","target":["https:\/\/musso.pet\/p\/bomberka-dla-psa-brio-crema\/"]}]},{"@type":"ImageObject","inLanguage":"en-US","@id":"https:\/\/musso.pet\/p\/bomberka-dla-psa-brio-crema\/#primaryimage","url":"https:\/\/musso.pet\/wp-content\/uploads\/2025\/06\/7-41-scaled.jpg","contentUrl":"https:\/\/musso.pet\/wp-content\/uploads\/2025\/06\/7-41-scaled.jpg","width":2560,"height":2560,"caption":"bluza dla psa ma\u0142ych ras Brio Crema"},{"@type":"BreadcrumbList","@id":"https:\/\/musso.pet\/p\/bomberka-dla-psa-brio-crema\/#breadcrumb","itemListElement":[{"@type":"ListItem","position":1,"name":"G\u0142\u00f3wna","item":"https:\/\/musso.pet\/"},{"@type":"ListItem","position":2,"name":"Sklep","item":"https:\/\/musso.pet\/s\/"},{"@type":"ListItem","position":3,"name":"Ubranka dla ps\u00f3w","item":"https:\/\/musso.pet\/cat\/ubranka-dla-psow\/"},{"@type":"ListItem","position":4,"name":"Bomberka dla psa Brio Crema"}]},{"@type":"WebSite","@id":"https:\/\/musso.pet\/#website","url":"https:\/\/musso.pet\/","name":"Musso","description":"Designerskie akcesoria dla ps\u00f3w","publisher":{"@id":"https:\/\/musso.pet\/#organization"},"potentialAction":[{"@type":"SearchAction","target":{"@type":"EntryPoint","urlTemplate":"https:\/\/musso.pet\/?s={search_term_string}"},"query-input":{"@type":"PropertyValueSpecification","valueRequired":true,"valueName":"search_term_string"}}],"inLanguage":"en-US"},{"@type":"Organization","@id":"https:\/\/musso.pet\/#organization","name":"Musso","url":"https:\/\/musso.pet\/","logo":{"@type":"ImageObject","inLanguage":"en-US","@id":"https:\/\/musso.pet\/#\/schema\/logo\/image\/","url":"https:\/\/musso.pet\/wp-content\/uploads\/2023\/04\/musso-logo-v3.svg","contentUrl":"https:\/\/musso.pet\/wp-content\/uploads\/2023\/04\/musso-logo-v3.svg","width":212,"height":44,"caption":"Musso"},"image":{"@id":"https:\/\/musso.pet\/#\/schema\/logo\/image\/"}}]}},"_links":{"self":[{"href":"https:\/\/musso.pet\/en\/wp-json\/wp\/v2\/product\/3197","targetHints":{"allow":["GET"]}}],"collection":[{"href":"https:\/\/musso.pet\/en\/wp-json\/wp\/v2\/product"}],"about":[{"href":"https:\/\/musso.pet\/en\/wp-json\/wp\/v2\/types\/product"}],"author":[{"embeddable":true,"href":"https:\/\/musso.pet\/en\/wp-json\/wp\/v2\/users\/5"}],"replies":[{"embeddable":true,"href":"https:\/\/musso.pet\/en\/wp-json\/wp\/v2\/comments?post=3197"}],"wp:featuredmedia":[{"embeddable":true,"href":"https:\/\/musso.pet\/en\/wp-json\/wp\/v2\/media\/3205"}],"wp:attachment":[{"href":"https:\/\/musso.pet\/en\/wp-json\/wp\/v2\/media?parent=3197"}],"wp:term":[{"taxonomy":"product_brand","embeddable":true,"href":"https:\/\/musso.pet\/en\/wp-json\/wp\/v2\/product_brand?post=3197"},{"taxonomy":"product_cat","embeddable":true,"href":"https:\/\/musso.pet\/en\/wp-json\/wp\/v2\/product_cat?post=3197"},{"taxonomy":"product_tag","embeddable":true,"href":"https:\/\/musso.pet\/en\/wp-json\/wp\/v2\/product_tag?post=3197"},{"taxonomy":"brand","embeddable":true,"href":"https:\/\/musso.pet\/en\/wp-json\/wp\/v2\/brand?post=3197"}],"curies":[{"name":"wp","href":"https:\/\/api.w.org\/{rel}","templated":true}]}}