{"id":3175,"date":"2025-06-16T19:09:12","date_gmt":"2025-06-16T16:09:12","guid":{"rendered":"https:\/\/musso.pet\/?post_type=product&#038;p=3175"},"modified":"2025-12-19T17:47:18","modified_gmt":"2025-12-19T14:47:18","slug":"etui-na-woreczki-vero-azzurro","status":"publish","type":"product","link":"https:\/\/musso.pet\/en\/p\/etui-na-woreczki-vero-azzurro\/","title":{"rendered":"Vero Azzurro poop bag holder"},"content":{"rendered":"<p data-start=\"113\" data-end=\"350\">The Vero Azzurro poop bag holder is a delicate and timeless accessory, made of natural smooth Italian leather in a subtle shade of blue.<br data-start=\"244\" data-end=\"247\" \/>It fastens with a convenient snap, and has an opening on the back for quick pouch removal.<\/p>\n<p data-start=\"352\" data-end=\"578\">Equipped with a gold-colored metal snap hook, covered with a special protective coating that protects against scratches and moisture. The case can be easily clipped to a leash or bag, always having it at hand.<\/p>\n<p data-start=\"580\" data-end=\"699\">The overall look is complemented by light beige stitching and embossed logos that emphasize its elegant character.<\/p>\n<p data-start=\"725\" data-end=\"852\">Each piece is made by Italian craftsmen with the utmost care and packed in a decorative velour box.<\/p>\n<p data-start=\"854\" data-end=\"957\">The Vero Azzurro series also includes a leash, harness and collar.<br data-start=\"924\" data-end=\"927\" \/>Manufactured in Italy.<\/p>","protected":false},"excerpt":{"rendered":"<p>Etui Vero Azzurro to delikatny i ponadczasowy dodatek, wykonany z naturalnej, g\u0142adkiej sk\u00f3ry w\u0142oskiej w subtelnym odcieniu b\u0142\u0119kitu.Zapinane jest na wygodny zatrzask, a z ty\u0142u posiada otw\u00f3r umo\u017cliwiaj\u0105cy szybkie wyci\u0105gni\u0119cie woreczk\u00f3w. Wyposa\u017cone w metalowy karabi\u0144czyk w kolorze z\u0142ota, pokryty specjaln\u0105 pow\u0142ok\u0105 ochronn\u0105, kt\u00f3ra zabezpiecza przed zarysowaniami i wilgoci\u0105. Etui mo\u017cna \u0142atwo przypi\u0105\u0107 do smyczy lub [&hellip;]<\/p>","protected":false},"author":5,"featured_media":3178,"comment_status":"open","ping_status":"closed","template":"","meta":[],"product_brand":[],"product_cat":[106,105,72],"product_tag":[],"brand":[],"class_list":{"0":"post-3175","1":"product","2":"type-product","3":"status-publish","4":"has-post-thumbnail","6":"product_cat-new-in","7":"product_cat-timeless-collection","8":"product_cat-zasobniki-na-woreczki","9":"pa_color-niebeski","11":"first","12":"instock","13":"taxable","14":"shipping-taxable","15":"purchasable","16":"product-type-simple"},"yoast_head":"<!-- This site is optimized with the Yoast SEO plugin v25.6 - https:\/\/yoast.com\/wordpress\/plugins\/seo\/ -->\n<title>Etui na woreczki Vero Azzurro - Musso<\/title>\n<meta name=\"description\" content=\"Etui na woreczki Vero Azzurro kupi\u0107\" \/>\n<meta name=\"robots\" content=\"index, follow, max-snippet:-1, max-image-preview:large, max-video-preview:-1\" \/>\n<link rel=\"canonical\" href=\"https:\/\/musso.pet\/en\/p\/etui-na-woreczki-vero-azzurro\/\" \/>\n<meta property=\"og:locale\" content=\"en_US\" \/>\n<meta property=\"og:type\" content=\"article\" \/>\n<meta property=\"og:title\" content=\"Etui na woreczki Vero Azzurro - Musso\" \/>\n<meta property=\"og:description\" content=\"Etui na woreczki Vero Azzurro kupi\u0107\" \/>\n<meta property=\"og:url\" content=\"https:\/\/musso.pet\/en\/p\/etui-na-woreczki-vero-azzurro\/\" \/>\n<meta property=\"og:site_name\" content=\"Musso\" \/>\n<meta property=\"article:modified_time\" content=\"2025-12-19T14:47:18+00:00\" \/>\n<meta property=\"og:image\" content=\"https:\/\/musso.pet\/wp-content\/uploads\/2025\/06\/1-43-scaled.jpg\" \/>\n\t<meta property=\"og:image:width\" content=\"2560\" \/>\n\t<meta property=\"og:image:height\" content=\"2560\" \/>\n\t<meta property=\"og:image:type\" content=\"image\/jpeg\" \/>\n<meta name=\"twitter:card\" content=\"summary_large_image\" \/>\n<meta name=\"twitter:label1\" content=\"Est. reading time\" \/>\n\t<meta name=\"twitter:data1\" content=\"1 minute\" \/>\n<script type=\"application\/ld+json\" class=\"yoast-schema-graph\">{\"@context\":\"https:\/\/schema.org\",\"@graph\":[{\"@type\":\"WebPage\",\"@id\":\"https:\/\/musso.pet\/p\/etui-na-woreczki-vero-azzurro\/\",\"url\":\"https:\/\/musso.pet\/p\/etui-na-woreczki-vero-azzurro\/\",\"name\":\"Etui na woreczki Vero Azzurro - Musso\",\"isPartOf\":{\"@id\":\"https:\/\/musso.pet\/#website\"},\"primaryImageOfPage\":{\"@id\":\"https:\/\/musso.pet\/p\/etui-na-woreczki-vero-azzurro\/#primaryimage\"},\"image\":{\"@id\":\"https:\/\/musso.pet\/p\/etui-na-woreczki-vero-azzurro\/#primaryimage\"},\"thumbnailUrl\":\"https:\/\/musso.pet\/wp-content\/uploads\/2025\/06\/1-43-scaled.jpg\",\"datePublished\":\"2025-06-16T16:09:12+00:00\",\"dateModified\":\"2025-12-19T14:47:18+00:00\",\"description\":\"Etui na woreczki Vero Azzurro kupi\u0107\",\"breadcrumb\":{\"@id\":\"https:\/\/musso.pet\/p\/etui-na-woreczki-vero-azzurro\/#breadcrumb\"},\"inLanguage\":\"en-US\",\"potentialAction\":[{\"@type\":\"ReadAction\",\"target\":[\"https:\/\/musso.pet\/p\/etui-na-woreczki-vero-azzurro\/\"]}]},{\"@type\":\"ImageObject\",\"inLanguage\":\"en-US\",\"@id\":\"https:\/\/musso.pet\/p\/etui-na-woreczki-vero-azzurro\/#primaryimage\",\"url\":\"https:\/\/musso.pet\/wp-content\/uploads\/2025\/06\/1-43-scaled.jpg\",\"contentUrl\":\"https:\/\/musso.pet\/wp-content\/uploads\/2025\/06\/1-43-scaled.jpg\",\"width\":2560,\"height\":2560,\"caption\":\"Etui na woreczki Vero Azzurro\"},{\"@type\":\"BreadcrumbList\",\"@id\":\"https:\/\/musso.pet\/p\/etui-na-woreczki-vero-azzurro\/#breadcrumb\",\"itemListElement\":[{\"@type\":\"ListItem\",\"position\":1,\"name\":\"G\u0142\u00f3wna\",\"item\":\"https:\/\/musso.pet\/\"},{\"@type\":\"ListItem\",\"position\":2,\"name\":\"Sklep\",\"item\":\"https:\/\/musso.pet\/s\/\"},{\"@type\":\"ListItem\",\"position\":3,\"name\":\"Zasobniki na woreczki\",\"item\":\"https:\/\/musso.pet\/cat\/zasobniki-na-woreczki\/\"},{\"@type\":\"ListItem\",\"position\":4,\"name\":\"Etui na woreczki Vero Azzurro\"}]},{\"@type\":\"WebSite\",\"@id\":\"https:\/\/musso.pet\/#website\",\"url\":\"https:\/\/musso.pet\/\",\"name\":\"Musso\",\"description\":\"Designerskie akcesoria dla ps\u00f3w\",\"publisher\":{\"@id\":\"https:\/\/musso.pet\/#organization\"},\"potentialAction\":[{\"@type\":\"SearchAction\",\"target\":{\"@type\":\"EntryPoint\",\"urlTemplate\":\"https:\/\/musso.pet\/?s={search_term_string}\"},\"query-input\":{\"@type\":\"PropertyValueSpecification\",\"valueRequired\":true,\"valueName\":\"search_term_string\"}}],\"inLanguage\":\"en-US\"},{\"@type\":\"Organization\",\"@id\":\"https:\/\/musso.pet\/#organization\",\"name\":\"Musso\",\"url\":\"https:\/\/musso.pet\/\",\"logo\":{\"@type\":\"ImageObject\",\"inLanguage\":\"en-US\",\"@id\":\"https:\/\/musso.pet\/#\/schema\/logo\/image\/\",\"url\":\"https:\/\/musso.pet\/wp-content\/uploads\/2023\/04\/musso-logo-v3.svg\",\"contentUrl\":\"https:\/\/musso.pet\/wp-content\/uploads\/2023\/04\/musso-logo-v3.svg\",\"width\":212,\"height\":44,\"caption\":\"Musso\"},\"image\":{\"@id\":\"https:\/\/musso.pet\/#\/schema\/logo\/image\/\"}}]}<\/script>\n<!-- \/ Yoast SEO plugin. -->","yoast_head_json":{"title":"Etui na woreczki Vero Azzurro - Musso","description":"Etui na woreczki Vero Azzurro kupi\u0107","robots":{"index":"index","follow":"follow","max-snippet":"max-snippet:-1","max-image-preview":"max-image-preview:large","max-video-preview":"max-video-preview:-1"},"canonical":"https:\/\/musso.pet\/en\/p\/etui-na-woreczki-vero-azzurro\/","og_locale":"en_US","og_type":"article","og_title":"Etui na woreczki Vero Azzurro - Musso","og_description":"Etui na woreczki Vero Azzurro kupi\u0107","og_url":"https:\/\/musso.pet\/en\/p\/etui-na-woreczki-vero-azzurro\/","og_site_name":"Musso","article_modified_time":"2025-12-19T14:47:18+00:00","og_image":[{"width":2560,"height":2560,"url":"https:\/\/musso.pet\/wp-content\/uploads\/2025\/06\/1-43-scaled.jpg","type":"image\/jpeg"}],"twitter_card":"summary_large_image","twitter_misc":{"Est. reading time":"1 minute"},"schema":{"@context":"https:\/\/schema.org","@graph":[{"@type":"WebPage","@id":"https:\/\/musso.pet\/p\/etui-na-woreczki-vero-azzurro\/","url":"https:\/\/musso.pet\/p\/etui-na-woreczki-vero-azzurro\/","name":"Etui na woreczki Vero Azzurro - Musso","isPartOf":{"@id":"https:\/\/musso.pet\/#website"},"primaryImageOfPage":{"@id":"https:\/\/musso.pet\/p\/etui-na-woreczki-vero-azzurro\/#primaryimage"},"image":{"@id":"https:\/\/musso.pet\/p\/etui-na-woreczki-vero-azzurro\/#primaryimage"},"thumbnailUrl":"https:\/\/musso.pet\/wp-content\/uploads\/2025\/06\/1-43-scaled.jpg","datePublished":"2025-06-16T16:09:12+00:00","dateModified":"2025-12-19T14:47:18+00:00","description":"Etui na woreczki Vero Azzurro kupi\u0107","breadcrumb":{"@id":"https:\/\/musso.pet\/p\/etui-na-woreczki-vero-azzurro\/#breadcrumb"},"inLanguage":"en-US","potentialAction":[{"@type":"ReadAction","target":["https:\/\/musso.pet\/p\/etui-na-woreczki-vero-azzurro\/"]}]},{"@type":"ImageObject","inLanguage":"en-US","@id":"https:\/\/musso.pet\/p\/etui-na-woreczki-vero-azzurro\/#primaryimage","url":"https:\/\/musso.pet\/wp-content\/uploads\/2025\/06\/1-43-scaled.jpg","contentUrl":"https:\/\/musso.pet\/wp-content\/uploads\/2025\/06\/1-43-scaled.jpg","width":2560,"height":2560,"caption":"Etui na woreczki Vero Azzurro"},{"@type":"BreadcrumbList","@id":"https:\/\/musso.pet\/p\/etui-na-woreczki-vero-azzurro\/#breadcrumb","itemListElement":[{"@type":"ListItem","position":1,"name":"G\u0142\u00f3wna","item":"https:\/\/musso.pet\/"},{"@type":"ListItem","position":2,"name":"Sklep","item":"https:\/\/musso.pet\/s\/"},{"@type":"ListItem","position":3,"name":"Zasobniki na woreczki","item":"https:\/\/musso.pet\/cat\/zasobniki-na-woreczki\/"},{"@type":"ListItem","position":4,"name":"Etui na woreczki Vero Azzurro"}]},{"@type":"WebSite","@id":"https:\/\/musso.pet\/#website","url":"https:\/\/musso.pet\/","name":"Musso","description":"Designerskie akcesoria dla ps\u00f3w","publisher":{"@id":"https:\/\/musso.pet\/#organization"},"potentialAction":[{"@type":"SearchAction","target":{"@type":"EntryPoint","urlTemplate":"https:\/\/musso.pet\/?s={search_term_string}"},"query-input":{"@type":"PropertyValueSpecification","valueRequired":true,"valueName":"search_term_string"}}],"inLanguage":"en-US"},{"@type":"Organization","@id":"https:\/\/musso.pet\/#organization","name":"Musso","url":"https:\/\/musso.pet\/","logo":{"@type":"ImageObject","inLanguage":"en-US","@id":"https:\/\/musso.pet\/#\/schema\/logo\/image\/","url":"https:\/\/musso.pet\/wp-content\/uploads\/2023\/04\/musso-logo-v3.svg","contentUrl":"https:\/\/musso.pet\/wp-content\/uploads\/2023\/04\/musso-logo-v3.svg","width":212,"height":44,"caption":"Musso"},"image":{"@id":"https:\/\/musso.pet\/#\/schema\/logo\/image\/"}}]}},"_links":{"self":[{"href":"https:\/\/musso.pet\/en\/wp-json\/wp\/v2\/product\/3175","targetHints":{"allow":["GET"]}}],"collection":[{"href":"https:\/\/musso.pet\/en\/wp-json\/wp\/v2\/product"}],"about":[{"href":"https:\/\/musso.pet\/en\/wp-json\/wp\/v2\/types\/product"}],"author":[{"embeddable":true,"href":"https:\/\/musso.pet\/en\/wp-json\/wp\/v2\/users\/5"}],"replies":[{"embeddable":true,"href":"https:\/\/musso.pet\/en\/wp-json\/wp\/v2\/comments?post=3175"}],"wp:featuredmedia":[{"embeddable":true,"href":"https:\/\/musso.pet\/en\/wp-json\/wp\/v2\/media\/3178"}],"wp:attachment":[{"href":"https:\/\/musso.pet\/en\/wp-json\/wp\/v2\/media?parent=3175"}],"wp:term":[{"taxonomy":"product_brand","embeddable":true,"href":"https:\/\/musso.pet\/en\/wp-json\/wp\/v2\/product_brand?post=3175"},{"taxonomy":"product_cat","embeddable":true,"href":"https:\/\/musso.pet\/en\/wp-json\/wp\/v2\/product_cat?post=3175"},{"taxonomy":"product_tag","embeddable":true,"href":"https:\/\/musso.pet\/en\/wp-json\/wp\/v2\/product_tag?post=3175"},{"taxonomy":"brand","embeddable":true,"href":"https:\/\/musso.pet\/en\/wp-json\/wp\/v2\/brand?post=3175"}],"curies":[{"name":"wp","href":"https:\/\/api.w.org\/{rel}","templated":true}]}}