{"id":3141,"date":"2025-06-16T12:59:12","date_gmt":"2025-06-16T09:59:12","guid":{"rendered":"https:\/\/musso.pet\/?post_type=product&#038;p=3141"},"modified":"2026-04-10T20:27:17","modified_gmt":"2026-04-10T17:27:17","slug":"smycz-corda-marrone","status":"publish","type":"product","link":"https:\/\/musso.pet\/en\/p\/smycz-corda-marrone\/","title":{"rendered":"Corda Marrone leash"},"content":{"rendered":"<p data-start=\"135\" data-end=\"425\">The Corda Marrone leash is for lovers of natural materials and timeless style. Made of thick cotton cord in a shade of warm brown, it has been complemented with details made of Italian waxed natural leather, which has aged beautifully and gained character with time.<\/p>\n<p data-start=\"427\" data-end=\"629\">The model is equipped with Italian silver-tone metal hardware. The embossed logo on the leather elements emphasizes the quality and authenticity of the workmanship.<\/p>\n<p data-start=\"735\" data-end=\"862\">Manufactured in Italy.<\/p>","protected":false},"excerpt":{"rendered":"<p>Smycz Corda Marrone to propozycja dla mi\u0142o\u015bnik\u00f3w naturalnych materia\u0142\u00f3w i ponadczasowego stylu. Wykonana z grubego, bawe\u0142nianego sznura w odcieniu ciep\u0142ego br\u0105zu, zosta\u0142a uzupe\u0142niona detalami z w\u0142oskiej, woskowanej sk\u00f3ry naturalnej, kt\u00f3ra z czasem pi\u0119knie si\u0119 starzeje i nabiera charakteru. Model wyposa\u017cony jest w w\u0142oskie, metalowe okucia w kolorze srebra. T\u0142oczone logo na sk\u00f3rzanych elementach podkre\u015bla jako\u015b\u0107 [&hellip;]<\/p>","protected":false},"author":5,"featured_media":3145,"comment_status":"open","ping_status":"closed","template":"","meta":[],"product_brand":[],"product_cat":[119,106,79],"product_tag":[],"brand":[],"class_list":{"0":"post-3141","1":"product","2":"type-product","3":"status-publish","4":"has-post-thumbnail","6":"product_cat-winter-sale","7":"product_cat-new-in","8":"product_cat-smycze","9":"pa_color-brazowy","10":"pa_rozmiar-m","11":"pa_rozmiar-l","13":"first","14":"instock","15":"sale","16":"taxable","17":"shipping-taxable","18":"purchasable","19":"product-type-variable","20":"wvs-archive-product-wrapper"},"yoast_head":"<!-- This site is optimized with the Yoast SEO plugin v25.6 - https:\/\/yoast.com\/wordpress\/plugins\/seo\/ -->\n<title>Smycz Corda Marrone - Musso<\/title>\n<meta name=\"description\" content=\"Smycz Corda Marrone kupi\u0107\" \/>\n<meta name=\"robots\" content=\"index, follow, max-snippet:-1, max-image-preview:large, max-video-preview:-1\" \/>\n<link rel=\"canonical\" href=\"https:\/\/musso.pet\/en\/p\/smycz-corda-marrone\/\" \/>\n<meta property=\"og:locale\" content=\"en_US\" \/>\n<meta property=\"og:type\" content=\"article\" \/>\n<meta property=\"og:title\" content=\"Smycz Corda Marrone - Musso\" \/>\n<meta property=\"og:description\" content=\"Smycz Corda Marrone kupi\u0107\" \/>\n<meta property=\"og:url\" content=\"https:\/\/musso.pet\/en\/p\/smycz-corda-marrone\/\" \/>\n<meta property=\"og:site_name\" content=\"Musso\" \/>\n<meta property=\"article:modified_time\" content=\"2026-04-10T17:27:17+00:00\" \/>\n<meta property=\"og:image\" content=\"https:\/\/musso.pet\/wp-content\/uploads\/2025\/06\/9-10-scaled.jpg\" \/>\n\t<meta property=\"og:image:width\" content=\"2560\" \/>\n\t<meta property=\"og:image:height\" content=\"2560\" \/>\n\t<meta property=\"og:image:type\" content=\"image\/jpeg\" \/>\n<meta name=\"twitter:card\" content=\"summary_large_image\" \/>\n<script type=\"application\/ld+json\" class=\"yoast-schema-graph\">{\"@context\":\"https:\/\/schema.org\",\"@graph\":[{\"@type\":\"WebPage\",\"@id\":\"https:\/\/musso.pet\/p\/smycz-corda-marrone\/\",\"url\":\"https:\/\/musso.pet\/p\/smycz-corda-marrone\/\",\"name\":\"Smycz Corda Marrone - Musso\",\"isPartOf\":{\"@id\":\"https:\/\/musso.pet\/#website\"},\"primaryImageOfPage\":{\"@id\":\"https:\/\/musso.pet\/p\/smycz-corda-marrone\/#primaryimage\"},\"image\":{\"@id\":\"https:\/\/musso.pet\/p\/smycz-corda-marrone\/#primaryimage\"},\"thumbnailUrl\":\"https:\/\/musso.pet\/wp-content\/uploads\/2025\/06\/9-10-scaled.jpg\",\"datePublished\":\"2025-06-16T09:59:12+00:00\",\"dateModified\":\"2026-04-10T17:27:17+00:00\",\"description\":\"Smycz Corda Marrone kupi\u0107\",\"breadcrumb\":{\"@id\":\"https:\/\/musso.pet\/p\/smycz-corda-marrone\/#breadcrumb\"},\"inLanguage\":\"en-US\",\"potentialAction\":[{\"@type\":\"ReadAction\",\"target\":[\"https:\/\/musso.pet\/p\/smycz-corda-marrone\/\"]}]},{\"@type\":\"ImageObject\",\"inLanguage\":\"en-US\",\"@id\":\"https:\/\/musso.pet\/p\/smycz-corda-marrone\/#primaryimage\",\"url\":\"https:\/\/musso.pet\/wp-content\/uploads\/2025\/06\/9-10-scaled.jpg\",\"contentUrl\":\"https:\/\/musso.pet\/wp-content\/uploads\/2025\/06\/9-10-scaled.jpg\",\"width\":2560,\"height\":2560,\"caption\":\"Smycz Corda Marrone\"},{\"@type\":\"BreadcrumbList\",\"@id\":\"https:\/\/musso.pet\/p\/smycz-corda-marrone\/#breadcrumb\",\"itemListElement\":[{\"@type\":\"ListItem\",\"position\":1,\"name\":\"G\u0142\u00f3wna\",\"item\":\"https:\/\/musso.pet\/\"},{\"@type\":\"ListItem\",\"position\":2,\"name\":\"Sklep\",\"item\":\"https:\/\/musso.pet\/s\/\"},{\"@type\":\"ListItem\",\"position\":3,\"name\":\"Smycze\",\"item\":\"https:\/\/musso.pet\/cat\/smycze\/\"},{\"@type\":\"ListItem\",\"position\":4,\"name\":\"Smycz Corda Marrone\"}]},{\"@type\":\"WebSite\",\"@id\":\"https:\/\/musso.pet\/#website\",\"url\":\"https:\/\/musso.pet\/\",\"name\":\"Musso\",\"description\":\"Designerskie akcesoria dla ps\u00f3w\",\"publisher\":{\"@id\":\"https:\/\/musso.pet\/#organization\"},\"potentialAction\":[{\"@type\":\"SearchAction\",\"target\":{\"@type\":\"EntryPoint\",\"urlTemplate\":\"https:\/\/musso.pet\/?s={search_term_string}\"},\"query-input\":{\"@type\":\"PropertyValueSpecification\",\"valueRequired\":true,\"valueName\":\"search_term_string\"}}],\"inLanguage\":\"en-US\"},{\"@type\":\"Organization\",\"@id\":\"https:\/\/musso.pet\/#organization\",\"name\":\"Musso\",\"url\":\"https:\/\/musso.pet\/\",\"logo\":{\"@type\":\"ImageObject\",\"inLanguage\":\"en-US\",\"@id\":\"https:\/\/musso.pet\/#\/schema\/logo\/image\/\",\"url\":\"https:\/\/musso.pet\/wp-content\/uploads\/2023\/04\/musso-logo-v3.svg\",\"contentUrl\":\"https:\/\/musso.pet\/wp-content\/uploads\/2023\/04\/musso-logo-v3.svg\",\"width\":212,\"height\":44,\"caption\":\"Musso\"},\"image\":{\"@id\":\"https:\/\/musso.pet\/#\/schema\/logo\/image\/\"}}]}<\/script>\n<!-- \/ Yoast SEO plugin. -->","yoast_head_json":{"title":"Smycz Corda Marrone - Musso","description":"Smycz Corda Marrone kupi\u0107","robots":{"index":"index","follow":"follow","max-snippet":"max-snippet:-1","max-image-preview":"max-image-preview:large","max-video-preview":"max-video-preview:-1"},"canonical":"https:\/\/musso.pet\/en\/p\/smycz-corda-marrone\/","og_locale":"en_US","og_type":"article","og_title":"Smycz Corda Marrone - Musso","og_description":"Smycz Corda Marrone kupi\u0107","og_url":"https:\/\/musso.pet\/en\/p\/smycz-corda-marrone\/","og_site_name":"Musso","article_modified_time":"2026-04-10T17:27:17+00:00","og_image":[{"width":2560,"height":2560,"url":"https:\/\/musso.pet\/wp-content\/uploads\/2025\/06\/9-10-scaled.jpg","type":"image\/jpeg"}],"twitter_card":"summary_large_image","schema":{"@context":"https:\/\/schema.org","@graph":[{"@type":"WebPage","@id":"https:\/\/musso.pet\/p\/smycz-corda-marrone\/","url":"https:\/\/musso.pet\/p\/smycz-corda-marrone\/","name":"Smycz Corda Marrone - Musso","isPartOf":{"@id":"https:\/\/musso.pet\/#website"},"primaryImageOfPage":{"@id":"https:\/\/musso.pet\/p\/smycz-corda-marrone\/#primaryimage"},"image":{"@id":"https:\/\/musso.pet\/p\/smycz-corda-marrone\/#primaryimage"},"thumbnailUrl":"https:\/\/musso.pet\/wp-content\/uploads\/2025\/06\/9-10-scaled.jpg","datePublished":"2025-06-16T09:59:12+00:00","dateModified":"2026-04-10T17:27:17+00:00","description":"Smycz Corda Marrone kupi\u0107","breadcrumb":{"@id":"https:\/\/musso.pet\/p\/smycz-corda-marrone\/#breadcrumb"},"inLanguage":"en-US","potentialAction":[{"@type":"ReadAction","target":["https:\/\/musso.pet\/p\/smycz-corda-marrone\/"]}]},{"@type":"ImageObject","inLanguage":"en-US","@id":"https:\/\/musso.pet\/p\/smycz-corda-marrone\/#primaryimage","url":"https:\/\/musso.pet\/wp-content\/uploads\/2025\/06\/9-10-scaled.jpg","contentUrl":"https:\/\/musso.pet\/wp-content\/uploads\/2025\/06\/9-10-scaled.jpg","width":2560,"height":2560,"caption":"Smycz Corda Marrone"},{"@type":"BreadcrumbList","@id":"https:\/\/musso.pet\/p\/smycz-corda-marrone\/#breadcrumb","itemListElement":[{"@type":"ListItem","position":1,"name":"G\u0142\u00f3wna","item":"https:\/\/musso.pet\/"},{"@type":"ListItem","position":2,"name":"Sklep","item":"https:\/\/musso.pet\/s\/"},{"@type":"ListItem","position":3,"name":"Smycze","item":"https:\/\/musso.pet\/cat\/smycze\/"},{"@type":"ListItem","position":4,"name":"Smycz Corda Marrone"}]},{"@type":"WebSite","@id":"https:\/\/musso.pet\/#website","url":"https:\/\/musso.pet\/","name":"Musso","description":"Designerskie akcesoria dla ps\u00f3w","publisher":{"@id":"https:\/\/musso.pet\/#organization"},"potentialAction":[{"@type":"SearchAction","target":{"@type":"EntryPoint","urlTemplate":"https:\/\/musso.pet\/?s={search_term_string}"},"query-input":{"@type":"PropertyValueSpecification","valueRequired":true,"valueName":"search_term_string"}}],"inLanguage":"en-US"},{"@type":"Organization","@id":"https:\/\/musso.pet\/#organization","name":"Musso","url":"https:\/\/musso.pet\/","logo":{"@type":"ImageObject","inLanguage":"en-US","@id":"https:\/\/musso.pet\/#\/schema\/logo\/image\/","url":"https:\/\/musso.pet\/wp-content\/uploads\/2023\/04\/musso-logo-v3.svg","contentUrl":"https:\/\/musso.pet\/wp-content\/uploads\/2023\/04\/musso-logo-v3.svg","width":212,"height":44,"caption":"Musso"},"image":{"@id":"https:\/\/musso.pet\/#\/schema\/logo\/image\/"}}]}},"_links":{"self":[{"href":"https:\/\/musso.pet\/en\/wp-json\/wp\/v2\/product\/3141","targetHints":{"allow":["GET"]}}],"collection":[{"href":"https:\/\/musso.pet\/en\/wp-json\/wp\/v2\/product"}],"about":[{"href":"https:\/\/musso.pet\/en\/wp-json\/wp\/v2\/types\/product"}],"author":[{"embeddable":true,"href":"https:\/\/musso.pet\/en\/wp-json\/wp\/v2\/users\/5"}],"replies":[{"embeddable":true,"href":"https:\/\/musso.pet\/en\/wp-json\/wp\/v2\/comments?post=3141"}],"wp:featuredmedia":[{"embeddable":true,"href":"https:\/\/musso.pet\/en\/wp-json\/wp\/v2\/media\/3145"}],"wp:attachment":[{"href":"https:\/\/musso.pet\/en\/wp-json\/wp\/v2\/media?parent=3141"}],"wp:term":[{"taxonomy":"product_brand","embeddable":true,"href":"https:\/\/musso.pet\/en\/wp-json\/wp\/v2\/product_brand?post=3141"},{"taxonomy":"product_cat","embeddable":true,"href":"https:\/\/musso.pet\/en\/wp-json\/wp\/v2\/product_cat?post=3141"},{"taxonomy":"product_tag","embeddable":true,"href":"https:\/\/musso.pet\/en\/wp-json\/wp\/v2\/product_tag?post=3141"},{"taxonomy":"brand","embeddable":true,"href":"https:\/\/musso.pet\/en\/wp-json\/wp\/v2\/brand?post=3141"}],"curies":[{"name":"wp","href":"https:\/\/api.w.org\/{rel}","templated":true}]}}