{"id":3113,"date":"2025-06-16T11:53:58","date_gmt":"2025-06-16T08:53:58","guid":{"rendered":"https:\/\/musso.pet\/?post_type=product&#038;p=3113"},"modified":"2026-01-13T21:51:53","modified_gmt":"2026-01-13T18:51:53","slug":"smycz-z-weganskiej-skory-nodo-ardesia","status":"publish","type":"product","link":"https:\/\/musso.pet\/en\/p\/smycz-z-weganskiej-skory-nodo-ardesia\/","title":{"rendered":"Nodo Ardesia vegan leather leash"},"content":{"rendered":"<p data-start=\"1231\" data-end=\"1474\">Nodo Ardesia leash is a modern design and functionality, created for everyday comfort and aesthetics. Made of durable polypropylene cord in a deep gray-blue shade and finished with vegan apple leather in a matching tone.<\/p>\n<p data-start=\"1476\" data-end=\"1681\">Apple Leather is an innovative material created from processed waste from apple production \u2013 environmentally friendly, durable, soft and pleasant to the touch \u2013 perfect for everyday use.<\/p>\n<p data-start=\"1683\" data-end=\"1883\">The model is equipped with nickel-free metal fittings in matte silver, resistant to moisture and scratches.<br data-start=\"1798\" data-end=\"1801\" \/>Embossed logo placed on the leather finish emphasizes attention to detail.<\/p>\n<p data-start=\"1885\" data-end=\"1986\">The leash is sturdy, yet light and pleasant to use \u2013 ideal for daily walks.<\/p>\n<p data-start=\"1988\" data-end=\"2125\">Each piece is made by Italian artisans with attention to the smallest detail and packaged in a decorative velour box.<\/p>\n<p data-start=\"2127\" data-end=\"2222\">The Nodo Ardesia series also features a matching collar.<br data-start=\"2189\" data-end=\"2192\" \/>Manufactured in Italy.<\/p>","protected":false},"excerpt":{"rendered":"<p>Smycz Nodo Ardesia to nowoczesnego designu i funkcjonalno\u015bci, stworzone z my\u015bl\u0105 o codziennym komforcie oraz estetyce. Wykonana z wytrzyma\u0142ego sznura polipropylenowego w g\u0142\u0119bokim, szaro-niebieskim odcieniu oraz wyko\u0144czona wega\u0144sk\u0105 sk\u00f3r\u0105 Apple Leather w dopasowanej tonacji. Apple Leather to innowacyjny materia\u0142 powsta\u0142y z przetworzonych odpad\u00f3w z produkcji jab\u0142ek \u2013 przyjazny \u015brodowisku, trwa\u0142y, mi\u0119kki i przyjemny w dotyku [&hellip;]<\/p>","protected":false},"author":5,"featured_media":3117,"comment_status":"open","ping_status":"closed","template":"","meta":[],"product_brand":[],"product_cat":[119,106,107,79],"product_tag":[],"brand":[],"class_list":{"0":"post-3113","1":"product","2":"type-product","3":"status-publish","4":"has-post-thumbnail","6":"product_cat-winter-sale","7":"product_cat-new-in","8":"product_cat-vegan-leather","9":"product_cat-smycze","10":"pa_color-niebeski","11":"pa_rozmiar-m","12":"pa_rozmiar-l","14":"first","15":"instock","16":"sale","17":"taxable","18":"shipping-taxable","19":"purchasable","20":"product-type-variable","21":"wvs-archive-product-wrapper"},"yoast_head":"<!-- This site is optimized with the Yoast SEO plugin v25.6 - https:\/\/yoast.com\/wordpress\/plugins\/seo\/ -->\n<title>Smycz z wega\u0144skiej sk\u00f3ry Nodo Ardesia - Musso<\/title>\n<meta name=\"description\" content=\"Smycz z wega\u0144skiej sk\u00f3ry Nodo Ardesia kupi\u0107\" \/>\n<meta name=\"robots\" content=\"index, follow, max-snippet:-1, max-image-preview:large, max-video-preview:-1\" \/>\n<link rel=\"canonical\" href=\"https:\/\/musso.pet\/en\/p\/smycz-z-weganskiej-skory-nodo-ardesia\/\" \/>\n<meta property=\"og:locale\" content=\"en_US\" \/>\n<meta property=\"og:type\" content=\"article\" \/>\n<meta property=\"og:title\" content=\"Smycz z wega\u0144skiej sk\u00f3ry Nodo Ardesia - Musso\" \/>\n<meta property=\"og:description\" content=\"Smycz z wega\u0144skiej sk\u00f3ry Nodo Ardesia kupi\u0107\" \/>\n<meta property=\"og:url\" content=\"https:\/\/musso.pet\/en\/p\/smycz-z-weganskiej-skory-nodo-ardesia\/\" \/>\n<meta property=\"og:site_name\" content=\"Musso\" \/>\n<meta property=\"article:modified_time\" content=\"2026-01-13T18:51:53+00:00\" \/>\n<meta property=\"og:image\" content=\"https:\/\/musso.pet\/wp-content\/uploads\/2025\/06\/5-41-scaled.jpg\" \/>\n\t<meta property=\"og:image:width\" content=\"2560\" \/>\n\t<meta property=\"og:image:height\" content=\"2560\" \/>\n\t<meta property=\"og:image:type\" content=\"image\/jpeg\" \/>\n<meta name=\"twitter:card\" content=\"summary_large_image\" \/>\n<meta name=\"twitter:label1\" content=\"Est. reading time\" \/>\n\t<meta name=\"twitter:data1\" content=\"1 minute\" \/>\n<script type=\"application\/ld+json\" class=\"yoast-schema-graph\">{\"@context\":\"https:\/\/schema.org\",\"@graph\":[{\"@type\":\"WebPage\",\"@id\":\"https:\/\/musso.pet\/p\/smycz-z-weganskiej-skory-nodo-ardesia\/\",\"url\":\"https:\/\/musso.pet\/p\/smycz-z-weganskiej-skory-nodo-ardesia\/\",\"name\":\"Smycz z wega\u0144skiej sk\u00f3ry Nodo Ardesia - Musso\",\"isPartOf\":{\"@id\":\"https:\/\/musso.pet\/#website\"},\"primaryImageOfPage\":{\"@id\":\"https:\/\/musso.pet\/p\/smycz-z-weganskiej-skory-nodo-ardesia\/#primaryimage\"},\"image\":{\"@id\":\"https:\/\/musso.pet\/p\/smycz-z-weganskiej-skory-nodo-ardesia\/#primaryimage\"},\"thumbnailUrl\":\"https:\/\/musso.pet\/wp-content\/uploads\/2025\/06\/5-41-scaled.jpg\",\"datePublished\":\"2025-06-16T08:53:58+00:00\",\"dateModified\":\"2026-01-13T18:51:53+00:00\",\"description\":\"Smycz z wega\u0144skiej sk\u00f3ry Nodo Ardesia kupi\u0107\",\"breadcrumb\":{\"@id\":\"https:\/\/musso.pet\/p\/smycz-z-weganskiej-skory-nodo-ardesia\/#breadcrumb\"},\"inLanguage\":\"en-US\",\"potentialAction\":[{\"@type\":\"ReadAction\",\"target\":[\"https:\/\/musso.pet\/p\/smycz-z-weganskiej-skory-nodo-ardesia\/\"]}]},{\"@type\":\"ImageObject\",\"inLanguage\":\"en-US\",\"@id\":\"https:\/\/musso.pet\/p\/smycz-z-weganskiej-skory-nodo-ardesia\/#primaryimage\",\"url\":\"https:\/\/musso.pet\/wp-content\/uploads\/2025\/06\/5-41-scaled.jpg\",\"contentUrl\":\"https:\/\/musso.pet\/wp-content\/uploads\/2025\/06\/5-41-scaled.jpg\",\"width\":2560,\"height\":2560,\"caption\":\"Smycz z wega\u0144skiej sk\u00f3ry Nodo Ardesia\"},{\"@type\":\"BreadcrumbList\",\"@id\":\"https:\/\/musso.pet\/p\/smycz-z-weganskiej-skory-nodo-ardesia\/#breadcrumb\",\"itemListElement\":[{\"@type\":\"ListItem\",\"position\":1,\"name\":\"G\u0142\u00f3wna\",\"item\":\"https:\/\/musso.pet\/\"},{\"@type\":\"ListItem\",\"position\":2,\"name\":\"Sklep\",\"item\":\"https:\/\/musso.pet\/s\/\"},{\"@type\":\"ListItem\",\"position\":3,\"name\":\"Smycze\",\"item\":\"https:\/\/musso.pet\/cat\/smycze\/\"},{\"@type\":\"ListItem\",\"position\":4,\"name\":\"Smycz z wega\u0144skiej sk\u00f3ry Nodo Ardesia\"}]},{\"@type\":\"WebSite\",\"@id\":\"https:\/\/musso.pet\/#website\",\"url\":\"https:\/\/musso.pet\/\",\"name\":\"Musso\",\"description\":\"Designerskie akcesoria dla ps\u00f3w\",\"publisher\":{\"@id\":\"https:\/\/musso.pet\/#organization\"},\"potentialAction\":[{\"@type\":\"SearchAction\",\"target\":{\"@type\":\"EntryPoint\",\"urlTemplate\":\"https:\/\/musso.pet\/?s={search_term_string}\"},\"query-input\":{\"@type\":\"PropertyValueSpecification\",\"valueRequired\":true,\"valueName\":\"search_term_string\"}}],\"inLanguage\":\"en-US\"},{\"@type\":\"Organization\",\"@id\":\"https:\/\/musso.pet\/#organization\",\"name\":\"Musso\",\"url\":\"https:\/\/musso.pet\/\",\"logo\":{\"@type\":\"ImageObject\",\"inLanguage\":\"en-US\",\"@id\":\"https:\/\/musso.pet\/#\/schema\/logo\/image\/\",\"url\":\"https:\/\/musso.pet\/wp-content\/uploads\/2023\/04\/musso-logo-v3.svg\",\"contentUrl\":\"https:\/\/musso.pet\/wp-content\/uploads\/2023\/04\/musso-logo-v3.svg\",\"width\":212,\"height\":44,\"caption\":\"Musso\"},\"image\":{\"@id\":\"https:\/\/musso.pet\/#\/schema\/logo\/image\/\"}}]}<\/script>\n<!-- \/ Yoast SEO plugin. -->","yoast_head_json":{"title":"Smycz z wega\u0144skiej sk\u00f3ry Nodo Ardesia - Musso","description":"Smycz z wega\u0144skiej sk\u00f3ry Nodo Ardesia kupi\u0107","robots":{"index":"index","follow":"follow","max-snippet":"max-snippet:-1","max-image-preview":"max-image-preview:large","max-video-preview":"max-video-preview:-1"},"canonical":"https:\/\/musso.pet\/en\/p\/smycz-z-weganskiej-skory-nodo-ardesia\/","og_locale":"en_US","og_type":"article","og_title":"Smycz z wega\u0144skiej sk\u00f3ry Nodo Ardesia - Musso","og_description":"Smycz z wega\u0144skiej sk\u00f3ry Nodo Ardesia kupi\u0107","og_url":"https:\/\/musso.pet\/en\/p\/smycz-z-weganskiej-skory-nodo-ardesia\/","og_site_name":"Musso","article_modified_time":"2026-01-13T18:51:53+00:00","og_image":[{"width":2560,"height":2560,"url":"https:\/\/musso.pet\/wp-content\/uploads\/2025\/06\/5-41-scaled.jpg","type":"image\/jpeg"}],"twitter_card":"summary_large_image","twitter_misc":{"Est. reading time":"1 minute"},"schema":{"@context":"https:\/\/schema.org","@graph":[{"@type":"WebPage","@id":"https:\/\/musso.pet\/p\/smycz-z-weganskiej-skory-nodo-ardesia\/","url":"https:\/\/musso.pet\/p\/smycz-z-weganskiej-skory-nodo-ardesia\/","name":"Smycz z wega\u0144skiej sk\u00f3ry Nodo Ardesia - Musso","isPartOf":{"@id":"https:\/\/musso.pet\/#website"},"primaryImageOfPage":{"@id":"https:\/\/musso.pet\/p\/smycz-z-weganskiej-skory-nodo-ardesia\/#primaryimage"},"image":{"@id":"https:\/\/musso.pet\/p\/smycz-z-weganskiej-skory-nodo-ardesia\/#primaryimage"},"thumbnailUrl":"https:\/\/musso.pet\/wp-content\/uploads\/2025\/06\/5-41-scaled.jpg","datePublished":"2025-06-16T08:53:58+00:00","dateModified":"2026-01-13T18:51:53+00:00","description":"Smycz z wega\u0144skiej sk\u00f3ry Nodo Ardesia kupi\u0107","breadcrumb":{"@id":"https:\/\/musso.pet\/p\/smycz-z-weganskiej-skory-nodo-ardesia\/#breadcrumb"},"inLanguage":"en-US","potentialAction":[{"@type":"ReadAction","target":["https:\/\/musso.pet\/p\/smycz-z-weganskiej-skory-nodo-ardesia\/"]}]},{"@type":"ImageObject","inLanguage":"en-US","@id":"https:\/\/musso.pet\/p\/smycz-z-weganskiej-skory-nodo-ardesia\/#primaryimage","url":"https:\/\/musso.pet\/wp-content\/uploads\/2025\/06\/5-41-scaled.jpg","contentUrl":"https:\/\/musso.pet\/wp-content\/uploads\/2025\/06\/5-41-scaled.jpg","width":2560,"height":2560,"caption":"Smycz z wega\u0144skiej sk\u00f3ry Nodo Ardesia"},{"@type":"BreadcrumbList","@id":"https:\/\/musso.pet\/p\/smycz-z-weganskiej-skory-nodo-ardesia\/#breadcrumb","itemListElement":[{"@type":"ListItem","position":1,"name":"G\u0142\u00f3wna","item":"https:\/\/musso.pet\/"},{"@type":"ListItem","position":2,"name":"Sklep","item":"https:\/\/musso.pet\/s\/"},{"@type":"ListItem","position":3,"name":"Smycze","item":"https:\/\/musso.pet\/cat\/smycze\/"},{"@type":"ListItem","position":4,"name":"Smycz z wega\u0144skiej sk\u00f3ry Nodo Ardesia"}]},{"@type":"WebSite","@id":"https:\/\/musso.pet\/#website","url":"https:\/\/musso.pet\/","name":"Musso","description":"Designerskie akcesoria dla ps\u00f3w","publisher":{"@id":"https:\/\/musso.pet\/#organization"},"potentialAction":[{"@type":"SearchAction","target":{"@type":"EntryPoint","urlTemplate":"https:\/\/musso.pet\/?s={search_term_string}"},"query-input":{"@type":"PropertyValueSpecification","valueRequired":true,"valueName":"search_term_string"}}],"inLanguage":"en-US"},{"@type":"Organization","@id":"https:\/\/musso.pet\/#organization","name":"Musso","url":"https:\/\/musso.pet\/","logo":{"@type":"ImageObject","inLanguage":"en-US","@id":"https:\/\/musso.pet\/#\/schema\/logo\/image\/","url":"https:\/\/musso.pet\/wp-content\/uploads\/2023\/04\/musso-logo-v3.svg","contentUrl":"https:\/\/musso.pet\/wp-content\/uploads\/2023\/04\/musso-logo-v3.svg","width":212,"height":44,"caption":"Musso"},"image":{"@id":"https:\/\/musso.pet\/#\/schema\/logo\/image\/"}}]}},"_links":{"self":[{"href":"https:\/\/musso.pet\/en\/wp-json\/wp\/v2\/product\/3113","targetHints":{"allow":["GET"]}}],"collection":[{"href":"https:\/\/musso.pet\/en\/wp-json\/wp\/v2\/product"}],"about":[{"href":"https:\/\/musso.pet\/en\/wp-json\/wp\/v2\/types\/product"}],"author":[{"embeddable":true,"href":"https:\/\/musso.pet\/en\/wp-json\/wp\/v2\/users\/5"}],"replies":[{"embeddable":true,"href":"https:\/\/musso.pet\/en\/wp-json\/wp\/v2\/comments?post=3113"}],"wp:featuredmedia":[{"embeddable":true,"href":"https:\/\/musso.pet\/en\/wp-json\/wp\/v2\/media\/3117"}],"wp:attachment":[{"href":"https:\/\/musso.pet\/en\/wp-json\/wp\/v2\/media?parent=3113"}],"wp:term":[{"taxonomy":"product_brand","embeddable":true,"href":"https:\/\/musso.pet\/en\/wp-json\/wp\/v2\/product_brand?post=3113"},{"taxonomy":"product_cat","embeddable":true,"href":"https:\/\/musso.pet\/en\/wp-json\/wp\/v2\/product_cat?post=3113"},{"taxonomy":"product_tag","embeddable":true,"href":"https:\/\/musso.pet\/en\/wp-json\/wp\/v2\/product_tag?post=3113"},{"taxonomy":"brand","embeddable":true,"href":"https:\/\/musso.pet\/en\/wp-json\/wp\/v2\/brand?post=3113"}],"curies":[{"name":"wp","href":"https:\/\/api.w.org\/{rel}","templated":true}]}}