{"id":3093,"date":"2025-06-16T11:19:17","date_gmt":"2025-06-16T08:19:17","guid":{"rendered":"https:\/\/musso.pet\/?post_type=product&#038;p=3093"},"modified":"2026-03-05T10:44:28","modified_gmt":"2026-03-05T07:44:28","slug":"smycz-skorzana-vivo-arancia","status":"publish","type":"product","link":"https:\/\/musso.pet\/en\/p\/smycz-skorzana-vivo-arancia\/","title":{"rendered":"Vivo Arancia leather leash"},"content":{"rendered":"<p data-start=\"171\" data-end=\"410\">The Vivo Arancia leash brings the warmth and energy of a spring palette to everyday walks.<br data-start=\"1047\" data-end=\"1050\" \/>It was created from exceptionally soft, natural Italian leather in a juicy shade of orange \u2013 a color that symbolizes joy and light even on colder days.<\/p>\n<p data-start=\"412\" data-end=\"481\">The model is equipped with nickel-free metal fittings in silver.<\/p>\n<p data-start=\"483\" data-end=\"675\">The logo is kept in the same shade as the nickel-free fittings in silver to emphasize the consistency of the design.<br data-start=\"585\" data-end=\"588\" \/>The leash weighs 100 g-it is light, yet robust and comfortable for everyday use.<\/p>\n<p data-start=\"677\" data-end=\"804\">Each piece is made by Italian craftsmen with the utmost care and packed in a decorative velour box.<\/p>\n<p data-start=\"806\" data-end=\"893\">The Vivo Arancia series also features a matching collar.<br data-start=\"864\" data-end=\"867\" \/>Manufactured in Italy.<\/p>","protected":false},"excerpt":{"rendered":"<p>Smycz Vivo Arancia wnosi ciep\u0142o i energi\u0119 wiosennej palety do codziennych spacer\u00f3w.Powsta\u0142a z wyj\u0105tkowo mi\u0119kkiej, naturalnej sk\u00f3ry w\u0142oskiej w soczystym odcieniu pomara\u0144czy \u2013 kolorze, kt\u00f3ry symbolizuje rado\u015b\u0107 i \u015bwiat\u0142o nawet w ch\u0142odniejsze dni. Model wyposa\u017cony jest w bezniklowe, metalowe okucia w kolorze srebra. Logo utrzymane w tym samym odcieniu co bezniklowe okucia w kolorze srebra [&hellip;]<\/p>","protected":false},"author":5,"featured_media":3097,"comment_status":"open","ping_status":"closed","template":"","meta":[],"product_brand":[],"product_cat":[119,104,106,79],"product_tag":[],"brand":[],"class_list":{"0":"post-3093","1":"product","2":"type-product","3":"status-publish","4":"has-post-thumbnail","6":"product_cat-winter-sale","7":"product_cat-mini-icons","8":"product_cat-new-in","9":"product_cat-smycze","10":"pa_color-pomaranczowy","11":"pa_rozmiar-m","12":"pa_rozmiar-l","14":"first","15":"instock","16":"sale","17":"taxable","18":"shipping-taxable","19":"purchasable","20":"product-type-variable","21":"wvs-archive-product-wrapper"},"yoast_head":"<!-- This site is optimized with the Yoast SEO plugin v25.6 - https:\/\/yoast.com\/wordpress\/plugins\/seo\/ -->\n<title>Smycz sk\u00f3rzana Vivo Arancia - Musso<\/title>\n<meta name=\"description\" content=\"Smycz sk\u00f3rzana Vivo Arancia kupi\u0107\" \/>\n<meta name=\"robots\" content=\"index, follow, max-snippet:-1, max-image-preview:large, max-video-preview:-1\" \/>\n<link rel=\"canonical\" href=\"https:\/\/musso.pet\/en\/p\/smycz-skorzana-vivo-arancia\/\" \/>\n<meta property=\"og:locale\" content=\"en_US\" \/>\n<meta property=\"og:type\" content=\"article\" \/>\n<meta property=\"og:title\" content=\"Smycz sk\u00f3rzana Vivo Arancia - Musso\" \/>\n<meta property=\"og:description\" content=\"Smycz sk\u00f3rzana Vivo Arancia kupi\u0107\" \/>\n<meta property=\"og:url\" content=\"https:\/\/musso.pet\/en\/p\/smycz-skorzana-vivo-arancia\/\" \/>\n<meta property=\"og:site_name\" content=\"Musso\" \/>\n<meta property=\"article:modified_time\" content=\"2026-03-05T07:44:28+00:00\" \/>\n<meta property=\"og:image\" content=\"https:\/\/musso.pet\/wp-content\/uploads\/2025\/06\/16-2-scaled.jpg\" \/>\n\t<meta property=\"og:image:width\" content=\"2560\" \/>\n\t<meta property=\"og:image:height\" content=\"2560\" \/>\n\t<meta property=\"og:image:type\" content=\"image\/jpeg\" \/>\n<meta name=\"twitter:card\" content=\"summary_large_image\" \/>\n<meta name=\"twitter:label1\" content=\"Est. reading time\" \/>\n\t<meta name=\"twitter:data1\" content=\"1 minute\" \/>\n<script type=\"application\/ld+json\" class=\"yoast-schema-graph\">{\"@context\":\"https:\/\/schema.org\",\"@graph\":[{\"@type\":\"WebPage\",\"@id\":\"https:\/\/musso.pet\/p\/smycz-skorzana-vivo-arancia\/\",\"url\":\"https:\/\/musso.pet\/p\/smycz-skorzana-vivo-arancia\/\",\"name\":\"Smycz sk\u00f3rzana Vivo Arancia - Musso\",\"isPartOf\":{\"@id\":\"https:\/\/musso.pet\/#website\"},\"primaryImageOfPage\":{\"@id\":\"https:\/\/musso.pet\/p\/smycz-skorzana-vivo-arancia\/#primaryimage\"},\"image\":{\"@id\":\"https:\/\/musso.pet\/p\/smycz-skorzana-vivo-arancia\/#primaryimage\"},\"thumbnailUrl\":\"https:\/\/musso.pet\/wp-content\/uploads\/2025\/06\/16-2-scaled.jpg\",\"datePublished\":\"2025-06-16T08:19:17+00:00\",\"dateModified\":\"2026-03-05T07:44:28+00:00\",\"description\":\"Smycz sk\u00f3rzana Vivo Arancia kupi\u0107\",\"breadcrumb\":{\"@id\":\"https:\/\/musso.pet\/p\/smycz-skorzana-vivo-arancia\/#breadcrumb\"},\"inLanguage\":\"en-US\",\"potentialAction\":[{\"@type\":\"ReadAction\",\"target\":[\"https:\/\/musso.pet\/p\/smycz-skorzana-vivo-arancia\/\"]}]},{\"@type\":\"ImageObject\",\"inLanguage\":\"en-US\",\"@id\":\"https:\/\/musso.pet\/p\/smycz-skorzana-vivo-arancia\/#primaryimage\",\"url\":\"https:\/\/musso.pet\/wp-content\/uploads\/2025\/06\/16-2-scaled.jpg\",\"contentUrl\":\"https:\/\/musso.pet\/wp-content\/uploads\/2025\/06\/16-2-scaled.jpg\",\"width\":2560,\"height\":2560,\"caption\":\"Smycz sk\u00f3rzana Vivo Arancia\"},{\"@type\":\"BreadcrumbList\",\"@id\":\"https:\/\/musso.pet\/p\/smycz-skorzana-vivo-arancia\/#breadcrumb\",\"itemListElement\":[{\"@type\":\"ListItem\",\"position\":1,\"name\":\"G\u0142\u00f3wna\",\"item\":\"https:\/\/musso.pet\/\"},{\"@type\":\"ListItem\",\"position\":2,\"name\":\"Sklep\",\"item\":\"https:\/\/musso.pet\/s\/\"},{\"@type\":\"ListItem\",\"position\":3,\"name\":\"Smycze\",\"item\":\"https:\/\/musso.pet\/cat\/smycze\/\"},{\"@type\":\"ListItem\",\"position\":4,\"name\":\"Smycz sk\u00f3rzana Vivo Arancia\"}]},{\"@type\":\"WebSite\",\"@id\":\"https:\/\/musso.pet\/#website\",\"url\":\"https:\/\/musso.pet\/\",\"name\":\"Musso\",\"description\":\"Designerskie akcesoria dla ps\u00f3w\",\"publisher\":{\"@id\":\"https:\/\/musso.pet\/#organization\"},\"potentialAction\":[{\"@type\":\"SearchAction\",\"target\":{\"@type\":\"EntryPoint\",\"urlTemplate\":\"https:\/\/musso.pet\/?s={search_term_string}\"},\"query-input\":{\"@type\":\"PropertyValueSpecification\",\"valueRequired\":true,\"valueName\":\"search_term_string\"}}],\"inLanguage\":\"en-US\"},{\"@type\":\"Organization\",\"@id\":\"https:\/\/musso.pet\/#organization\",\"name\":\"Musso\",\"url\":\"https:\/\/musso.pet\/\",\"logo\":{\"@type\":\"ImageObject\",\"inLanguage\":\"en-US\",\"@id\":\"https:\/\/musso.pet\/#\/schema\/logo\/image\/\",\"url\":\"https:\/\/musso.pet\/wp-content\/uploads\/2023\/04\/musso-logo-v3.svg\",\"contentUrl\":\"https:\/\/musso.pet\/wp-content\/uploads\/2023\/04\/musso-logo-v3.svg\",\"width\":212,\"height\":44,\"caption\":\"Musso\"},\"image\":{\"@id\":\"https:\/\/musso.pet\/#\/schema\/logo\/image\/\"}}]}<\/script>\n<!-- \/ Yoast SEO plugin. -->","yoast_head_json":{"title":"Smycz sk\u00f3rzana Vivo Arancia - Musso","description":"Smycz sk\u00f3rzana Vivo Arancia kupi\u0107","robots":{"index":"index","follow":"follow","max-snippet":"max-snippet:-1","max-image-preview":"max-image-preview:large","max-video-preview":"max-video-preview:-1"},"canonical":"https:\/\/musso.pet\/en\/p\/smycz-skorzana-vivo-arancia\/","og_locale":"en_US","og_type":"article","og_title":"Smycz sk\u00f3rzana Vivo Arancia - Musso","og_description":"Smycz sk\u00f3rzana Vivo Arancia kupi\u0107","og_url":"https:\/\/musso.pet\/en\/p\/smycz-skorzana-vivo-arancia\/","og_site_name":"Musso","article_modified_time":"2026-03-05T07:44:28+00:00","og_image":[{"width":2560,"height":2560,"url":"https:\/\/musso.pet\/wp-content\/uploads\/2025\/06\/16-2-scaled.jpg","type":"image\/jpeg"}],"twitter_card":"summary_large_image","twitter_misc":{"Est. reading time":"1 minute"},"schema":{"@context":"https:\/\/schema.org","@graph":[{"@type":"WebPage","@id":"https:\/\/musso.pet\/p\/smycz-skorzana-vivo-arancia\/","url":"https:\/\/musso.pet\/p\/smycz-skorzana-vivo-arancia\/","name":"Smycz sk\u00f3rzana Vivo Arancia - Musso","isPartOf":{"@id":"https:\/\/musso.pet\/#website"},"primaryImageOfPage":{"@id":"https:\/\/musso.pet\/p\/smycz-skorzana-vivo-arancia\/#primaryimage"},"image":{"@id":"https:\/\/musso.pet\/p\/smycz-skorzana-vivo-arancia\/#primaryimage"},"thumbnailUrl":"https:\/\/musso.pet\/wp-content\/uploads\/2025\/06\/16-2-scaled.jpg","datePublished":"2025-06-16T08:19:17+00:00","dateModified":"2026-03-05T07:44:28+00:00","description":"Smycz sk\u00f3rzana Vivo Arancia kupi\u0107","breadcrumb":{"@id":"https:\/\/musso.pet\/p\/smycz-skorzana-vivo-arancia\/#breadcrumb"},"inLanguage":"en-US","potentialAction":[{"@type":"ReadAction","target":["https:\/\/musso.pet\/p\/smycz-skorzana-vivo-arancia\/"]}]},{"@type":"ImageObject","inLanguage":"en-US","@id":"https:\/\/musso.pet\/p\/smycz-skorzana-vivo-arancia\/#primaryimage","url":"https:\/\/musso.pet\/wp-content\/uploads\/2025\/06\/16-2-scaled.jpg","contentUrl":"https:\/\/musso.pet\/wp-content\/uploads\/2025\/06\/16-2-scaled.jpg","width":2560,"height":2560,"caption":"Smycz sk\u00f3rzana Vivo Arancia"},{"@type":"BreadcrumbList","@id":"https:\/\/musso.pet\/p\/smycz-skorzana-vivo-arancia\/#breadcrumb","itemListElement":[{"@type":"ListItem","position":1,"name":"G\u0142\u00f3wna","item":"https:\/\/musso.pet\/"},{"@type":"ListItem","position":2,"name":"Sklep","item":"https:\/\/musso.pet\/s\/"},{"@type":"ListItem","position":3,"name":"Smycze","item":"https:\/\/musso.pet\/cat\/smycze\/"},{"@type":"ListItem","position":4,"name":"Smycz sk\u00f3rzana Vivo Arancia"}]},{"@type":"WebSite","@id":"https:\/\/musso.pet\/#website","url":"https:\/\/musso.pet\/","name":"Musso","description":"Designerskie akcesoria dla ps\u00f3w","publisher":{"@id":"https:\/\/musso.pet\/#organization"},"potentialAction":[{"@type":"SearchAction","target":{"@type":"EntryPoint","urlTemplate":"https:\/\/musso.pet\/?s={search_term_string}"},"query-input":{"@type":"PropertyValueSpecification","valueRequired":true,"valueName":"search_term_string"}}],"inLanguage":"en-US"},{"@type":"Organization","@id":"https:\/\/musso.pet\/#organization","name":"Musso","url":"https:\/\/musso.pet\/","logo":{"@type":"ImageObject","inLanguage":"en-US","@id":"https:\/\/musso.pet\/#\/schema\/logo\/image\/","url":"https:\/\/musso.pet\/wp-content\/uploads\/2023\/04\/musso-logo-v3.svg","contentUrl":"https:\/\/musso.pet\/wp-content\/uploads\/2023\/04\/musso-logo-v3.svg","width":212,"height":44,"caption":"Musso"},"image":{"@id":"https:\/\/musso.pet\/#\/schema\/logo\/image\/"}}]}},"_links":{"self":[{"href":"https:\/\/musso.pet\/en\/wp-json\/wp\/v2\/product\/3093","targetHints":{"allow":["GET"]}}],"collection":[{"href":"https:\/\/musso.pet\/en\/wp-json\/wp\/v2\/product"}],"about":[{"href":"https:\/\/musso.pet\/en\/wp-json\/wp\/v2\/types\/product"}],"author":[{"embeddable":true,"href":"https:\/\/musso.pet\/en\/wp-json\/wp\/v2\/users\/5"}],"replies":[{"embeddable":true,"href":"https:\/\/musso.pet\/en\/wp-json\/wp\/v2\/comments?post=3093"}],"wp:featuredmedia":[{"embeddable":true,"href":"https:\/\/musso.pet\/en\/wp-json\/wp\/v2\/media\/3097"}],"wp:attachment":[{"href":"https:\/\/musso.pet\/en\/wp-json\/wp\/v2\/media?parent=3093"}],"wp:term":[{"taxonomy":"product_brand","embeddable":true,"href":"https:\/\/musso.pet\/en\/wp-json\/wp\/v2\/product_brand?post=3093"},{"taxonomy":"product_cat","embeddable":true,"href":"https:\/\/musso.pet\/en\/wp-json\/wp\/v2\/product_cat?post=3093"},{"taxonomy":"product_tag","embeddable":true,"href":"https:\/\/musso.pet\/en\/wp-json\/wp\/v2\/product_tag?post=3093"},{"taxonomy":"brand","embeddable":true,"href":"https:\/\/musso.pet\/en\/wp-json\/wp\/v2\/brand?post=3093"}],"curies":[{"name":"wp","href":"https:\/\/api.w.org\/{rel}","templated":true}]}}