{"id":3081,"date":"2025-06-12T18:08:40","date_gmt":"2025-06-12T15:08:40","guid":{"rendered":"https:\/\/musso.pet\/?post_type=product&#038;p=3081"},"modified":"2026-03-17T20:41:22","modified_gmt":"2026-03-17T17:41:22","slug":"smycz-skorzana-vero-salvia","status":"publish","type":"product","link":"https:\/\/musso.pet\/en\/p\/smycz-skorzana-vero-salvia\/","title":{"rendered":"Vero Salvia leather lanyard"},"content":{"rendered":"<p>Vero Salvia lanyard is made of natural, smooth Italian leather in a muted, herbal shade of sage. Harmonious and fresh in expression, it perfectly fits the style of natural elegance.<\/p>\n<p>The model is equipped with nickel-free metal fittings in gold color, covered with a special protective coating that protects against scratches and moisture.Reinforced seams guarantee durability and comfort of use.<\/p>\n<p>The whole look is complemented by embossed details and stitching in light beige tones, which add subtle elegance.<br \/>\nThe leash is extremely light \u2013 weighs only 90-110 g.<\/p>\n<p>Each piece is made by Italian craftsmen with the utmost care and packed in a decorative velour box.<br \/>\nThe Vero Salvia series also includes a matching collar, harness and a practical pouch case.<\/p>\n<p>Manufactured in Italy.<\/p>","protected":false},"excerpt":{"rendered":"<p>Smycz Vero Salvia zosta\u0142a wykonana z naturalnej, g\u0142adkiej sk\u00f3ry w\u0142oskiej w zgaszonym, zio\u0142owym odcieniu sza\u0142wii. Harmonijna i \u015bwie\u017ca w wyrazie, doskonale wpisuje si\u0119 w styl naturalnej elegancji. Model wyposa\u017cony jest w bezniklowe, metalowe okucia w kolorze z\u0142ota, pokryte specjaln\u0105 pow\u0142ok\u0105 ochronn\u0105, kt\u00f3ra zabezpiecza przed zarysowaniami i wilgoci\u0105.Wzmocnione szwy gwarantuj\u0105 trwa\u0142o\u015b\u0107 i komfort u\u017cytkowania. Ca\u0142o\u015b\u0107 uzupe\u0142niaj\u0105 [&hellip;]<\/p>","protected":false},"author":5,"featured_media":3085,"comment_status":"open","ping_status":"closed","template":"","meta":[],"product_brand":[],"product_cat":[106,122,105,79],"product_tag":[],"brand":[],"class_list":{"0":"post-3081","1":"product","2":"type-product","3":"status-publish","4":"has-post-thumbnail","6":"product_cat-new-in","7":"product_cat-shop-the-look-vero-salvia","8":"product_cat-timeless-collection","9":"product_cat-smycze","10":"pa_color-zielony","11":"pa_rozmiar-m","12":"pa_rozmiar-l","14":"first","15":"instock","16":"taxable","17":"shipping-taxable","18":"purchasable","19":"product-type-variable","20":"wvs-archive-product-wrapper"},"yoast_head":"<!-- This site is optimized with the Yoast SEO plugin v25.6 - https:\/\/yoast.com\/wordpress\/plugins\/seo\/ -->\n<title>Smycz sk\u00f3rzana Vero Salvia - Musso<\/title>\n<meta name=\"description\" content=\"Smycz sk\u00f3rzana Vero Salvia kupi\u0107\" \/>\n<meta name=\"robots\" content=\"index, follow, max-snippet:-1, max-image-preview:large, max-video-preview:-1\" \/>\n<link rel=\"canonical\" href=\"https:\/\/musso.pet\/en\/p\/smycz-skorzana-vero-salvia\/\" \/>\n<meta property=\"og:locale\" content=\"en_US\" \/>\n<meta property=\"og:type\" content=\"article\" \/>\n<meta property=\"og:title\" content=\"Smycz sk\u00f3rzana Vero Salvia - Musso\" \/>\n<meta property=\"og:description\" content=\"Smycz sk\u00f3rzana Vero Salvia kupi\u0107\" \/>\n<meta property=\"og:url\" content=\"https:\/\/musso.pet\/en\/p\/smycz-skorzana-vero-salvia\/\" \/>\n<meta property=\"og:site_name\" content=\"Musso\" \/>\n<meta property=\"article:modified_time\" content=\"2026-03-17T17:41:22+00:00\" \/>\n<meta property=\"og:image\" content=\"https:\/\/musso.pet\/wp-content\/uploads\/2025\/06\/13-8-scaled.jpg\" \/>\n\t<meta property=\"og:image:width\" content=\"2560\" \/>\n\t<meta property=\"og:image:height\" content=\"2560\" \/>\n\t<meta property=\"og:image:type\" content=\"image\/jpeg\" \/>\n<meta name=\"twitter:card\" content=\"summary_large_image\" \/>\n<meta name=\"twitter:label1\" content=\"Est. reading time\" \/>\n\t<meta name=\"twitter:data1\" content=\"1 minute\" \/>\n<script type=\"application\/ld+json\" class=\"yoast-schema-graph\">{\"@context\":\"https:\/\/schema.org\",\"@graph\":[{\"@type\":\"WebPage\",\"@id\":\"https:\/\/musso.pet\/p\/smycz-skorzana-vero-salvia\/\",\"url\":\"https:\/\/musso.pet\/p\/smycz-skorzana-vero-salvia\/\",\"name\":\"Smycz sk\u00f3rzana Vero Salvia - Musso\",\"isPartOf\":{\"@id\":\"https:\/\/musso.pet\/#website\"},\"primaryImageOfPage\":{\"@id\":\"https:\/\/musso.pet\/p\/smycz-skorzana-vero-salvia\/#primaryimage\"},\"image\":{\"@id\":\"https:\/\/musso.pet\/p\/smycz-skorzana-vero-salvia\/#primaryimage\"},\"thumbnailUrl\":\"https:\/\/musso.pet\/wp-content\/uploads\/2025\/06\/13-8-scaled.jpg\",\"datePublished\":\"2025-06-12T15:08:40+00:00\",\"dateModified\":\"2026-03-17T17:41:22+00:00\",\"description\":\"Smycz sk\u00f3rzana Vero Salvia kupi\u0107\",\"breadcrumb\":{\"@id\":\"https:\/\/musso.pet\/p\/smycz-skorzana-vero-salvia\/#breadcrumb\"},\"inLanguage\":\"en-US\",\"potentialAction\":[{\"@type\":\"ReadAction\",\"target\":[\"https:\/\/musso.pet\/p\/smycz-skorzana-vero-salvia\/\"]}]},{\"@type\":\"ImageObject\",\"inLanguage\":\"en-US\",\"@id\":\"https:\/\/musso.pet\/p\/smycz-skorzana-vero-salvia\/#primaryimage\",\"url\":\"https:\/\/musso.pet\/wp-content\/uploads\/2025\/06\/13-8-scaled.jpg\",\"contentUrl\":\"https:\/\/musso.pet\/wp-content\/uploads\/2025\/06\/13-8-scaled.jpg\",\"width\":2560,\"height\":2560,\"caption\":\"Smycz sk\u00f3rzana Vero Salvia\"},{\"@type\":\"BreadcrumbList\",\"@id\":\"https:\/\/musso.pet\/p\/smycz-skorzana-vero-salvia\/#breadcrumb\",\"itemListElement\":[{\"@type\":\"ListItem\",\"position\":1,\"name\":\"G\u0142\u00f3wna\",\"item\":\"https:\/\/musso.pet\/\"},{\"@type\":\"ListItem\",\"position\":2,\"name\":\"Sklep\",\"item\":\"https:\/\/musso.pet\/s\/\"},{\"@type\":\"ListItem\",\"position\":3,\"name\":\"Smycze\",\"item\":\"https:\/\/musso.pet\/cat\/smycze\/\"},{\"@type\":\"ListItem\",\"position\":4,\"name\":\"Smycz sk\u00f3rzana Vero Salvia\"}]},{\"@type\":\"WebSite\",\"@id\":\"https:\/\/musso.pet\/#website\",\"url\":\"https:\/\/musso.pet\/\",\"name\":\"Musso\",\"description\":\"Designerskie akcesoria dla ps\u00f3w\",\"publisher\":{\"@id\":\"https:\/\/musso.pet\/#organization\"},\"potentialAction\":[{\"@type\":\"SearchAction\",\"target\":{\"@type\":\"EntryPoint\",\"urlTemplate\":\"https:\/\/musso.pet\/?s={search_term_string}\"},\"query-input\":{\"@type\":\"PropertyValueSpecification\",\"valueRequired\":true,\"valueName\":\"search_term_string\"}}],\"inLanguage\":\"en-US\"},{\"@type\":\"Organization\",\"@id\":\"https:\/\/musso.pet\/#organization\",\"name\":\"Musso\",\"url\":\"https:\/\/musso.pet\/\",\"logo\":{\"@type\":\"ImageObject\",\"inLanguage\":\"en-US\",\"@id\":\"https:\/\/musso.pet\/#\/schema\/logo\/image\/\",\"url\":\"https:\/\/musso.pet\/wp-content\/uploads\/2023\/04\/musso-logo-v3.svg\",\"contentUrl\":\"https:\/\/musso.pet\/wp-content\/uploads\/2023\/04\/musso-logo-v3.svg\",\"width\":212,\"height\":44,\"caption\":\"Musso\"},\"image\":{\"@id\":\"https:\/\/musso.pet\/#\/schema\/logo\/image\/\"}}]}<\/script>\n<!-- \/ Yoast SEO plugin. -->","yoast_head_json":{"title":"Smycz sk\u00f3rzana Vero Salvia - Musso","description":"Smycz sk\u00f3rzana Vero Salvia kupi\u0107","robots":{"index":"index","follow":"follow","max-snippet":"max-snippet:-1","max-image-preview":"max-image-preview:large","max-video-preview":"max-video-preview:-1"},"canonical":"https:\/\/musso.pet\/en\/p\/smycz-skorzana-vero-salvia\/","og_locale":"en_US","og_type":"article","og_title":"Smycz sk\u00f3rzana Vero Salvia - Musso","og_description":"Smycz sk\u00f3rzana Vero Salvia kupi\u0107","og_url":"https:\/\/musso.pet\/en\/p\/smycz-skorzana-vero-salvia\/","og_site_name":"Musso","article_modified_time":"2026-03-17T17:41:22+00:00","og_image":[{"width":2560,"height":2560,"url":"https:\/\/musso.pet\/wp-content\/uploads\/2025\/06\/13-8-scaled.jpg","type":"image\/jpeg"}],"twitter_card":"summary_large_image","twitter_misc":{"Est. reading time":"1 minute"},"schema":{"@context":"https:\/\/schema.org","@graph":[{"@type":"WebPage","@id":"https:\/\/musso.pet\/p\/smycz-skorzana-vero-salvia\/","url":"https:\/\/musso.pet\/p\/smycz-skorzana-vero-salvia\/","name":"Smycz sk\u00f3rzana Vero Salvia - Musso","isPartOf":{"@id":"https:\/\/musso.pet\/#website"},"primaryImageOfPage":{"@id":"https:\/\/musso.pet\/p\/smycz-skorzana-vero-salvia\/#primaryimage"},"image":{"@id":"https:\/\/musso.pet\/p\/smycz-skorzana-vero-salvia\/#primaryimage"},"thumbnailUrl":"https:\/\/musso.pet\/wp-content\/uploads\/2025\/06\/13-8-scaled.jpg","datePublished":"2025-06-12T15:08:40+00:00","dateModified":"2026-03-17T17:41:22+00:00","description":"Smycz sk\u00f3rzana Vero Salvia kupi\u0107","breadcrumb":{"@id":"https:\/\/musso.pet\/p\/smycz-skorzana-vero-salvia\/#breadcrumb"},"inLanguage":"en-US","potentialAction":[{"@type":"ReadAction","target":["https:\/\/musso.pet\/p\/smycz-skorzana-vero-salvia\/"]}]},{"@type":"ImageObject","inLanguage":"en-US","@id":"https:\/\/musso.pet\/p\/smycz-skorzana-vero-salvia\/#primaryimage","url":"https:\/\/musso.pet\/wp-content\/uploads\/2025\/06\/13-8-scaled.jpg","contentUrl":"https:\/\/musso.pet\/wp-content\/uploads\/2025\/06\/13-8-scaled.jpg","width":2560,"height":2560,"caption":"Smycz sk\u00f3rzana Vero Salvia"},{"@type":"BreadcrumbList","@id":"https:\/\/musso.pet\/p\/smycz-skorzana-vero-salvia\/#breadcrumb","itemListElement":[{"@type":"ListItem","position":1,"name":"G\u0142\u00f3wna","item":"https:\/\/musso.pet\/"},{"@type":"ListItem","position":2,"name":"Sklep","item":"https:\/\/musso.pet\/s\/"},{"@type":"ListItem","position":3,"name":"Smycze","item":"https:\/\/musso.pet\/cat\/smycze\/"},{"@type":"ListItem","position":4,"name":"Smycz sk\u00f3rzana Vero Salvia"}]},{"@type":"WebSite","@id":"https:\/\/musso.pet\/#website","url":"https:\/\/musso.pet\/","name":"Musso","description":"Designerskie akcesoria dla ps\u00f3w","publisher":{"@id":"https:\/\/musso.pet\/#organization"},"potentialAction":[{"@type":"SearchAction","target":{"@type":"EntryPoint","urlTemplate":"https:\/\/musso.pet\/?s={search_term_string}"},"query-input":{"@type":"PropertyValueSpecification","valueRequired":true,"valueName":"search_term_string"}}],"inLanguage":"en-US"},{"@type":"Organization","@id":"https:\/\/musso.pet\/#organization","name":"Musso","url":"https:\/\/musso.pet\/","logo":{"@type":"ImageObject","inLanguage":"en-US","@id":"https:\/\/musso.pet\/#\/schema\/logo\/image\/","url":"https:\/\/musso.pet\/wp-content\/uploads\/2023\/04\/musso-logo-v3.svg","contentUrl":"https:\/\/musso.pet\/wp-content\/uploads\/2023\/04\/musso-logo-v3.svg","width":212,"height":44,"caption":"Musso"},"image":{"@id":"https:\/\/musso.pet\/#\/schema\/logo\/image\/"}}]}},"_links":{"self":[{"href":"https:\/\/musso.pet\/en\/wp-json\/wp\/v2\/product\/3081","targetHints":{"allow":["GET"]}}],"collection":[{"href":"https:\/\/musso.pet\/en\/wp-json\/wp\/v2\/product"}],"about":[{"href":"https:\/\/musso.pet\/en\/wp-json\/wp\/v2\/types\/product"}],"author":[{"embeddable":true,"href":"https:\/\/musso.pet\/en\/wp-json\/wp\/v2\/users\/5"}],"replies":[{"embeddable":true,"href":"https:\/\/musso.pet\/en\/wp-json\/wp\/v2\/comments?post=3081"}],"wp:featuredmedia":[{"embeddable":true,"href":"https:\/\/musso.pet\/en\/wp-json\/wp\/v2\/media\/3085"}],"wp:attachment":[{"href":"https:\/\/musso.pet\/en\/wp-json\/wp\/v2\/media?parent=3081"}],"wp:term":[{"taxonomy":"product_brand","embeddable":true,"href":"https:\/\/musso.pet\/en\/wp-json\/wp\/v2\/product_brand?post=3081"},{"taxonomy":"product_cat","embeddable":true,"href":"https:\/\/musso.pet\/en\/wp-json\/wp\/v2\/product_cat?post=3081"},{"taxonomy":"product_tag","embeddable":true,"href":"https:\/\/musso.pet\/en\/wp-json\/wp\/v2\/product_tag?post=3081"},{"taxonomy":"brand","embeddable":true,"href":"https:\/\/musso.pet\/en\/wp-json\/wp\/v2\/brand?post=3081"}],"curies":[{"name":"wp","href":"https:\/\/api.w.org\/{rel}","templated":true}]}}