{"id":2952,"date":"2025-06-09T14:42:38","date_gmt":"2025-06-09T11:42:38","guid":{"rendered":"https:\/\/musso.pet\/?post_type=product&#038;p=2952"},"modified":"2026-03-17T12:52:08","modified_gmt":"2026-03-17T09:52:08","slug":"obroza-z-weganskiej-skory-nodo-ardesia","status":"publish","type":"product","link":"https:\/\/musso.pet\/en\/p\/obroza-z-weganskiej-skory-nodo-ardesia\/","title":{"rendered":"Nodo Ardesia vegan leather collar"},"content":{"rendered":"<p data-start=\"139\" data-end=\"576\">Nodo Ardesia collar is a unique combination of design, comfort and sustainable materials.<br data-start=\"242\" data-end=\"245\" \/>It is made of solid, braided polypropylene cord in beige and Vegan Apple Leather in elegant, gray-blue color. Apple Leather is an innovative material created from processed waste from apple production \u2013 environmentally friendly, durable, soft and pleasant to the touch \u2013 perfectly suited for everyday use.<\/p>\n<p>The model is distinguished by a matte, silver buckle and a subtle logo with embossing, which emphasizes its refined character.<br data-start=\"697\" data-end=\"700\" \/>The series is complemented by a matching leash kept in the same tone.<\/p>\n<p data-start=\"908\" data-end=\"938\">Manufactured in Italy.<\/p>","protected":false},"excerpt":{"rendered":"<p>Obro\u017ca Nodo Ardesia to wyj\u0105tkowe po\u0142\u0105czenie\u00a0 designu, wygody i zr\u00f3wnowa\u017conych materia\u0142\u00f3w.Zosta\u0142a wykonana z solidnego, plecionego sznura polipropylenowego w odcieniu be\u017cu oraz wega\u0144skiej sk\u00f3ry Apple Leather w eleganckim, szaroniebieskim kolorze. Apple Leather to innowacyjny materia\u0142 powsta\u0142y z przetworzonych odpad\u00f3w z produkcji jab\u0142ek \u2013 przyjazny \u015brodowisku, trwa\u0142y, mi\u0119kki i przyjemny w dotyku \u2013 doskonale sprawdza si\u0119 w [&hellip;]<\/p>","protected":false},"author":5,"featured_media":2957,"comment_status":"open","ping_status":"closed","template":"","meta":[],"product_brand":[],"product_cat":[119,106,107,71],"product_tag":[],"brand":[],"class_list":{"0":"post-2952","1":"product","2":"type-product","3":"status-publish","4":"has-post-thumbnail","6":"product_cat-winter-sale","7":"product_cat-new-in","8":"product_cat-vegan-leather","9":"product_cat-obroze","10":"pa_color-niebeski","11":"pa_rozmiar-m","12":"pa_rozmiar-l","13":"pa_rozmiar-xl","15":"first","16":"instock","17":"sale","18":"taxable","19":"shipping-taxable","20":"purchasable","21":"product-type-variable","22":"wvs-archive-product-wrapper"},"yoast_head":"<!-- This site is optimized with the Yoast SEO plugin v25.6 - https:\/\/yoast.com\/wordpress\/plugins\/seo\/ -->\n<title>Obro\u017ca z wega\u0144skiej sk\u00f3ry Nodo Ardesia - Musso<\/title>\n<meta name=\"description\" content=\"Obro\u017ca z wega\u0144skiej sk\u00f3ry Nodo Ardesia kupi\u0107\" \/>\n<meta name=\"robots\" content=\"index, follow, max-snippet:-1, max-image-preview:large, max-video-preview:-1\" \/>\n<link rel=\"canonical\" href=\"https:\/\/musso.pet\/en\/p\/obroza-z-weganskiej-skory-nodo-ardesia\/\" \/>\n<meta property=\"og:locale\" content=\"en_US\" \/>\n<meta property=\"og:type\" content=\"article\" \/>\n<meta property=\"og:title\" content=\"Obro\u017ca z wega\u0144skiej sk\u00f3ry Nodo Ardesia - Musso\" \/>\n<meta property=\"og:description\" content=\"Obro\u017ca z wega\u0144skiej sk\u00f3ry Nodo Ardesia kupi\u0107\" \/>\n<meta property=\"og:url\" content=\"https:\/\/musso.pet\/en\/p\/obroza-z-weganskiej-skory-nodo-ardesia\/\" \/>\n<meta property=\"og:site_name\" content=\"Musso\" \/>\n<meta property=\"article:modified_time\" content=\"2026-03-17T09:52:08+00:00\" \/>\n<meta property=\"og:image\" content=\"https:\/\/musso.pet\/wp-content\/uploads\/2025\/06\/8-6-scaled.jpg\" \/>\n\t<meta property=\"og:image:width\" content=\"2560\" \/>\n\t<meta property=\"og:image:height\" content=\"2560\" \/>\n\t<meta property=\"og:image:type\" content=\"image\/jpeg\" \/>\n<meta name=\"twitter:card\" content=\"summary_large_image\" \/>\n<meta name=\"twitter:label1\" content=\"Est. reading time\" \/>\n\t<meta name=\"twitter:data1\" content=\"1 minute\" \/>\n<script type=\"application\/ld+json\" class=\"yoast-schema-graph\">{\"@context\":\"https:\/\/schema.org\",\"@graph\":[{\"@type\":\"WebPage\",\"@id\":\"https:\/\/musso.pet\/p\/obroza-z-weganskiej-skory-nodo-ardesia\/\",\"url\":\"https:\/\/musso.pet\/p\/obroza-z-weganskiej-skory-nodo-ardesia\/\",\"name\":\"Obro\u017ca z wega\u0144skiej sk\u00f3ry Nodo Ardesia - Musso\",\"isPartOf\":{\"@id\":\"https:\/\/musso.pet\/#website\"},\"primaryImageOfPage\":{\"@id\":\"https:\/\/musso.pet\/p\/obroza-z-weganskiej-skory-nodo-ardesia\/#primaryimage\"},\"image\":{\"@id\":\"https:\/\/musso.pet\/p\/obroza-z-weganskiej-skory-nodo-ardesia\/#primaryimage\"},\"thumbnailUrl\":\"https:\/\/musso.pet\/wp-content\/uploads\/2025\/06\/8-6-scaled.jpg\",\"datePublished\":\"2025-06-09T11:42:38+00:00\",\"dateModified\":\"2026-03-17T09:52:08+00:00\",\"description\":\"Obro\u017ca z wega\u0144skiej sk\u00f3ry Nodo Ardesia kupi\u0107\",\"breadcrumb\":{\"@id\":\"https:\/\/musso.pet\/p\/obroza-z-weganskiej-skory-nodo-ardesia\/#breadcrumb\"},\"inLanguage\":\"en-US\",\"potentialAction\":[{\"@type\":\"ReadAction\",\"target\":[\"https:\/\/musso.pet\/p\/obroza-z-weganskiej-skory-nodo-ardesia\/\"]}]},{\"@type\":\"ImageObject\",\"inLanguage\":\"en-US\",\"@id\":\"https:\/\/musso.pet\/p\/obroza-z-weganskiej-skory-nodo-ardesia\/#primaryimage\",\"url\":\"https:\/\/musso.pet\/wp-content\/uploads\/2025\/06\/8-6-scaled.jpg\",\"contentUrl\":\"https:\/\/musso.pet\/wp-content\/uploads\/2025\/06\/8-6-scaled.jpg\",\"width\":2560,\"height\":2560,\"caption\":\"Obro\u017ca z wega\u0144skiej sk\u00f3ry Nodo Ardesia\"},{\"@type\":\"BreadcrumbList\",\"@id\":\"https:\/\/musso.pet\/p\/obroza-z-weganskiej-skory-nodo-ardesia\/#breadcrumb\",\"itemListElement\":[{\"@type\":\"ListItem\",\"position\":1,\"name\":\"G\u0142\u00f3wna\",\"item\":\"https:\/\/musso.pet\/\"},{\"@type\":\"ListItem\",\"position\":2,\"name\":\"Sklep\",\"item\":\"https:\/\/musso.pet\/s\/\"},{\"@type\":\"ListItem\",\"position\":3,\"name\":\"Obro\u017ce\",\"item\":\"https:\/\/musso.pet\/cat\/obroze\/\"},{\"@type\":\"ListItem\",\"position\":4,\"name\":\"Obro\u017ca z wega\u0144skiej sk\u00f3ry Nodo Ardesia\"}]},{\"@type\":\"WebSite\",\"@id\":\"https:\/\/musso.pet\/#website\",\"url\":\"https:\/\/musso.pet\/\",\"name\":\"Musso\",\"description\":\"Designerskie akcesoria dla ps\u00f3w\",\"publisher\":{\"@id\":\"https:\/\/musso.pet\/#organization\"},\"potentialAction\":[{\"@type\":\"SearchAction\",\"target\":{\"@type\":\"EntryPoint\",\"urlTemplate\":\"https:\/\/musso.pet\/?s={search_term_string}\"},\"query-input\":{\"@type\":\"PropertyValueSpecification\",\"valueRequired\":true,\"valueName\":\"search_term_string\"}}],\"inLanguage\":\"en-US\"},{\"@type\":\"Organization\",\"@id\":\"https:\/\/musso.pet\/#organization\",\"name\":\"Musso\",\"url\":\"https:\/\/musso.pet\/\",\"logo\":{\"@type\":\"ImageObject\",\"inLanguage\":\"en-US\",\"@id\":\"https:\/\/musso.pet\/#\/schema\/logo\/image\/\",\"url\":\"https:\/\/musso.pet\/wp-content\/uploads\/2023\/04\/musso-logo-v3.svg\",\"contentUrl\":\"https:\/\/musso.pet\/wp-content\/uploads\/2023\/04\/musso-logo-v3.svg\",\"width\":212,\"height\":44,\"caption\":\"Musso\"},\"image\":{\"@id\":\"https:\/\/musso.pet\/#\/schema\/logo\/image\/\"}}]}<\/script>\n<!-- \/ Yoast SEO plugin. -->","yoast_head_json":{"title":"Obro\u017ca z wega\u0144skiej sk\u00f3ry Nodo Ardesia - Musso","description":"Obro\u017ca z wega\u0144skiej sk\u00f3ry Nodo Ardesia kupi\u0107","robots":{"index":"index","follow":"follow","max-snippet":"max-snippet:-1","max-image-preview":"max-image-preview:large","max-video-preview":"max-video-preview:-1"},"canonical":"https:\/\/musso.pet\/en\/p\/obroza-z-weganskiej-skory-nodo-ardesia\/","og_locale":"en_US","og_type":"article","og_title":"Obro\u017ca z wega\u0144skiej sk\u00f3ry Nodo Ardesia - Musso","og_description":"Obro\u017ca z wega\u0144skiej sk\u00f3ry Nodo Ardesia kupi\u0107","og_url":"https:\/\/musso.pet\/en\/p\/obroza-z-weganskiej-skory-nodo-ardesia\/","og_site_name":"Musso","article_modified_time":"2026-03-17T09:52:08+00:00","og_image":[{"width":2560,"height":2560,"url":"https:\/\/musso.pet\/wp-content\/uploads\/2025\/06\/8-6-scaled.jpg","type":"image\/jpeg"}],"twitter_card":"summary_large_image","twitter_misc":{"Est. reading time":"1 minute"},"schema":{"@context":"https:\/\/schema.org","@graph":[{"@type":"WebPage","@id":"https:\/\/musso.pet\/p\/obroza-z-weganskiej-skory-nodo-ardesia\/","url":"https:\/\/musso.pet\/p\/obroza-z-weganskiej-skory-nodo-ardesia\/","name":"Obro\u017ca z wega\u0144skiej sk\u00f3ry Nodo Ardesia - Musso","isPartOf":{"@id":"https:\/\/musso.pet\/#website"},"primaryImageOfPage":{"@id":"https:\/\/musso.pet\/p\/obroza-z-weganskiej-skory-nodo-ardesia\/#primaryimage"},"image":{"@id":"https:\/\/musso.pet\/p\/obroza-z-weganskiej-skory-nodo-ardesia\/#primaryimage"},"thumbnailUrl":"https:\/\/musso.pet\/wp-content\/uploads\/2025\/06\/8-6-scaled.jpg","datePublished":"2025-06-09T11:42:38+00:00","dateModified":"2026-03-17T09:52:08+00:00","description":"Obro\u017ca z wega\u0144skiej sk\u00f3ry Nodo Ardesia kupi\u0107","breadcrumb":{"@id":"https:\/\/musso.pet\/p\/obroza-z-weganskiej-skory-nodo-ardesia\/#breadcrumb"},"inLanguage":"en-US","potentialAction":[{"@type":"ReadAction","target":["https:\/\/musso.pet\/p\/obroza-z-weganskiej-skory-nodo-ardesia\/"]}]},{"@type":"ImageObject","inLanguage":"en-US","@id":"https:\/\/musso.pet\/p\/obroza-z-weganskiej-skory-nodo-ardesia\/#primaryimage","url":"https:\/\/musso.pet\/wp-content\/uploads\/2025\/06\/8-6-scaled.jpg","contentUrl":"https:\/\/musso.pet\/wp-content\/uploads\/2025\/06\/8-6-scaled.jpg","width":2560,"height":2560,"caption":"Obro\u017ca z wega\u0144skiej sk\u00f3ry Nodo Ardesia"},{"@type":"BreadcrumbList","@id":"https:\/\/musso.pet\/p\/obroza-z-weganskiej-skory-nodo-ardesia\/#breadcrumb","itemListElement":[{"@type":"ListItem","position":1,"name":"G\u0142\u00f3wna","item":"https:\/\/musso.pet\/"},{"@type":"ListItem","position":2,"name":"Sklep","item":"https:\/\/musso.pet\/s\/"},{"@type":"ListItem","position":3,"name":"Obro\u017ce","item":"https:\/\/musso.pet\/cat\/obroze\/"},{"@type":"ListItem","position":4,"name":"Obro\u017ca z wega\u0144skiej sk\u00f3ry Nodo Ardesia"}]},{"@type":"WebSite","@id":"https:\/\/musso.pet\/#website","url":"https:\/\/musso.pet\/","name":"Musso","description":"Designerskie akcesoria dla ps\u00f3w","publisher":{"@id":"https:\/\/musso.pet\/#organization"},"potentialAction":[{"@type":"SearchAction","target":{"@type":"EntryPoint","urlTemplate":"https:\/\/musso.pet\/?s={search_term_string}"},"query-input":{"@type":"PropertyValueSpecification","valueRequired":true,"valueName":"search_term_string"}}],"inLanguage":"en-US"},{"@type":"Organization","@id":"https:\/\/musso.pet\/#organization","name":"Musso","url":"https:\/\/musso.pet\/","logo":{"@type":"ImageObject","inLanguage":"en-US","@id":"https:\/\/musso.pet\/#\/schema\/logo\/image\/","url":"https:\/\/musso.pet\/wp-content\/uploads\/2023\/04\/musso-logo-v3.svg","contentUrl":"https:\/\/musso.pet\/wp-content\/uploads\/2023\/04\/musso-logo-v3.svg","width":212,"height":44,"caption":"Musso"},"image":{"@id":"https:\/\/musso.pet\/#\/schema\/logo\/image\/"}}]}},"_links":{"self":[{"href":"https:\/\/musso.pet\/en\/wp-json\/wp\/v2\/product\/2952","targetHints":{"allow":["GET"]}}],"collection":[{"href":"https:\/\/musso.pet\/en\/wp-json\/wp\/v2\/product"}],"about":[{"href":"https:\/\/musso.pet\/en\/wp-json\/wp\/v2\/types\/product"}],"author":[{"embeddable":true,"href":"https:\/\/musso.pet\/en\/wp-json\/wp\/v2\/users\/5"}],"replies":[{"embeddable":true,"href":"https:\/\/musso.pet\/en\/wp-json\/wp\/v2\/comments?post=2952"}],"wp:featuredmedia":[{"embeddable":true,"href":"https:\/\/musso.pet\/en\/wp-json\/wp\/v2\/media\/2957"}],"wp:attachment":[{"href":"https:\/\/musso.pet\/en\/wp-json\/wp\/v2\/media?parent=2952"}],"wp:term":[{"taxonomy":"product_brand","embeddable":true,"href":"https:\/\/musso.pet\/en\/wp-json\/wp\/v2\/product_brand?post=2952"},{"taxonomy":"product_cat","embeddable":true,"href":"https:\/\/musso.pet\/en\/wp-json\/wp\/v2\/product_cat?post=2952"},{"taxonomy":"product_tag","embeddable":true,"href":"https:\/\/musso.pet\/en\/wp-json\/wp\/v2\/product_tag?post=2952"},{"taxonomy":"brand","embeddable":true,"href":"https:\/\/musso.pet\/en\/wp-json\/wp\/v2\/brand?post=2952"}],"curies":[{"name":"wp","href":"https:\/\/api.w.org\/{rel}","templated":true}]}}