{"id":2841,"date":"2025-06-22T19:30:57","date_gmt":"2025-06-22T16:30:57","guid":{"rendered":"https:\/\/musso.pet\/?post_type=product&#038;p=2841"},"modified":"2026-03-17T12:50:50","modified_gmt":"2026-03-17T09:50:50","slug":"obroza-skorzana-vivo-arancia","status":"publish","type":"product","link":"https:\/\/musso.pet\/en\/p\/obroza-skorzana-vivo-arancia\/","title":{"rendered":"Vivo Arancia leather collar"},"content":{"rendered":"<p data-start=\"130\" data-end=\"430\">The Vivo Arancia collar brings the warmth and joy of a spring palette to daily walks.<br data-start=\"989\" data-end=\"992\" \/>Made of exceptionally soft, natural Italian leather in a juicy shade of orange, it symbolizes light and positive energy even on cloudy days.<\/p>\n<p data-start=\"432\" data-end=\"640\">The model is ideal for small breeds-it weighs only 12-20 g, which makes it extremely comfortable and almost imperceptible.<br data-start=\"555\" data-end=\"558\" \/>The logo is kept in the same shade as the nickel-free fittings in silver to emphasize the consistency of the design.<\/p>\n<p data-start=\"432\" data-end=\"640\">The Vivo Arancia series is complemented by a matching leash in the same tone.<\/p>\n<p data-start=\"642\" data-end=\"814\">\u00a0<\/p>\n<p data-start=\"816\" data-end=\"846\">Manufactured in Italy.<\/p>","protected":false},"excerpt":{"rendered":"<p>Obro\u017ca Vivo Arancia wnosi ciep\u0142o i rado\u015b\u0107 wiosennej palety do codziennych spacer\u00f3w.Wykonana z wyj\u0105tkowo mi\u0119kkiej, naturalnej sk\u00f3ry w\u0142oskiej w soczystym odcieniu pomara\u0144czy, symbolizuje \u015bwiat\u0142o i pozytywn\u0105 energi\u0119 nawet w pochmurne dni. Model idealnie sprawdzi si\u0119 u ma\u0142ych ras &#8211; wa\u017cy jedynie 12-20 g, co czyni go niezwykle komfortowym i niemal niewyczuwalnym.Logo utrzymane w tym samym [&hellip;]<\/p>","protected":false},"author":5,"featured_media":2845,"comment_status":"open","ping_status":"closed","template":"","meta":[],"product_brand":[],"product_cat":[119,104,106,71],"product_tag":[],"brand":[],"class_list":{"0":"post-2841","1":"product","2":"type-product","3":"status-publish","4":"has-post-thumbnail","6":"product_cat-winter-sale","7":"product_cat-mini-icons","8":"product_cat-new-in","9":"product_cat-obroze","10":"pa_color-pomaranczowy","11":"pa_rozmiar-xs","12":"pa_rozmiar-s","13":"pa_rozmiar-m","15":"first","16":"instock","17":"sale","18":"taxable","19":"shipping-taxable","20":"purchasable","21":"product-type-variable","22":"wvs-archive-product-wrapper"},"yoast_head":"<!-- This site is optimized with the Yoast SEO plugin v25.6 - https:\/\/yoast.com\/wordpress\/plugins\/seo\/ -->\n<title>Obro\u017ca sk\u00f3rzana Vivo Arancia - Musso<\/title>\n<meta name=\"description\" content=\"Obro\u017ca sk\u00f3rzana Vivo Arancia kupi\u0107\" \/>\n<meta name=\"robots\" content=\"index, follow, max-snippet:-1, max-image-preview:large, max-video-preview:-1\" \/>\n<link rel=\"canonical\" href=\"https:\/\/musso.pet\/en\/p\/obroza-skorzana-vivo-arancia\/\" \/>\n<meta property=\"og:locale\" content=\"en_US\" \/>\n<meta property=\"og:type\" content=\"article\" \/>\n<meta property=\"og:title\" content=\"Obro\u017ca sk\u00f3rzana Vivo Arancia - Musso\" \/>\n<meta property=\"og:description\" content=\"Obro\u017ca sk\u00f3rzana Vivo Arancia kupi\u0107\" \/>\n<meta property=\"og:url\" content=\"https:\/\/musso.pet\/en\/p\/obroza-skorzana-vivo-arancia\/\" \/>\n<meta property=\"og:site_name\" content=\"Musso\" \/>\n<meta property=\"article:modified_time\" content=\"2026-03-17T09:50:50+00:00\" \/>\n<meta property=\"og:image\" content=\"https:\/\/musso.pet\/wp-content\/uploads\/2025\/06\/9-4-scaled.jpg\" \/>\n\t<meta property=\"og:image:width\" content=\"2560\" \/>\n\t<meta property=\"og:image:height\" content=\"2560\" \/>\n\t<meta property=\"og:image:type\" content=\"image\/jpeg\" \/>\n<meta name=\"twitter:card\" content=\"summary_large_image\" \/>\n<script type=\"application\/ld+json\" class=\"yoast-schema-graph\">{\"@context\":\"https:\/\/schema.org\",\"@graph\":[{\"@type\":\"WebPage\",\"@id\":\"https:\/\/musso.pet\/p\/obroza-skorzana-vivo-arancia\/\",\"url\":\"https:\/\/musso.pet\/p\/obroza-skorzana-vivo-arancia\/\",\"name\":\"Obro\u017ca sk\u00f3rzana Vivo Arancia - Musso\",\"isPartOf\":{\"@id\":\"https:\/\/musso.pet\/#website\"},\"primaryImageOfPage\":{\"@id\":\"https:\/\/musso.pet\/p\/obroza-skorzana-vivo-arancia\/#primaryimage\"},\"image\":{\"@id\":\"https:\/\/musso.pet\/p\/obroza-skorzana-vivo-arancia\/#primaryimage\"},\"thumbnailUrl\":\"https:\/\/musso.pet\/wp-content\/uploads\/2025\/06\/9-4-scaled.jpg\",\"datePublished\":\"2025-06-22T16:30:57+00:00\",\"dateModified\":\"2026-03-17T09:50:50+00:00\",\"description\":\"Obro\u017ca sk\u00f3rzana Vivo Arancia kupi\u0107\",\"breadcrumb\":{\"@id\":\"https:\/\/musso.pet\/p\/obroza-skorzana-vivo-arancia\/#breadcrumb\"},\"inLanguage\":\"en-US\",\"potentialAction\":[{\"@type\":\"ReadAction\",\"target\":[\"https:\/\/musso.pet\/p\/obroza-skorzana-vivo-arancia\/\"]}]},{\"@type\":\"ImageObject\",\"inLanguage\":\"en-US\",\"@id\":\"https:\/\/musso.pet\/p\/obroza-skorzana-vivo-arancia\/#primaryimage\",\"url\":\"https:\/\/musso.pet\/wp-content\/uploads\/2025\/06\/9-4-scaled.jpg\",\"contentUrl\":\"https:\/\/musso.pet\/wp-content\/uploads\/2025\/06\/9-4-scaled.jpg\",\"width\":2560,\"height\":2560,\"caption\":\"Obro\u017ca sk\u00f3rzana Vivo Arancia\"},{\"@type\":\"BreadcrumbList\",\"@id\":\"https:\/\/musso.pet\/p\/obroza-skorzana-vivo-arancia\/#breadcrumb\",\"itemListElement\":[{\"@type\":\"ListItem\",\"position\":1,\"name\":\"G\u0142\u00f3wna\",\"item\":\"https:\/\/musso.pet\/\"},{\"@type\":\"ListItem\",\"position\":2,\"name\":\"Sklep\",\"item\":\"https:\/\/musso.pet\/s\/\"},{\"@type\":\"ListItem\",\"position\":3,\"name\":\"Obro\u017ce\",\"item\":\"https:\/\/musso.pet\/cat\/obroze\/\"},{\"@type\":\"ListItem\",\"position\":4,\"name\":\"Obro\u017ca sk\u00f3rzana Vivo Arancia\"}]},{\"@type\":\"WebSite\",\"@id\":\"https:\/\/musso.pet\/#website\",\"url\":\"https:\/\/musso.pet\/\",\"name\":\"Musso\",\"description\":\"Designerskie akcesoria dla ps\u00f3w\",\"publisher\":{\"@id\":\"https:\/\/musso.pet\/#organization\"},\"potentialAction\":[{\"@type\":\"SearchAction\",\"target\":{\"@type\":\"EntryPoint\",\"urlTemplate\":\"https:\/\/musso.pet\/?s={search_term_string}\"},\"query-input\":{\"@type\":\"PropertyValueSpecification\",\"valueRequired\":true,\"valueName\":\"search_term_string\"}}],\"inLanguage\":\"en-US\"},{\"@type\":\"Organization\",\"@id\":\"https:\/\/musso.pet\/#organization\",\"name\":\"Musso\",\"url\":\"https:\/\/musso.pet\/\",\"logo\":{\"@type\":\"ImageObject\",\"inLanguage\":\"en-US\",\"@id\":\"https:\/\/musso.pet\/#\/schema\/logo\/image\/\",\"url\":\"https:\/\/musso.pet\/wp-content\/uploads\/2023\/04\/musso-logo-v3.svg\",\"contentUrl\":\"https:\/\/musso.pet\/wp-content\/uploads\/2023\/04\/musso-logo-v3.svg\",\"width\":212,\"height\":44,\"caption\":\"Musso\"},\"image\":{\"@id\":\"https:\/\/musso.pet\/#\/schema\/logo\/image\/\"}}]}<\/script>\n<!-- \/ Yoast SEO plugin. -->","yoast_head_json":{"title":"Obro\u017ca sk\u00f3rzana Vivo Arancia - Musso","description":"Obro\u017ca sk\u00f3rzana Vivo Arancia kupi\u0107","robots":{"index":"index","follow":"follow","max-snippet":"max-snippet:-1","max-image-preview":"max-image-preview:large","max-video-preview":"max-video-preview:-1"},"canonical":"https:\/\/musso.pet\/en\/p\/obroza-skorzana-vivo-arancia\/","og_locale":"en_US","og_type":"article","og_title":"Obro\u017ca sk\u00f3rzana Vivo Arancia - Musso","og_description":"Obro\u017ca sk\u00f3rzana Vivo Arancia kupi\u0107","og_url":"https:\/\/musso.pet\/en\/p\/obroza-skorzana-vivo-arancia\/","og_site_name":"Musso","article_modified_time":"2026-03-17T09:50:50+00:00","og_image":[{"width":2560,"height":2560,"url":"https:\/\/musso.pet\/wp-content\/uploads\/2025\/06\/9-4-scaled.jpg","type":"image\/jpeg"}],"twitter_card":"summary_large_image","schema":{"@context":"https:\/\/schema.org","@graph":[{"@type":"WebPage","@id":"https:\/\/musso.pet\/p\/obroza-skorzana-vivo-arancia\/","url":"https:\/\/musso.pet\/p\/obroza-skorzana-vivo-arancia\/","name":"Obro\u017ca sk\u00f3rzana Vivo Arancia - Musso","isPartOf":{"@id":"https:\/\/musso.pet\/#website"},"primaryImageOfPage":{"@id":"https:\/\/musso.pet\/p\/obroza-skorzana-vivo-arancia\/#primaryimage"},"image":{"@id":"https:\/\/musso.pet\/p\/obroza-skorzana-vivo-arancia\/#primaryimage"},"thumbnailUrl":"https:\/\/musso.pet\/wp-content\/uploads\/2025\/06\/9-4-scaled.jpg","datePublished":"2025-06-22T16:30:57+00:00","dateModified":"2026-03-17T09:50:50+00:00","description":"Obro\u017ca sk\u00f3rzana Vivo Arancia kupi\u0107","breadcrumb":{"@id":"https:\/\/musso.pet\/p\/obroza-skorzana-vivo-arancia\/#breadcrumb"},"inLanguage":"en-US","potentialAction":[{"@type":"ReadAction","target":["https:\/\/musso.pet\/p\/obroza-skorzana-vivo-arancia\/"]}]},{"@type":"ImageObject","inLanguage":"en-US","@id":"https:\/\/musso.pet\/p\/obroza-skorzana-vivo-arancia\/#primaryimage","url":"https:\/\/musso.pet\/wp-content\/uploads\/2025\/06\/9-4-scaled.jpg","contentUrl":"https:\/\/musso.pet\/wp-content\/uploads\/2025\/06\/9-4-scaled.jpg","width":2560,"height":2560,"caption":"Obro\u017ca sk\u00f3rzana Vivo Arancia"},{"@type":"BreadcrumbList","@id":"https:\/\/musso.pet\/p\/obroza-skorzana-vivo-arancia\/#breadcrumb","itemListElement":[{"@type":"ListItem","position":1,"name":"G\u0142\u00f3wna","item":"https:\/\/musso.pet\/"},{"@type":"ListItem","position":2,"name":"Sklep","item":"https:\/\/musso.pet\/s\/"},{"@type":"ListItem","position":3,"name":"Obro\u017ce","item":"https:\/\/musso.pet\/cat\/obroze\/"},{"@type":"ListItem","position":4,"name":"Obro\u017ca sk\u00f3rzana Vivo Arancia"}]},{"@type":"WebSite","@id":"https:\/\/musso.pet\/#website","url":"https:\/\/musso.pet\/","name":"Musso","description":"Designerskie akcesoria dla ps\u00f3w","publisher":{"@id":"https:\/\/musso.pet\/#organization"},"potentialAction":[{"@type":"SearchAction","target":{"@type":"EntryPoint","urlTemplate":"https:\/\/musso.pet\/?s={search_term_string}"},"query-input":{"@type":"PropertyValueSpecification","valueRequired":true,"valueName":"search_term_string"}}],"inLanguage":"en-US"},{"@type":"Organization","@id":"https:\/\/musso.pet\/#organization","name":"Musso","url":"https:\/\/musso.pet\/","logo":{"@type":"ImageObject","inLanguage":"en-US","@id":"https:\/\/musso.pet\/#\/schema\/logo\/image\/","url":"https:\/\/musso.pet\/wp-content\/uploads\/2023\/04\/musso-logo-v3.svg","contentUrl":"https:\/\/musso.pet\/wp-content\/uploads\/2023\/04\/musso-logo-v3.svg","width":212,"height":44,"caption":"Musso"},"image":{"@id":"https:\/\/musso.pet\/#\/schema\/logo\/image\/"}}]}},"_links":{"self":[{"href":"https:\/\/musso.pet\/en\/wp-json\/wp\/v2\/product\/2841","targetHints":{"allow":["GET"]}}],"collection":[{"href":"https:\/\/musso.pet\/en\/wp-json\/wp\/v2\/product"}],"about":[{"href":"https:\/\/musso.pet\/en\/wp-json\/wp\/v2\/types\/product"}],"author":[{"embeddable":true,"href":"https:\/\/musso.pet\/en\/wp-json\/wp\/v2\/users\/5"}],"replies":[{"embeddable":true,"href":"https:\/\/musso.pet\/en\/wp-json\/wp\/v2\/comments?post=2841"}],"wp:featuredmedia":[{"embeddable":true,"href":"https:\/\/musso.pet\/en\/wp-json\/wp\/v2\/media\/2845"}],"wp:attachment":[{"href":"https:\/\/musso.pet\/en\/wp-json\/wp\/v2\/media?parent=2841"}],"wp:term":[{"taxonomy":"product_brand","embeddable":true,"href":"https:\/\/musso.pet\/en\/wp-json\/wp\/v2\/product_brand?post=2841"},{"taxonomy":"product_cat","embeddable":true,"href":"https:\/\/musso.pet\/en\/wp-json\/wp\/v2\/product_cat?post=2841"},{"taxonomy":"product_tag","embeddable":true,"href":"https:\/\/musso.pet\/en\/wp-json\/wp\/v2\/product_tag?post=2841"},{"taxonomy":"brand","embeddable":true,"href":"https:\/\/musso.pet\/en\/wp-json\/wp\/v2\/brand?post=2841"}],"curies":[{"name":"wp","href":"https:\/\/api.w.org\/{rel}","templated":true}]}}