{"id":2811,"date":"2025-06-27T17:21:46","date_gmt":"2025-06-27T14:21:46","guid":{"rendered":"https:\/\/musso.pet\/?post_type=product&#038;p=2811"},"modified":"2026-04-12T18:05:14","modified_gmt":"2026-04-12T15:05:14","slug":"obroza-skorzana-vero-salvia","status":"publish","type":"product","link":"https:\/\/musso.pet\/en\/p\/obroza-skorzana-vero-salvia\/","title":{"rendered":"Vero Salvia leather collar"},"content":{"rendered":"<p data-start=\"214\" data-end=\"435\">The Vero Salvia collar is made of natural, smooth Italian leather in an elegant shade of sage. It is a subtle yet distinctive choice for caregivers who appreciate quality and harmony in every detail.<\/p>\n<p data-start=\"437\" data-end=\"755\">The model is equipped with nickel-free, gold-colored metal hardware, covered with a special protective coating that protects against scratches and moisture. Reinforced seams increase durability and safety of use.<\/p>\n<p data-start=\"757\" data-end=\"880\">The whole look is complemented by embossed details and stitching in light beige tones, which add a sophisticated touch.<\/p>\n<p data-start=\"882\" data-end=\"1153\">The collar is extremely light - it weighs only 30-50 g, making it almost imperceptible to the pet.<\/p>\n<p data-start=\"882\" data-end=\"1153\">Each piece was made by Italian artisans with attention to detail and packaged in a decorative velour box.<\/p>\n<p data-start=\"1155\" data-end=\"1233\">The Vero Salvia series also includes a lanyard and a practical pouch case.<\/p>\n<p data-start=\"1235\" data-end=\"1265\">Manufactured in Italy.<\/p>","protected":false},"excerpt":{"rendered":"<p>Obro\u017ca Vero Salvia zosta\u0142a wykonana z naturalnej, g\u0142adkiej sk\u00f3ry w\u0142oskiej w eleganckim odcieniu sza\u0142wii. To subtelna, a zarazem wyr\u00f3\u017cniaj\u0105ca si\u0119 propozycja dla opiekun\u00f3w, kt\u00f3rzy ceni\u0105 jako\u015b\u0107 i harmoni\u0119 w ka\u017cdym detalu. Model wyposa\u017cony jest w bezniklowe, metalowe okucia w kolorze z\u0142ota, pokryte specjaln\u0105 pow\u0142ok\u0105 ochronn\u0105, kt\u00f3ra zabezpiecza przed zarysowaniami i wilgoci\u0105. Wzmocnione szwy zwi\u0119kszaj\u0105 trwa\u0142o\u015b\u0107 [&hellip;]<\/p>","protected":false},"author":5,"featured_media":2813,"comment_status":"open","ping_status":"closed","template":"","meta":[],"product_brand":[],"product_cat":[106,122,105,71],"product_tag":[],"brand":[],"class_list":{"0":"post-2811","1":"product","2":"type-product","3":"status-publish","4":"has-post-thumbnail","6":"product_cat-new-in","7":"product_cat-shop-the-look-vero-salvia","8":"product_cat-timeless-collection","9":"product_cat-obroze","10":"pa_color-zielony","11":"pa_rozmiar-s","12":"pa_rozmiar-m","13":"pa_rozmiar-l","14":"pa_rozmiar-xl","16":"first","17":"instock","18":"taxable","19":"shipping-taxable","20":"purchasable","21":"product-type-variable","22":"wvs-archive-product-wrapper"},"yoast_head":"<!-- This site is optimized with the Yoast SEO plugin v25.6 - https:\/\/yoast.com\/wordpress\/plugins\/seo\/ -->\n<title>Obro\u017ca sk\u00f3rzana Vero Salvia - Musso<\/title>\n<meta name=\"description\" content=\"Obro\u017ca sk\u00f3rzana Vero Salvia kupi\u0107\" \/>\n<meta name=\"robots\" content=\"index, follow, max-snippet:-1, max-image-preview:large, max-video-preview:-1\" \/>\n<link rel=\"canonical\" href=\"https:\/\/musso.pet\/en\/p\/obroza-skorzana-vero-salvia\/\" \/>\n<meta property=\"og:locale\" content=\"en_US\" \/>\n<meta property=\"og:type\" content=\"article\" \/>\n<meta property=\"og:title\" content=\"Obro\u017ca sk\u00f3rzana Vero Salvia - Musso\" \/>\n<meta property=\"og:description\" content=\"Obro\u017ca sk\u00f3rzana Vero Salvia kupi\u0107\" \/>\n<meta property=\"og:url\" content=\"https:\/\/musso.pet\/en\/p\/obroza-skorzana-vero-salvia\/\" \/>\n<meta property=\"og:site_name\" content=\"Musso\" \/>\n<meta property=\"article:modified_time\" content=\"2026-04-12T15:05:14+00:00\" \/>\n<meta property=\"og:image\" content=\"https:\/\/musso.pet\/wp-content\/uploads\/2025\/06\/11-3-scaled.jpg\" \/>\n\t<meta property=\"og:image:width\" content=\"2560\" \/>\n\t<meta property=\"og:image:height\" content=\"2560\" \/>\n\t<meta property=\"og:image:type\" content=\"image\/jpeg\" \/>\n<meta name=\"twitter:card\" content=\"summary_large_image\" \/>\n<meta name=\"twitter:label1\" content=\"Est. reading time\" \/>\n\t<meta name=\"twitter:data1\" content=\"1 minute\" \/>\n<script type=\"application\/ld+json\" class=\"yoast-schema-graph\">{\"@context\":\"https:\/\/schema.org\",\"@graph\":[{\"@type\":\"WebPage\",\"@id\":\"https:\/\/musso.pet\/p\/obroza-skorzana-vero-salvia\/\",\"url\":\"https:\/\/musso.pet\/p\/obroza-skorzana-vero-salvia\/\",\"name\":\"Obro\u017ca sk\u00f3rzana Vero Salvia - Musso\",\"isPartOf\":{\"@id\":\"https:\/\/musso.pet\/#website\"},\"primaryImageOfPage\":{\"@id\":\"https:\/\/musso.pet\/p\/obroza-skorzana-vero-salvia\/#primaryimage\"},\"image\":{\"@id\":\"https:\/\/musso.pet\/p\/obroza-skorzana-vero-salvia\/#primaryimage\"},\"thumbnailUrl\":\"https:\/\/musso.pet\/wp-content\/uploads\/2025\/06\/11-3-scaled.jpg\",\"datePublished\":\"2025-06-27T14:21:46+00:00\",\"dateModified\":\"2026-04-12T15:05:14+00:00\",\"description\":\"Obro\u017ca sk\u00f3rzana Vero Salvia kupi\u0107\",\"breadcrumb\":{\"@id\":\"https:\/\/musso.pet\/p\/obroza-skorzana-vero-salvia\/#breadcrumb\"},\"inLanguage\":\"en-US\",\"potentialAction\":[{\"@type\":\"ReadAction\",\"target\":[\"https:\/\/musso.pet\/p\/obroza-skorzana-vero-salvia\/\"]}]},{\"@type\":\"ImageObject\",\"inLanguage\":\"en-US\",\"@id\":\"https:\/\/musso.pet\/p\/obroza-skorzana-vero-salvia\/#primaryimage\",\"url\":\"https:\/\/musso.pet\/wp-content\/uploads\/2025\/06\/11-3-scaled.jpg\",\"contentUrl\":\"https:\/\/musso.pet\/wp-content\/uploads\/2025\/06\/11-3-scaled.jpg\",\"width\":2560,\"height\":2560,\"caption\":\"Obro\u017ca sk\u00f3rzana Vero Salvia\"},{\"@type\":\"BreadcrumbList\",\"@id\":\"https:\/\/musso.pet\/p\/obroza-skorzana-vero-salvia\/#breadcrumb\",\"itemListElement\":[{\"@type\":\"ListItem\",\"position\":1,\"name\":\"G\u0142\u00f3wna\",\"item\":\"https:\/\/musso.pet\/\"},{\"@type\":\"ListItem\",\"position\":2,\"name\":\"Sklep\",\"item\":\"https:\/\/musso.pet\/s\/\"},{\"@type\":\"ListItem\",\"position\":3,\"name\":\"Obro\u017ce\",\"item\":\"https:\/\/musso.pet\/cat\/obroze\/\"},{\"@type\":\"ListItem\",\"position\":4,\"name\":\"Obro\u017ca sk\u00f3rzana Vero Salvia\"}]},{\"@type\":\"WebSite\",\"@id\":\"https:\/\/musso.pet\/#website\",\"url\":\"https:\/\/musso.pet\/\",\"name\":\"Musso\",\"description\":\"Designerskie akcesoria dla ps\u00f3w\",\"publisher\":{\"@id\":\"https:\/\/musso.pet\/#organization\"},\"potentialAction\":[{\"@type\":\"SearchAction\",\"target\":{\"@type\":\"EntryPoint\",\"urlTemplate\":\"https:\/\/musso.pet\/?s={search_term_string}\"},\"query-input\":{\"@type\":\"PropertyValueSpecification\",\"valueRequired\":true,\"valueName\":\"search_term_string\"}}],\"inLanguage\":\"en-US\"},{\"@type\":\"Organization\",\"@id\":\"https:\/\/musso.pet\/#organization\",\"name\":\"Musso\",\"url\":\"https:\/\/musso.pet\/\",\"logo\":{\"@type\":\"ImageObject\",\"inLanguage\":\"en-US\",\"@id\":\"https:\/\/musso.pet\/#\/schema\/logo\/image\/\",\"url\":\"https:\/\/musso.pet\/wp-content\/uploads\/2023\/04\/musso-logo-v3.svg\",\"contentUrl\":\"https:\/\/musso.pet\/wp-content\/uploads\/2023\/04\/musso-logo-v3.svg\",\"width\":212,\"height\":44,\"caption\":\"Musso\"},\"image\":{\"@id\":\"https:\/\/musso.pet\/#\/schema\/logo\/image\/\"}}]}<\/script>\n<!-- \/ Yoast SEO plugin. -->","yoast_head_json":{"title":"Obro\u017ca sk\u00f3rzana Vero Salvia - Musso","description":"Obro\u017ca sk\u00f3rzana Vero Salvia kupi\u0107","robots":{"index":"index","follow":"follow","max-snippet":"max-snippet:-1","max-image-preview":"max-image-preview:large","max-video-preview":"max-video-preview:-1"},"canonical":"https:\/\/musso.pet\/en\/p\/obroza-skorzana-vero-salvia\/","og_locale":"en_US","og_type":"article","og_title":"Obro\u017ca sk\u00f3rzana Vero Salvia - Musso","og_description":"Obro\u017ca sk\u00f3rzana Vero Salvia kupi\u0107","og_url":"https:\/\/musso.pet\/en\/p\/obroza-skorzana-vero-salvia\/","og_site_name":"Musso","article_modified_time":"2026-04-12T15:05:14+00:00","og_image":[{"width":2560,"height":2560,"url":"https:\/\/musso.pet\/wp-content\/uploads\/2025\/06\/11-3-scaled.jpg","type":"image\/jpeg"}],"twitter_card":"summary_large_image","twitter_misc":{"Est. reading time":"1 minute"},"schema":{"@context":"https:\/\/schema.org","@graph":[{"@type":"WebPage","@id":"https:\/\/musso.pet\/p\/obroza-skorzana-vero-salvia\/","url":"https:\/\/musso.pet\/p\/obroza-skorzana-vero-salvia\/","name":"Obro\u017ca sk\u00f3rzana Vero Salvia - Musso","isPartOf":{"@id":"https:\/\/musso.pet\/#website"},"primaryImageOfPage":{"@id":"https:\/\/musso.pet\/p\/obroza-skorzana-vero-salvia\/#primaryimage"},"image":{"@id":"https:\/\/musso.pet\/p\/obroza-skorzana-vero-salvia\/#primaryimage"},"thumbnailUrl":"https:\/\/musso.pet\/wp-content\/uploads\/2025\/06\/11-3-scaled.jpg","datePublished":"2025-06-27T14:21:46+00:00","dateModified":"2026-04-12T15:05:14+00:00","description":"Obro\u017ca sk\u00f3rzana Vero Salvia kupi\u0107","breadcrumb":{"@id":"https:\/\/musso.pet\/p\/obroza-skorzana-vero-salvia\/#breadcrumb"},"inLanguage":"en-US","potentialAction":[{"@type":"ReadAction","target":["https:\/\/musso.pet\/p\/obroza-skorzana-vero-salvia\/"]}]},{"@type":"ImageObject","inLanguage":"en-US","@id":"https:\/\/musso.pet\/p\/obroza-skorzana-vero-salvia\/#primaryimage","url":"https:\/\/musso.pet\/wp-content\/uploads\/2025\/06\/11-3-scaled.jpg","contentUrl":"https:\/\/musso.pet\/wp-content\/uploads\/2025\/06\/11-3-scaled.jpg","width":2560,"height":2560,"caption":"Obro\u017ca sk\u00f3rzana Vero Salvia"},{"@type":"BreadcrumbList","@id":"https:\/\/musso.pet\/p\/obroza-skorzana-vero-salvia\/#breadcrumb","itemListElement":[{"@type":"ListItem","position":1,"name":"G\u0142\u00f3wna","item":"https:\/\/musso.pet\/"},{"@type":"ListItem","position":2,"name":"Sklep","item":"https:\/\/musso.pet\/s\/"},{"@type":"ListItem","position":3,"name":"Obro\u017ce","item":"https:\/\/musso.pet\/cat\/obroze\/"},{"@type":"ListItem","position":4,"name":"Obro\u017ca sk\u00f3rzana Vero Salvia"}]},{"@type":"WebSite","@id":"https:\/\/musso.pet\/#website","url":"https:\/\/musso.pet\/","name":"Musso","description":"Designerskie akcesoria dla ps\u00f3w","publisher":{"@id":"https:\/\/musso.pet\/#organization"},"potentialAction":[{"@type":"SearchAction","target":{"@type":"EntryPoint","urlTemplate":"https:\/\/musso.pet\/?s={search_term_string}"},"query-input":{"@type":"PropertyValueSpecification","valueRequired":true,"valueName":"search_term_string"}}],"inLanguage":"en-US"},{"@type":"Organization","@id":"https:\/\/musso.pet\/#organization","name":"Musso","url":"https:\/\/musso.pet\/","logo":{"@type":"ImageObject","inLanguage":"en-US","@id":"https:\/\/musso.pet\/#\/schema\/logo\/image\/","url":"https:\/\/musso.pet\/wp-content\/uploads\/2023\/04\/musso-logo-v3.svg","contentUrl":"https:\/\/musso.pet\/wp-content\/uploads\/2023\/04\/musso-logo-v3.svg","width":212,"height":44,"caption":"Musso"},"image":{"@id":"https:\/\/musso.pet\/#\/schema\/logo\/image\/"}}]}},"_links":{"self":[{"href":"https:\/\/musso.pet\/en\/wp-json\/wp\/v2\/product\/2811","targetHints":{"allow":["GET"]}}],"collection":[{"href":"https:\/\/musso.pet\/en\/wp-json\/wp\/v2\/product"}],"about":[{"href":"https:\/\/musso.pet\/en\/wp-json\/wp\/v2\/types\/product"}],"author":[{"embeddable":true,"href":"https:\/\/musso.pet\/en\/wp-json\/wp\/v2\/users\/5"}],"replies":[{"embeddable":true,"href":"https:\/\/musso.pet\/en\/wp-json\/wp\/v2\/comments?post=2811"}],"wp:featuredmedia":[{"embeddable":true,"href":"https:\/\/musso.pet\/en\/wp-json\/wp\/v2\/media\/2813"}],"wp:attachment":[{"href":"https:\/\/musso.pet\/en\/wp-json\/wp\/v2\/media?parent=2811"}],"wp:term":[{"taxonomy":"product_brand","embeddable":true,"href":"https:\/\/musso.pet\/en\/wp-json\/wp\/v2\/product_brand?post=2811"},{"taxonomy":"product_cat","embeddable":true,"href":"https:\/\/musso.pet\/en\/wp-json\/wp\/v2\/product_cat?post=2811"},{"taxonomy":"product_tag","embeddable":true,"href":"https:\/\/musso.pet\/en\/wp-json\/wp\/v2\/product_tag?post=2811"},{"taxonomy":"brand","embeddable":true,"href":"https:\/\/musso.pet\/en\/wp-json\/wp\/v2\/brand?post=2811"}],"curies":[{"name":"wp","href":"https:\/\/api.w.org\/{rel}","templated":true}]}}