{"id":833,"date":"2023-11-01T20:30:15","date_gmt":"2023-11-01T18:30:15","guid":{"rendered":"https:\/\/musso.pet\/?page_id=833"},"modified":"2026-03-04T14:03:53","modified_gmt":"2026-03-04T11:03:53","slug":"dostawa-i-platnosc","status":"publish","type":"page","link":"https:\/\/musso.pet\/en\/dostawa-i-platnosc\/","title":{"rendered":"Shipping and payment"},"content":{"rendered":"<div data-elementor-type=\"wp-page\" data-elementor-id=\"833\" class=\"elementor elementor-833\" data-elementor-post-type=\"page\">\n\t\t\t\t<div class=\"elementor-element elementor-element-397fb60 e-flex e-con-boxed e-con e-parent\" data-id=\"397fb60\" data-element_type=\"container\">\n\t\t\t\t\t<div class=\"e-con-inner\">\n\t\t\t\t<div class=\"elementor-element elementor-element-ba03d59 elementor-widget elementor-widget-text-editor\" data-id=\"ba03d59\" data-element_type=\"widget\" data-widget_type=\"text-editor.default\">\n\t\t\t\t<div class=\"elementor-widget-container\">\n\t\t\t\t\t\t\t\t\t<div><section><p><strong>Delivery-Poland<\/strong><\/p><p>The moment you place an order we begin to complete it. This stage takes up to 3 working days and ends with the dispatch of the products by InPost to the indicated address or to the Parcel Machine of your choice .\u00a0<\/p><p>Delivery time is approximately 1-2 business days.<\/p><p><u>Delivery cost:<\/u><\/p><p>0 PLN - shipments within Poland for orders exceeding 200 PLN.<br \/>12 PLN ( InPost), 8 PLN (DPD) - shipments for orders of 199 PLN and less with delivery to Parcel Machines.<br \/>PLN 18 (InPost), PLN 10 (DPD) - shipments for orders of PLN 199 and less with delivery to the address you specify.<\/p><p><strong>Delivery-European Union<\/strong><\/p><div class=\"flex flex-col text-sm pb-25\"><article class=\"text-token-text-primary w-full focus:outline-none [--shadow-height:45px] has-data-writing-block:pointer-events-none has-data-writing-block:-mt-(--shadow-height) has-data-writing-block:pt-(--shadow-height) [&amp;:has([data-writing-block])&gt;*]:pointer-events-auto scroll-mt-[calc(var(--header-height)+min(200px,max(70px,20svh)))]\" dir=\"auto\" tabindex=\"-1\" data-turn-id=\"request-WEB:17f83126-3b91-4931-ba4c-5e5508676930-4\" data-testid=\"conversation-turn-10\" data-scroll-anchor=\"true\" data-turn=\"assistant\"><div class=\"text-base my-auto mx-auto pb-10 [--thread-content-margin:--spacing(4)] @w-sm\/main:[--thread-content-margin:--spacing(6)] @w-lg\/main:[--thread-content-margin:--spacing(16)] px-(--thread-content-margin)\"><div class=\"[--thread-content-max-width:40rem] @w-lg\/main:[--thread-content-max-width:48rem] mx-auto max-w-(--thread-content-max-width) flex-1 group\/turn-messages focus-visible:outline-hidden relative flex w-full min-w-0 flex-col agent-turn\" tabindex=\"-1\"><div class=\"flex max-w-full flex-col grow\"><div class=\"min-h-8 text-message relative flex w-full flex-col items-end gap-2 text-start break-words whitespace-normal [.text-message+&amp;]:mt-1\" dir=\"auto\" data-message-author-role=\"assistant\" data-message-id=\"1560f5d0-0644-42b7-92cc-068b21279df2\" data-message-model-slug=\"gpt-5-2\"><div class=\"flex w-full flex-col gap-1 empty:hidden first:pt-[1px]\"><div class=\"markdown prose dark:prose-invert w-full wrap-break-word light markdown-new-styling\"><p data-start=\"0\" data-end=\"168\" data-is-last-node=\"\" data-is-only-node=\"\">Your order will be carefully packed and shipped within 2-7 business days ( depending on the destination country) via DPD courier.  International shipments via DPD are made in accordance with the regulations of the recipient country.<\/p><p><u>Delivery cost:<\/u><\/p><p>0 \u20ac - shipments within the European Union for orders exceeding 200 \u20ac.<br \/>5.92 \u20ac - shipments for orders of 199 \u20ac and less with delivery to your address.<\/p><\/div><\/div><\/div><\/div><\/div><\/div><\/article><\/div><p><strong>Payments<\/strong><\/p><p>We proceed to process your order after you make your payment. Online payments are made through PayU operator, and there are several payment methods to choose from:<\/p><ul><li>Blik\u00a0<\/li><li>Bank transfer<\/li><li>Deferred payments - buy today, pay up to 30 days later (<a href=\"https:\/\/poland.payu.com\/rozwiazania-platnicze\/platnosci-odroczone\/\" target=\"_blank\" rel=\"noopener\">more information<\/a>)<\/li><li>Credit or debit card<\/li><li>Installment purchases<\/li><\/ul><\/section><\/div><div><div>\u00a0<\/div><\/div>\t\t\t\t\t\t\t\t<\/div>\n\t\t\t\t<\/div>\n\t\t\t\t\t<\/div>\n\t\t\t\t<\/div>\n\t\t<div class=\"elementor-element elementor-element-e5ae3a4 e-flex e-con-boxed e-con e-parent\" data-id=\"e5ae3a4\" data-element_type=\"container\">\n\t\t\t\t\t<div class=\"e-con-inner\">\n\t\t\t\t\t<\/div>\n\t\t\t\t<\/div>\n\t\t\t\t<\/div>","protected":false},"excerpt":{"rendered":"<p>Dostawa-Polska W momencie z\u0142o\u017cenia przez Ciebie zam\u00f3wienia zaczynamy je kompletowa\u0107. Ten etap trwa do 3 dni roboczych i ko\u0144czy si\u0119 wysy\u0142k\u0105 produkt\u00f3w przez InPost pod wskazany adres lub do wybranego Paczkomatu .\u00a0 Czas dostawy wynosi ok. 1-2 dni roboczych. Koszt dostawy: 0 z\u0142 &#8211; przesy\u0142ki na terenie Polski dla zam\u00f3wie\u0144 przekraczaj\u0105cych 200 z\u0142.12 z\u0142 ( [&hellip;]<\/p>","protected":false},"author":1,"featured_media":0,"parent":0,"menu_order":0,"comment_status":"closed","ping_status":"closed","template":"","meta":{"footnotes":""},"class_list":["post-833","page","type-page","status-publish","hentry"],"yoast_head":"<!-- This site is optimized with the Yoast SEO plugin v25.6 - https:\/\/yoast.com\/wordpress\/plugins\/seo\/ -->\n<title>Dostawa i p\u0142atno\u015b\u0107 - Musso<\/title>\n<meta name=\"robots\" content=\"index, follow, max-snippet:-1, max-image-preview:large, max-video-preview:-1\" \/>\n<link rel=\"canonical\" href=\"https:\/\/musso.pet\/en\/dostawa-i-platnosc\/\" \/>\n<meta property=\"og:locale\" content=\"en_US\" \/>\n<meta property=\"og:type\" content=\"article\" \/>\n<meta property=\"og:title\" content=\"Dostawa i p\u0142atno\u015b\u0107 - Musso\" \/>\n<meta property=\"og:description\" content=\"Dostawa-Polska W momencie z\u0142o\u017cenia przez Ciebie zam\u00f3wienia zaczynamy je kompletowa\u0107. Ten etap trwa do 3 dni roboczych i ko\u0144czy si\u0119 wysy\u0142k\u0105 produkt\u00f3w przez InPost pod wskazany adres lub do wybranego Paczkomatu .\u00a0 Czas dostawy wynosi ok. 1-2 dni roboczych. Koszt dostawy: 0 z\u0142 &#8211; przesy\u0142ki na terenie Polski dla zam\u00f3wie\u0144 przekraczaj\u0105cych 200 z\u0142.12 z\u0142 ( [&hellip;]\" \/>\n<meta property=\"og:url\" content=\"https:\/\/musso.pet\/en\/dostawa-i-platnosc\/\" \/>\n<meta property=\"og:site_name\" content=\"Musso\" \/>\n<meta property=\"article:modified_time\" content=\"2026-03-04T11:03:53+00:00\" \/>\n<meta name=\"twitter:card\" content=\"summary_large_image\" \/>\n<meta name=\"twitter:label1\" content=\"Est. reading time\" \/>\n\t<meta name=\"twitter:data1\" content=\"1 minute\" \/>\n<script type=\"application\/ld+json\" class=\"yoast-schema-graph\">{\"@context\":\"https:\/\/schema.org\",\"@graph\":[{\"@type\":\"WebPage\",\"@id\":\"https:\/\/musso.pet\/dostawa-i-platnosc\/\",\"url\":\"https:\/\/musso.pet\/dostawa-i-platnosc\/\",\"name\":\"Dostawa i p\u0142atno\u015b\u0107 - Musso\",\"isPartOf\":{\"@id\":\"https:\/\/musso.pet\/#website\"},\"datePublished\":\"2023-11-01T18:30:15+00:00\",\"dateModified\":\"2026-03-04T11:03:53+00:00\",\"breadcrumb\":{\"@id\":\"https:\/\/musso.pet\/dostawa-i-platnosc\/#breadcrumb\"},\"inLanguage\":\"en-US\",\"potentialAction\":[{\"@type\":\"ReadAction\",\"target\":[\"https:\/\/musso.pet\/dostawa-i-platnosc\/\"]}]},{\"@type\":\"BreadcrumbList\",\"@id\":\"https:\/\/musso.pet\/dostawa-i-platnosc\/#breadcrumb\",\"itemListElement\":[{\"@type\":\"ListItem\",\"position\":1,\"name\":\"G\u0142\u00f3wna\",\"item\":\"https:\/\/musso.pet\/\"},{\"@type\":\"ListItem\",\"position\":2,\"name\":\"Dostawa i p\u0142atno\u015b\u0107\"}]},{\"@type\":\"WebSite\",\"@id\":\"https:\/\/musso.pet\/#website\",\"url\":\"https:\/\/musso.pet\/\",\"name\":\"Musso\",\"description\":\"Designerskie akcesoria dla ps\u00f3w\",\"publisher\":{\"@id\":\"https:\/\/musso.pet\/#organization\"},\"potentialAction\":[{\"@type\":\"SearchAction\",\"target\":{\"@type\":\"EntryPoint\",\"urlTemplate\":\"https:\/\/musso.pet\/?s={search_term_string}\"},\"query-input\":{\"@type\":\"PropertyValueSpecification\",\"valueRequired\":true,\"valueName\":\"search_term_string\"}}],\"inLanguage\":\"en-US\"},{\"@type\":\"Organization\",\"@id\":\"https:\/\/musso.pet\/#organization\",\"name\":\"Musso\",\"url\":\"https:\/\/musso.pet\/\",\"logo\":{\"@type\":\"ImageObject\",\"inLanguage\":\"en-US\",\"@id\":\"https:\/\/musso.pet\/#\/schema\/logo\/image\/\",\"url\":\"https:\/\/musso.pet\/wp-content\/uploads\/2023\/04\/musso-logo-v3.svg\",\"contentUrl\":\"https:\/\/musso.pet\/wp-content\/uploads\/2023\/04\/musso-logo-v3.svg\",\"width\":212,\"height\":44,\"caption\":\"Musso\"},\"image\":{\"@id\":\"https:\/\/musso.pet\/#\/schema\/logo\/image\/\"}}]}<\/script>\n<!-- \/ Yoast SEO plugin. -->","yoast_head_json":{"title":"Dostawa i p\u0142atno\u015b\u0107 - Musso","robots":{"index":"index","follow":"follow","max-snippet":"max-snippet:-1","max-image-preview":"max-image-preview:large","max-video-preview":"max-video-preview:-1"},"canonical":"https:\/\/musso.pet\/en\/dostawa-i-platnosc\/","og_locale":"en_US","og_type":"article","og_title":"Dostawa i p\u0142atno\u015b\u0107 - Musso","og_description":"Dostawa-Polska W momencie z\u0142o\u017cenia przez Ciebie zam\u00f3wienia zaczynamy je kompletowa\u0107. Ten etap trwa do 3 dni roboczych i ko\u0144czy si\u0119 wysy\u0142k\u0105 produkt\u00f3w przez InPost pod wskazany adres lub do wybranego Paczkomatu .\u00a0 Czas dostawy wynosi ok. 1-2 dni roboczych. Koszt dostawy: 0 z\u0142 &#8211; przesy\u0142ki na terenie Polski dla zam\u00f3wie\u0144 przekraczaj\u0105cych 200 z\u0142.12 z\u0142 ( [&hellip;]","og_url":"https:\/\/musso.pet\/en\/dostawa-i-platnosc\/","og_site_name":"Musso","article_modified_time":"2026-03-04T11:03:53+00:00","twitter_card":"summary_large_image","twitter_misc":{"Est. reading time":"1 minute"},"schema":{"@context":"https:\/\/schema.org","@graph":[{"@type":"WebPage","@id":"https:\/\/musso.pet\/dostawa-i-platnosc\/","url":"https:\/\/musso.pet\/dostawa-i-platnosc\/","name":"Dostawa i p\u0142atno\u015b\u0107 - Musso","isPartOf":{"@id":"https:\/\/musso.pet\/#website"},"datePublished":"2023-11-01T18:30:15+00:00","dateModified":"2026-03-04T11:03:53+00:00","breadcrumb":{"@id":"https:\/\/musso.pet\/dostawa-i-platnosc\/#breadcrumb"},"inLanguage":"en-US","potentialAction":[{"@type":"ReadAction","target":["https:\/\/musso.pet\/dostawa-i-platnosc\/"]}]},{"@type":"BreadcrumbList","@id":"https:\/\/musso.pet\/dostawa-i-platnosc\/#breadcrumb","itemListElement":[{"@type":"ListItem","position":1,"name":"G\u0142\u00f3wna","item":"https:\/\/musso.pet\/"},{"@type":"ListItem","position":2,"name":"Dostawa i p\u0142atno\u015b\u0107"}]},{"@type":"WebSite","@id":"https:\/\/musso.pet\/#website","url":"https:\/\/musso.pet\/","name":"Musso","description":"Designerskie akcesoria dla ps\u00f3w","publisher":{"@id":"https:\/\/musso.pet\/#organization"},"potentialAction":[{"@type":"SearchAction","target":{"@type":"EntryPoint","urlTemplate":"https:\/\/musso.pet\/?s={search_term_string}"},"query-input":{"@type":"PropertyValueSpecification","valueRequired":true,"valueName":"search_term_string"}}],"inLanguage":"en-US"},{"@type":"Organization","@id":"https:\/\/musso.pet\/#organization","name":"Musso","url":"https:\/\/musso.pet\/","logo":{"@type":"ImageObject","inLanguage":"en-US","@id":"https:\/\/musso.pet\/#\/schema\/logo\/image\/","url":"https:\/\/musso.pet\/wp-content\/uploads\/2023\/04\/musso-logo-v3.svg","contentUrl":"https:\/\/musso.pet\/wp-content\/uploads\/2023\/04\/musso-logo-v3.svg","width":212,"height":44,"caption":"Musso"},"image":{"@id":"https:\/\/musso.pet\/#\/schema\/logo\/image\/"}}]}},"_links":{"self":[{"href":"https:\/\/musso.pet\/en\/wp-json\/wp\/v2\/pages\/833","targetHints":{"allow":["GET"]}}],"collection":[{"href":"https:\/\/musso.pet\/en\/wp-json\/wp\/v2\/pages"}],"about":[{"href":"https:\/\/musso.pet\/en\/wp-json\/wp\/v2\/types\/page"}],"author":[{"embeddable":true,"href":"https:\/\/musso.pet\/en\/wp-json\/wp\/v2\/users\/1"}],"replies":[{"embeddable":true,"href":"https:\/\/musso.pet\/en\/wp-json\/wp\/v2\/comments?post=833"}],"version-history":[{"count":1,"href":"https:\/\/musso.pet\/en\/wp-json\/wp\/v2\/pages\/833\/revisions"}],"predecessor-version":[{"id":5555,"href":"https:\/\/musso.pet\/en\/wp-json\/wp\/v2\/pages\/833\/revisions\/5555"}],"wp:attachment":[{"href":"https:\/\/musso.pet\/en\/wp-json\/wp\/v2\/media?parent=833"}],"curies":[{"name":"wp","href":"https:\/\/api.w.org\/{rel}","templated":true}]}}