{"id":5755,"date":"2026-04-15T20:29:03","date_gmt":"2026-04-15T17:29:03","guid":{"rendered":"https:\/\/musso.pet\/?page_id=5755"},"modified":"2026-04-15T20:41:53","modified_gmt":"2026-04-15T17:41:53","slug":"gdzie-kupic","status":"publish","type":"page","link":"https:\/\/musso.pet\/en\/gdzie-kupic\/","title":{"rendered":"Where to buy"},"content":{"rendered":"<div data-elementor-type=\"wp-page\" data-elementor-id=\"5755\" class=\"elementor elementor-5755\" data-elementor-post-type=\"page\">\n\t\t\t\t<div class=\"elementor-element elementor-element-385c251 e-flex e-con-boxed e-con e-parent\" data-id=\"385c251\" data-element_type=\"container\">\n\t\t\t\t\t<div class=\"e-con-inner\">\n\t\t<div class=\"elementor-element elementor-element-cd2bcf9 e-con-full e-flex e-con e-child\" data-id=\"cd2bcf9\" data-element_type=\"container\">\n\t\t\t\t<div class=\"elementor-element elementor-element-33fb8e4 elementor-invisible elementor-widget elementor-widget-heading\" data-id=\"33fb8e4\" data-element_type=\"widget\" data-settings=\"{&quot;_animation&quot;:&quot;fadeIn&quot;}\" data-widget_type=\"heading.default\">\n\t\t\t\t<div class=\"elementor-widget-container\">\n\t\t\t\t\t<h2 class=\"elementor-heading-title elementor-size-default\">Gdzie nas znale\u017a\u0107 <br>\n<\/h2>\t\t\t\t<\/div>\n\t\t\t\t<\/div>\n\t\t\t\t<div class=\"elementor-element elementor-element-62962c3 elementor-widget__width-initial elementor-invisible elementor-widget elementor-widget-text-editor\" data-id=\"62962c3\" data-element_type=\"widget\" data-settings=\"{&quot;_animation&quot;:&quot;fadeIn&quot;,&quot;_animation_delay&quot;:400}\" data-widget_type=\"text-editor.default\">\n\t\t\t\t<div class=\"elementor-widget-container\">\n\t\t\t\t\t\t\t\t\t<p data-start=\"198\" data-end=\"371\">Nasze produkty dost\u0119pne s\u0105 r\u00f3wnie\u017c offline w concept store EIGHT w Warszawie.<br data-start=\"276\" data-end=\"279\" \/>To miejsce, w kt\u00f3rym mo\u017cesz zobaczy\u0107 kolekcj\u0119 na \u017cywo i lepiej pozna\u0107 materia\u0142y oraz detale.<\/p>\t\t\t\t\t\t\t\t<\/div>\n\t\t\t\t<\/div>\n\t\t\t\t<div class=\"elementor-element elementor-element-962946e elementor-widget__width-initial elementor-invisible elementor-widget elementor-widget-text-editor\" data-id=\"962946e\" data-element_type=\"widget\" data-settings=\"{&quot;_animation&quot;:&quot;fadeIn&quot;,&quot;_animation_delay&quot;:600}\" data-widget_type=\"text-editor.default\">\n\t\t\t\t<div class=\"elementor-widget-container\">\n\t\t\t\t\t\t\t\t\t<p>ul. Szpitalna 8,<\/p><p>00-031 Warszawa<\/p>\t\t\t\t\t\t\t\t<\/div>\n\t\t\t\t<\/div>\n\t\t\t\t<\/div>\n\t\t<div class=\"elementor-element elementor-element-186f1dd e-con-full e-flex e-con e-child\" data-id=\"186f1dd\" data-element_type=\"container\">\n\t\t\t\t<div class=\"elementor-element elementor-element-8ffc6e3 animated-slow elementor-invisible elementor-widget elementor-widget-image\" data-id=\"8ffc6e3\" data-element_type=\"widget\" data-settings=\"{&quot;_animation&quot;:&quot;zoomIn&quot;,&quot;_animation_delay&quot;:400}\" data-widget_type=\"image.default\">\n\t\t\t\t<div class=\"elementor-widget-container\">\n\t\t\t\t\t\t\t\t\t\t\t\t\t\t\t<img fetchpriority=\"high\" decoding=\"async\" width=\"1179\" height=\"1181\" src=\"https:\/\/musso.pet\/wp-content\/uploads\/2026\/04\/photo_2026-04-15_19-30-06.jpg\" class=\"attachment-full size-full wp-image-5757 wvs-archive-product-image\" alt=\"Where to buy\" srcset=\"https:\/\/musso.pet\/wp-content\/uploads\/2026\/04\/photo_2026-04-15_19-30-06.jpg 1179w, https:\/\/musso.pet\/wp-content\/uploads\/2026\/04\/photo_2026-04-15_19-30-06-300x301.jpg 300w, https:\/\/musso.pet\/wp-content\/uploads\/2026\/04\/photo_2026-04-15_19-30-06-1022x1024.jpg 1022w, https:\/\/musso.pet\/wp-content\/uploads\/2026\/04\/photo_2026-04-15_19-30-06-150x150.jpg 150w, https:\/\/musso.pet\/wp-content\/uploads\/2026\/04\/photo_2026-04-15_19-30-06-768x769.jpg 768w, https:\/\/musso.pet\/wp-content\/uploads\/2026\/04\/photo_2026-04-15_19-30-06-12x12.jpg 12w, https:\/\/musso.pet\/wp-content\/uploads\/2026\/04\/photo_2026-04-15_19-30-06-600x601.jpg 600w, https:\/\/musso.pet\/wp-content\/uploads\/2026\/04\/photo_2026-04-15_19-30-06-100x100.jpg 100w, https:\/\/musso.pet\/wp-content\/uploads\/2026\/04\/photo_2026-04-15_19-30-06-50x50.jpg 50w\" sizes=\"(max-width: 1179px) 100vw, 1179px\" title=\"Where to buy\" \/>\t\t\t\t\t\t\t\t\t\t\t\t\t\t\t<\/div>\n\t\t\t\t<\/div>\n\t\t\t\t<\/div>\n\t\t\t\t\t<\/div>\n\t\t\t\t<\/div>\n\t\t\t\t<\/div>","protected":false},"excerpt":{"rendered":"<p>Gdzie nas znale\u017a\u0107 Nasze produkty dost\u0119pne s\u0105 r\u00f3wnie\u017c offline w concept store EIGHT w Warszawie.To miejsce, w kt\u00f3rym mo\u017cesz zobaczy\u0107 kolekcj\u0119 na \u017cywo i lepiej pozna\u0107 materia\u0142y oraz detale. ul. Szpitalna 8, 00-031 Warszawa<\/p>","protected":false},"author":5,"featured_media":0,"parent":0,"menu_order":0,"comment_status":"closed","ping_status":"closed","template":"","meta":{"footnotes":""},"class_list":["post-5755","page","type-page","status-publish","hentry"],"yoast_head":"<!-- This site is optimized with the Yoast SEO plugin v25.6 - https:\/\/yoast.com\/wordpress\/plugins\/seo\/ -->\n<title>Gdzie kupi\u0107 - Musso<\/title>\n<meta name=\"robots\" content=\"index, follow, max-snippet:-1, max-image-preview:large, max-video-preview:-1\" \/>\n<link rel=\"canonical\" href=\"https:\/\/musso.pet\/en\/gdzie-kupic\/\" \/>\n<meta property=\"og:locale\" content=\"en_US\" \/>\n<meta property=\"og:type\" content=\"article\" \/>\n<meta property=\"og:title\" content=\"Gdzie kupi\u0107 - Musso\" \/>\n<meta property=\"og:description\" content=\"Gdzie nas znale\u017a\u0107 Nasze produkty dost\u0119pne s\u0105 r\u00f3wnie\u017c offline w concept store EIGHT w Warszawie.To miejsce, w kt\u00f3rym mo\u017cesz zobaczy\u0107 kolekcj\u0119 na \u017cywo i lepiej pozna\u0107 materia\u0142y oraz detale. ul. Szpitalna 8, 00-031 Warszawa\" \/>\n<meta property=\"og:url\" content=\"https:\/\/musso.pet\/en\/gdzie-kupic\/\" \/>\n<meta property=\"og:site_name\" content=\"Musso\" \/>\n<meta property=\"article:modified_time\" content=\"2026-04-15T17:41:53+00:00\" \/>\n<meta property=\"og:image\" content=\"https:\/\/musso.pet\/wp-content\/uploads\/2026\/04\/photo_2026-04-15_19-30-06.jpg\" \/>\n<meta name=\"twitter:card\" content=\"summary_large_image\" \/>\n<script type=\"application\/ld+json\" class=\"yoast-schema-graph\">{\"@context\":\"https:\/\/schema.org\",\"@graph\":[{\"@type\":\"WebPage\",\"@id\":\"https:\/\/musso.pet\/gdzie-kupic\/\",\"url\":\"https:\/\/musso.pet\/gdzie-kupic\/\",\"name\":\"Gdzie kupi\u0107 - Musso\",\"isPartOf\":{\"@id\":\"https:\/\/musso.pet\/#website\"},\"primaryImageOfPage\":{\"@id\":\"https:\/\/musso.pet\/gdzie-kupic\/#primaryimage\"},\"image\":{\"@id\":\"https:\/\/musso.pet\/gdzie-kupic\/#primaryimage\"},\"thumbnailUrl\":\"https:\/\/musso.pet\/wp-content\/uploads\/2026\/04\/photo_2026-04-15_19-30-06.jpg\",\"datePublished\":\"2026-04-15T17:29:03+00:00\",\"dateModified\":\"2026-04-15T17:41:53+00:00\",\"breadcrumb\":{\"@id\":\"https:\/\/musso.pet\/gdzie-kupic\/#breadcrumb\"},\"inLanguage\":\"en-US\",\"potentialAction\":[{\"@type\":\"ReadAction\",\"target\":[\"https:\/\/musso.pet\/gdzie-kupic\/\"]}]},{\"@type\":\"ImageObject\",\"inLanguage\":\"en-US\",\"@id\":\"https:\/\/musso.pet\/gdzie-kupic\/#primaryimage\",\"url\":\"https:\/\/musso.pet\/wp-content\/uploads\/2026\/04\/photo_2026-04-15_19-30-06.jpg\",\"contentUrl\":\"https:\/\/musso.pet\/wp-content\/uploads\/2026\/04\/photo_2026-04-15_19-30-06.jpg\"},{\"@type\":\"BreadcrumbList\",\"@id\":\"https:\/\/musso.pet\/gdzie-kupic\/#breadcrumb\",\"itemListElement\":[{\"@type\":\"ListItem\",\"position\":1,\"name\":\"G\u0142\u00f3wna\",\"item\":\"https:\/\/musso.pet\/\"},{\"@type\":\"ListItem\",\"position\":2,\"name\":\"Gdzie kupi\u0107\"}]},{\"@type\":\"WebSite\",\"@id\":\"https:\/\/musso.pet\/#website\",\"url\":\"https:\/\/musso.pet\/\",\"name\":\"Musso\",\"description\":\"Designerskie akcesoria dla ps\u00f3w\",\"publisher\":{\"@id\":\"https:\/\/musso.pet\/#organization\"},\"potentialAction\":[{\"@type\":\"SearchAction\",\"target\":{\"@type\":\"EntryPoint\",\"urlTemplate\":\"https:\/\/musso.pet\/?s={search_term_string}\"},\"query-input\":{\"@type\":\"PropertyValueSpecification\",\"valueRequired\":true,\"valueName\":\"search_term_string\"}}],\"inLanguage\":\"en-US\"},{\"@type\":\"Organization\",\"@id\":\"https:\/\/musso.pet\/#organization\",\"name\":\"Musso\",\"url\":\"https:\/\/musso.pet\/\",\"logo\":{\"@type\":\"ImageObject\",\"inLanguage\":\"en-US\",\"@id\":\"https:\/\/musso.pet\/#\/schema\/logo\/image\/\",\"url\":\"https:\/\/musso.pet\/wp-content\/uploads\/2023\/04\/musso-logo-v3.svg\",\"contentUrl\":\"https:\/\/musso.pet\/wp-content\/uploads\/2023\/04\/musso-logo-v3.svg\",\"width\":212,\"height\":44,\"caption\":\"Musso\"},\"image\":{\"@id\":\"https:\/\/musso.pet\/#\/schema\/logo\/image\/\"}}]}<\/script>\n<!-- \/ Yoast SEO plugin. -->","yoast_head_json":{"title":"Gdzie kupi\u0107 - Musso","robots":{"index":"index","follow":"follow","max-snippet":"max-snippet:-1","max-image-preview":"max-image-preview:large","max-video-preview":"max-video-preview:-1"},"canonical":"https:\/\/musso.pet\/en\/gdzie-kupic\/","og_locale":"en_US","og_type":"article","og_title":"Gdzie kupi\u0107 - Musso","og_description":"Gdzie nas znale\u017a\u0107 Nasze produkty dost\u0119pne s\u0105 r\u00f3wnie\u017c offline w concept store EIGHT w Warszawie.To miejsce, w kt\u00f3rym mo\u017cesz zobaczy\u0107 kolekcj\u0119 na \u017cywo i lepiej pozna\u0107 materia\u0142y oraz detale. ul. Szpitalna 8, 00-031 Warszawa","og_url":"https:\/\/musso.pet\/en\/gdzie-kupic\/","og_site_name":"Musso","article_modified_time":"2026-04-15T17:41:53+00:00","og_image":[{"url":"https:\/\/musso.pet\/wp-content\/uploads\/2026\/04\/photo_2026-04-15_19-30-06.jpg","type":"","width":"","height":""}],"twitter_card":"summary_large_image","schema":{"@context":"https:\/\/schema.org","@graph":[{"@type":"WebPage","@id":"https:\/\/musso.pet\/gdzie-kupic\/","url":"https:\/\/musso.pet\/gdzie-kupic\/","name":"Gdzie kupi\u0107 - Musso","isPartOf":{"@id":"https:\/\/musso.pet\/#website"},"primaryImageOfPage":{"@id":"https:\/\/musso.pet\/gdzie-kupic\/#primaryimage"},"image":{"@id":"https:\/\/musso.pet\/gdzie-kupic\/#primaryimage"},"thumbnailUrl":"https:\/\/musso.pet\/wp-content\/uploads\/2026\/04\/photo_2026-04-15_19-30-06.jpg","datePublished":"2026-04-15T17:29:03+00:00","dateModified":"2026-04-15T17:41:53+00:00","breadcrumb":{"@id":"https:\/\/musso.pet\/gdzie-kupic\/#breadcrumb"},"inLanguage":"en-US","potentialAction":[{"@type":"ReadAction","target":["https:\/\/musso.pet\/gdzie-kupic\/"]}]},{"@type":"ImageObject","inLanguage":"en-US","@id":"https:\/\/musso.pet\/gdzie-kupic\/#primaryimage","url":"https:\/\/musso.pet\/wp-content\/uploads\/2026\/04\/photo_2026-04-15_19-30-06.jpg","contentUrl":"https:\/\/musso.pet\/wp-content\/uploads\/2026\/04\/photo_2026-04-15_19-30-06.jpg"},{"@type":"BreadcrumbList","@id":"https:\/\/musso.pet\/gdzie-kupic\/#breadcrumb","itemListElement":[{"@type":"ListItem","position":1,"name":"G\u0142\u00f3wna","item":"https:\/\/musso.pet\/"},{"@type":"ListItem","position":2,"name":"Gdzie kupi\u0107"}]},{"@type":"WebSite","@id":"https:\/\/musso.pet\/#website","url":"https:\/\/musso.pet\/","name":"Musso","description":"Designerskie akcesoria dla ps\u00f3w","publisher":{"@id":"https:\/\/musso.pet\/#organization"},"potentialAction":[{"@type":"SearchAction","target":{"@type":"EntryPoint","urlTemplate":"https:\/\/musso.pet\/?s={search_term_string}"},"query-input":{"@type":"PropertyValueSpecification","valueRequired":true,"valueName":"search_term_string"}}],"inLanguage":"en-US"},{"@type":"Organization","@id":"https:\/\/musso.pet\/#organization","name":"Musso","url":"https:\/\/musso.pet\/","logo":{"@type":"ImageObject","inLanguage":"en-US","@id":"https:\/\/musso.pet\/#\/schema\/logo\/image\/","url":"https:\/\/musso.pet\/wp-content\/uploads\/2023\/04\/musso-logo-v3.svg","contentUrl":"https:\/\/musso.pet\/wp-content\/uploads\/2023\/04\/musso-logo-v3.svg","width":212,"height":44,"caption":"Musso"},"image":{"@id":"https:\/\/musso.pet\/#\/schema\/logo\/image\/"}}]}},"_links":{"self":[{"href":"https:\/\/musso.pet\/en\/wp-json\/wp\/v2\/pages\/5755","targetHints":{"allow":["GET"]}}],"collection":[{"href":"https:\/\/musso.pet\/en\/wp-json\/wp\/v2\/pages"}],"about":[{"href":"https:\/\/musso.pet\/en\/wp-json\/wp\/v2\/types\/page"}],"author":[{"embeddable":true,"href":"https:\/\/musso.pet\/en\/wp-json\/wp\/v2\/users\/5"}],"replies":[{"embeddable":true,"href":"https:\/\/musso.pet\/en\/wp-json\/wp\/v2\/comments?post=5755"}],"version-history":[{"count":1,"href":"https:\/\/musso.pet\/en\/wp-json\/wp\/v2\/pages\/5755\/revisions"}],"predecessor-version":[{"id":5767,"href":"https:\/\/musso.pet\/en\/wp-json\/wp\/v2\/pages\/5755\/revisions\/5767"}],"wp:attachment":[{"href":"https:\/\/musso.pet\/en\/wp-json\/wp\/v2\/media?parent=5755"}],"curies":[{"name":"wp","href":"https:\/\/api.w.org\/{rel}","templated":true}]}}