{"id":561,"date":"2023-10-30T18:54:11","date_gmt":"2023-10-30T16:54:11","guid":{"rendered":"https:\/\/musso.pet\/?page_id=561"},"modified":"2026-03-26T17:44:17","modified_gmt":"2026-03-26T14:44:17","slug":"wspolpraca-wholesale","status":"publish","type":"page","link":"https:\/\/musso.pet\/en\/wspolpraca-wholesale\/","title":{"rendered":"Cooperation \/ Wholesale"},"content":{"rendered":"<p data-section-id=\"1fkm8rp\" data-start=\"322\" data-end=\"343\"><span role=\"text\">For partners<\/span><\/p>\n<p data-start=\"373\" data-end=\"458\">If you are interested in working with MUSSO, please  contact us:<br data-start=\"435\" data-end=\"438\" \/>\ud83d\udce9 info<a class=\"decorated-link cursor-pointer\" rel=\"noopener\" data-start=\"441\" data-end=\"456\">@musso.pet<\/a><\/p>\n<p data-start=\"373\" data-end=\"458\">We believe in the beauty of daily rituals and aesthetics that connect humans and dogs.<br data-start=\"820\" data-end=\"823\" \/>We collaborate with partners who share our values of design, quality and thoughtful care.<\/p>","protected":false},"excerpt":{"rendered":"<p>For partners If you are interested in working with MUSSO, please email us:\ud83d\udce9 info@musso.pet We believe in the beauty of daily rituals and aesthetics that connect humans and dogs.We are happy to work with partners who feel the same way.<\/p>","protected":false},"author":1,"featured_media":0,"parent":0,"menu_order":0,"comment_status":"closed","ping_status":"closed","template":"","meta":{"footnotes":""},"class_list":["post-561","page","type-page","status-publish","hentry"],"yoast_head":"<!-- This site is optimized with the Yoast SEO plugin v25.6 - https:\/\/yoast.com\/wordpress\/plugins\/seo\/ -->\n<title>Wsp\u00f3\u0142praca \/ Wholesale - Musso<\/title>\n<meta name=\"robots\" content=\"index, follow, max-snippet:-1, max-image-preview:large, max-video-preview:-1\" \/>\n<link rel=\"canonical\" href=\"https:\/\/musso.pet\/en\/wspolpraca-wholesale\/\" \/>\n<meta property=\"og:locale\" content=\"en_US\" \/>\n<meta property=\"og:type\" content=\"article\" \/>\n<meta property=\"og:title\" content=\"Wsp\u00f3\u0142praca \/ Wholesale - Musso\" \/>\n<meta property=\"og:description\" content=\"Dla partner\u00f3w Je\u015bli jeste\u015b zainteresowany wsp\u00f3\u0142prac\u0105 z MUSSO, napisz do nas:\ud83d\udce9 info@musso.pet Wierzymy w pi\u0119kno codziennych rytua\u0142\u00f3w i estetyk\u0119, kt\u00f3ra \u0142\u0105czy cz\u0142owieka i psa.Ch\u0119tnie wsp\u00f3\u0142pracujemy z partnerami, kt\u00f3rzy czuj\u0105 to podobnie.\" \/>\n<meta property=\"og:url\" content=\"https:\/\/musso.pet\/en\/wspolpraca-wholesale\/\" \/>\n<meta property=\"og:site_name\" content=\"Musso\" \/>\n<meta property=\"article:modified_time\" content=\"2026-03-26T14:44:17+00:00\" \/>\n<meta name=\"twitter:card\" content=\"summary_large_image\" \/>\n<script type=\"application\/ld+json\" class=\"yoast-schema-graph\">{\"@context\":\"https:\/\/schema.org\",\"@graph\":[{\"@type\":\"WebPage\",\"@id\":\"https:\/\/musso.pet\/wspolpraca-wholesale\/\",\"url\":\"https:\/\/musso.pet\/wspolpraca-wholesale\/\",\"name\":\"Wsp\u00f3\u0142praca \/ Wholesale - Musso\",\"isPartOf\":{\"@id\":\"https:\/\/musso.pet\/#website\"},\"datePublished\":\"2023-10-30T16:54:11+00:00\",\"dateModified\":\"2026-03-26T14:44:17+00:00\",\"breadcrumb\":{\"@id\":\"https:\/\/musso.pet\/wspolpraca-wholesale\/#breadcrumb\"},\"inLanguage\":\"en-US\",\"potentialAction\":[{\"@type\":\"ReadAction\",\"target\":[\"https:\/\/musso.pet\/wspolpraca-wholesale\/\"]}]},{\"@type\":\"BreadcrumbList\",\"@id\":\"https:\/\/musso.pet\/wspolpraca-wholesale\/#breadcrumb\",\"itemListElement\":[{\"@type\":\"ListItem\",\"position\":1,\"name\":\"G\u0142\u00f3wna\",\"item\":\"https:\/\/musso.pet\/\"},{\"@type\":\"ListItem\",\"position\":2,\"name\":\"Wsp\u00f3\u0142praca \/ Wholesale\"}]},{\"@type\":\"WebSite\",\"@id\":\"https:\/\/musso.pet\/#website\",\"url\":\"https:\/\/musso.pet\/\",\"name\":\"Musso\",\"description\":\"Designerskie akcesoria dla ps\u00f3w\",\"publisher\":{\"@id\":\"https:\/\/musso.pet\/#organization\"},\"potentialAction\":[{\"@type\":\"SearchAction\",\"target\":{\"@type\":\"EntryPoint\",\"urlTemplate\":\"https:\/\/musso.pet\/?s={search_term_string}\"},\"query-input\":{\"@type\":\"PropertyValueSpecification\",\"valueRequired\":true,\"valueName\":\"search_term_string\"}}],\"inLanguage\":\"en-US\"},{\"@type\":\"Organization\",\"@id\":\"https:\/\/musso.pet\/#organization\",\"name\":\"Musso\",\"url\":\"https:\/\/musso.pet\/\",\"logo\":{\"@type\":\"ImageObject\",\"inLanguage\":\"en-US\",\"@id\":\"https:\/\/musso.pet\/#\/schema\/logo\/image\/\",\"url\":\"https:\/\/musso.pet\/wp-content\/uploads\/2023\/04\/musso-logo-v3.svg\",\"contentUrl\":\"https:\/\/musso.pet\/wp-content\/uploads\/2023\/04\/musso-logo-v3.svg\",\"width\":212,\"height\":44,\"caption\":\"Musso\"},\"image\":{\"@id\":\"https:\/\/musso.pet\/#\/schema\/logo\/image\/\"}}]}<\/script>\n<!-- \/ Yoast SEO plugin. -->","yoast_head_json":{"title":"Wsp\u00f3\u0142praca \/ Wholesale - Musso","robots":{"index":"index","follow":"follow","max-snippet":"max-snippet:-1","max-image-preview":"max-image-preview:large","max-video-preview":"max-video-preview:-1"},"canonical":"https:\/\/musso.pet\/en\/wspolpraca-wholesale\/","og_locale":"en_US","og_type":"article","og_title":"Wsp\u00f3\u0142praca \/ Wholesale - Musso","og_description":"Dla partner\u00f3w Je\u015bli jeste\u015b zainteresowany wsp\u00f3\u0142prac\u0105 z MUSSO, napisz do nas:\ud83d\udce9 info@musso.pet Wierzymy w pi\u0119kno codziennych rytua\u0142\u00f3w i estetyk\u0119, kt\u00f3ra \u0142\u0105czy cz\u0142owieka i psa.Ch\u0119tnie wsp\u00f3\u0142pracujemy z partnerami, kt\u00f3rzy czuj\u0105 to podobnie.","og_url":"https:\/\/musso.pet\/en\/wspolpraca-wholesale\/","og_site_name":"Musso","article_modified_time":"2026-03-26T14:44:17+00:00","twitter_card":"summary_large_image","schema":{"@context":"https:\/\/schema.org","@graph":[{"@type":"WebPage","@id":"https:\/\/musso.pet\/wspolpraca-wholesale\/","url":"https:\/\/musso.pet\/wspolpraca-wholesale\/","name":"Wsp\u00f3\u0142praca \/ Wholesale - Musso","isPartOf":{"@id":"https:\/\/musso.pet\/#website"},"datePublished":"2023-10-30T16:54:11+00:00","dateModified":"2026-03-26T14:44:17+00:00","breadcrumb":{"@id":"https:\/\/musso.pet\/wspolpraca-wholesale\/#breadcrumb"},"inLanguage":"en-US","potentialAction":[{"@type":"ReadAction","target":["https:\/\/musso.pet\/wspolpraca-wholesale\/"]}]},{"@type":"BreadcrumbList","@id":"https:\/\/musso.pet\/wspolpraca-wholesale\/#breadcrumb","itemListElement":[{"@type":"ListItem","position":1,"name":"G\u0142\u00f3wna","item":"https:\/\/musso.pet\/"},{"@type":"ListItem","position":2,"name":"Wsp\u00f3\u0142praca \/ Wholesale"}]},{"@type":"WebSite","@id":"https:\/\/musso.pet\/#website","url":"https:\/\/musso.pet\/","name":"Musso","description":"Designerskie akcesoria dla ps\u00f3w","publisher":{"@id":"https:\/\/musso.pet\/#organization"},"potentialAction":[{"@type":"SearchAction","target":{"@type":"EntryPoint","urlTemplate":"https:\/\/musso.pet\/?s={search_term_string}"},"query-input":{"@type":"PropertyValueSpecification","valueRequired":true,"valueName":"search_term_string"}}],"inLanguage":"en-US"},{"@type":"Organization","@id":"https:\/\/musso.pet\/#organization","name":"Musso","url":"https:\/\/musso.pet\/","logo":{"@type":"ImageObject","inLanguage":"en-US","@id":"https:\/\/musso.pet\/#\/schema\/logo\/image\/","url":"https:\/\/musso.pet\/wp-content\/uploads\/2023\/04\/musso-logo-v3.svg","contentUrl":"https:\/\/musso.pet\/wp-content\/uploads\/2023\/04\/musso-logo-v3.svg","width":212,"height":44,"caption":"Musso"},"image":{"@id":"https:\/\/musso.pet\/#\/schema\/logo\/image\/"}}]}},"_links":{"self":[{"href":"https:\/\/musso.pet\/en\/wp-json\/wp\/v2\/pages\/561","targetHints":{"allow":["GET"]}}],"collection":[{"href":"https:\/\/musso.pet\/en\/wp-json\/wp\/v2\/pages"}],"about":[{"href":"https:\/\/musso.pet\/en\/wp-json\/wp\/v2\/types\/page"}],"author":[{"embeddable":true,"href":"https:\/\/musso.pet\/en\/wp-json\/wp\/v2\/users\/1"}],"replies":[{"embeddable":true,"href":"https:\/\/musso.pet\/en\/wp-json\/wp\/v2\/comments?post=561"}],"version-history":[{"count":2,"href":"https:\/\/musso.pet\/en\/wp-json\/wp\/v2\/pages\/561\/revisions"}],"predecessor-version":[{"id":5619,"href":"https:\/\/musso.pet\/en\/wp-json\/wp\/v2\/pages\/561\/revisions\/5619"}],"wp:attachment":[{"href":"https:\/\/musso.pet\/en\/wp-json\/wp\/v2\/media?parent=561"}],"curies":[{"name":"wp","href":"https:\/\/api.w.org\/{rel}","templated":true}]}}