{"id":2215,"date":"2024-10-30T21:20:12","date_gmt":"2024-10-30T19:20:12","guid":{"rendered":"https:\/\/musso.pet\/?page_id=2215"},"modified":"2026-02-18T18:41:12","modified_gmt":"2026-02-18T15:41:12","slug":"reklamacje-i-zwroty","status":"publish","type":"page","link":"https:\/\/musso.pet\/en\/reklamacje-i-zwroty\/","title":{"rendered":"Complaints and returns"},"content":{"rendered":"<div class=\"relative mb-sm\">\n<section class=\"section-type-a mb-md container m-auto\">\n<div class=\"section-type-a-tiles-wrapper grid gap-sm content-placement-bottom-right grid-col-1 grid-col-1-mobile container m-auto\">\n<div class=\"tile-t fs-xsm grid-item\">\n<p><strong>Returns<\/strong><\/p>\n<p>You can return the products you bought from our online store within 30 calendar days from the date of receipt of the shipment. Attach the completed statement of withdrawal to the shipment and send it to:<\/p>\n<p>MUSSO Ltd.<br \/>\nDanusi street 33c, loc. 2<br \/>\n03-259, Warsaw<\/p>\n<p>The returned product must be unused and sent back in its original condition, including the decorative box in which it was delivered to the customer.<\/p>\n<p>We will refund you after verifying that the product has arrived in full value and using the payment method you used when placing your order.<\/p>\n<p><strong data-start=\"850\" data-end=\"859\">Note<\/strong>: Returns do not apply to products mechanically damaged by the dog (e.g. bite, tear). More information below.<\/p>\n<p><a href=\"https:\/\/musso.pet\/wp-content\/uploads\/2025\/08\/odstapienie-od-umowy-sprzedazy-musso.pdf\">Download the returns form (PL)<\/a><\/p>\n<p><a href=\"https:\/\/musso.pet\/wp-content\/uploads\/2026\/02\/return-form-en.pdf\">Download returns form (ENG)<\/a><\/p>\n<p>&nbsp;<\/p>\n<p><strong>Exchanges<\/strong><\/p>\n<\/div>\n<\/div>\n<\/section>\n<\/div>\n<p>It is not possible to exchange products directly.<br \/>\nIn the MUSSO store, the exchange involves returning the selected product and placing a separate order.<\/p>\n<div class=\"relative mb-sm\">\n<section class=\"section-type-a mb-md container m-auto\">\n<div class=\"section-type-a-tiles-wrapper grid gap-sm content-placement-bottom-right grid-col-1 grid-col-1-mobile container m-auto\">\n<div class=\"tile-t fs-xsm grid-item\">\n<p>&nbsp;<\/p>\n<p><strong>Complaints<\/strong><\/p>\n<p>We make sure that our products are of the highest quality. However, if the goods you bought revealed a defect you can always file a complaint.<\/p>\n<p>Send a complaint report with photos of defects to e-mail:\u00a0<a href=\"mailto:e-lamania@lamania.eu\" target=\"_blank\" rel=\"noopener noreferrer nofollow\">info@musso.pet<\/a>. We will order a courier to pick up the defective product, attach a legibly completed complaint form to the shipment. Return the claimed product in its original packaging, i.e. the decorative box in which it was delivered.<\/p>\n<p><a href=\"https:\/\/musso.pet\/wp-content\/uploads\/2025\/08\/musso_druk.reklamacyjny.pdf\">Download the claim form (PL)<\/a><br \/>\n<a href=\"https:\/\/musso.pet\/wp-content\/uploads\/2026\/02\/musso_claim_form.pdf\">Download the claim form (ENG)<\/a><\/p>\n<p>&nbsp;<\/p>\n<p data-start=\"1537\" data-end=\"1578\"><strong data-start=\"1541\" data-end=\"1578\">Damage caused by a dog<\/strong><\/p>\n<p data-start=\"1580\" data-end=\"1827\">Sometimes a dog will bite through or damage a harness, leash or collar - especially in the case of puppies or dogs left unattended. Such damage can involve both leather and metal components.<\/p>\n<p data-start=\"1829\" data-end=\"1931\">Such damage is not considered a product defect and is not subject to complaint or return.<\/p>\n<p data-start=\"1933\" data-end=\"2205\">We recommend that you do not leave your dog with accessories unsupervised, especially during the period of intense chewing (until about 6-7 months of age), as well as in stressful situations. It is also a good idea to provide your dog with suitable chews or toys to distract him from the accessories.<\/p>\n<\/div>\n<\/div>\n<\/section>\n<\/div>\n<div class=\"newsletter-container flex flex-column jc-ct ai-ct ph-xsm pv-nm\">\n<div class=\"flex flex-column newsletter-content\"><\/div>\n<\/div>","protected":false},"excerpt":{"rendered":"<p>Zwroty Produkty, kt\u00f3re kupi\u0142a\u015b w naszym w sklepie internetowym, mo\u017cesz zwr\u00f3ci\u0107 w ci\u0105gu 30 dni kalendarzowych od dnia odebrania przesy\u0142ki. Do przesy\u0142ki do\u0142\u0105cz wype\u0142nione o\u015bwiadczenie odst\u0105pienia od umowy i wy\u015blij je na adres: MUSSO sp. z o.o. ul. Danusi 33c, lokal 2 03-259, Warszawa Zwracany produkt musi by\u0107 nieu\u017cywany i odes\u0142any w oryginalnym stanie, wraz [&hellip;]<\/p>","protected":false},"author":1,"featured_media":0,"parent":0,"menu_order":0,"comment_status":"closed","ping_status":"closed","template":"","meta":{"footnotes":""},"class_list":["post-2215","page","type-page","status-publish","hentry"],"yoast_head":"<!-- This site is optimized with the Yoast SEO plugin v25.6 - https:\/\/yoast.com\/wordpress\/plugins\/seo\/ -->\n<title>Reklamacje i zwroty - Musso<\/title>\n<meta name=\"robots\" content=\"index, follow, max-snippet:-1, max-image-preview:large, max-video-preview:-1\" \/>\n<link rel=\"canonical\" href=\"https:\/\/musso.pet\/en\/reklamacje-i-zwroty\/\" \/>\n<meta property=\"og:locale\" content=\"en_US\" \/>\n<meta property=\"og:type\" content=\"article\" \/>\n<meta property=\"og:title\" content=\"Reklamacje i zwroty - Musso\" \/>\n<meta property=\"og:description\" content=\"Zwroty Produkty, kt\u00f3re kupi\u0142a\u015b w naszym w sklepie internetowym, mo\u017cesz zwr\u00f3ci\u0107 w ci\u0105gu 30 dni kalendarzowych od dnia odebrania przesy\u0142ki. Do przesy\u0142ki do\u0142\u0105cz wype\u0142nione o\u015bwiadczenie odst\u0105pienia od umowy i wy\u015blij je na adres: MUSSO sp. z o.o. ul. Danusi 33c, lokal 2 03-259, Warszawa Zwracany produkt musi by\u0107 nieu\u017cywany i odes\u0142any w oryginalnym stanie, wraz [&hellip;]\" \/>\n<meta property=\"og:url\" content=\"https:\/\/musso.pet\/en\/reklamacje-i-zwroty\/\" \/>\n<meta property=\"og:site_name\" content=\"Musso\" \/>\n<meta property=\"article:modified_time\" content=\"2026-02-18T15:41:12+00:00\" \/>\n<meta name=\"twitter:card\" content=\"summary_large_image\" \/>\n<meta name=\"twitter:label1\" content=\"Est. reading time\" \/>\n\t<meta name=\"twitter:data1\" content=\"2 minutes\" \/>\n<script type=\"application\/ld+json\" class=\"yoast-schema-graph\">{\"@context\":\"https:\/\/schema.org\",\"@graph\":[{\"@type\":\"WebPage\",\"@id\":\"https:\/\/musso.pet\/reklamacje-i-zwroty\/\",\"url\":\"https:\/\/musso.pet\/reklamacje-i-zwroty\/\",\"name\":\"Reklamacje i zwroty - Musso\",\"isPartOf\":{\"@id\":\"https:\/\/musso.pet\/#website\"},\"datePublished\":\"2024-10-30T19:20:12+00:00\",\"dateModified\":\"2026-02-18T15:41:12+00:00\",\"breadcrumb\":{\"@id\":\"https:\/\/musso.pet\/reklamacje-i-zwroty\/#breadcrumb\"},\"inLanguage\":\"en-US\",\"potentialAction\":[{\"@type\":\"ReadAction\",\"target\":[\"https:\/\/musso.pet\/reklamacje-i-zwroty\/\"]}]},{\"@type\":\"BreadcrumbList\",\"@id\":\"https:\/\/musso.pet\/reklamacje-i-zwroty\/#breadcrumb\",\"itemListElement\":[{\"@type\":\"ListItem\",\"position\":1,\"name\":\"G\u0142\u00f3wna\",\"item\":\"https:\/\/musso.pet\/\"},{\"@type\":\"ListItem\",\"position\":2,\"name\":\"Reklamacje i zwroty\"}]},{\"@type\":\"WebSite\",\"@id\":\"https:\/\/musso.pet\/#website\",\"url\":\"https:\/\/musso.pet\/\",\"name\":\"Musso\",\"description\":\"Designerskie akcesoria dla ps\u00f3w\",\"publisher\":{\"@id\":\"https:\/\/musso.pet\/#organization\"},\"potentialAction\":[{\"@type\":\"SearchAction\",\"target\":{\"@type\":\"EntryPoint\",\"urlTemplate\":\"https:\/\/musso.pet\/?s={search_term_string}\"},\"query-input\":{\"@type\":\"PropertyValueSpecification\",\"valueRequired\":true,\"valueName\":\"search_term_string\"}}],\"inLanguage\":\"en-US\"},{\"@type\":\"Organization\",\"@id\":\"https:\/\/musso.pet\/#organization\",\"name\":\"Musso\",\"url\":\"https:\/\/musso.pet\/\",\"logo\":{\"@type\":\"ImageObject\",\"inLanguage\":\"en-US\",\"@id\":\"https:\/\/musso.pet\/#\/schema\/logo\/image\/\",\"url\":\"https:\/\/musso.pet\/wp-content\/uploads\/2023\/04\/musso-logo-v3.svg\",\"contentUrl\":\"https:\/\/musso.pet\/wp-content\/uploads\/2023\/04\/musso-logo-v3.svg\",\"width\":212,\"height\":44,\"caption\":\"Musso\"},\"image\":{\"@id\":\"https:\/\/musso.pet\/#\/schema\/logo\/image\/\"}}]}<\/script>\n<!-- \/ Yoast SEO plugin. -->","yoast_head_json":{"title":"Reklamacje i zwroty - Musso","robots":{"index":"index","follow":"follow","max-snippet":"max-snippet:-1","max-image-preview":"max-image-preview:large","max-video-preview":"max-video-preview:-1"},"canonical":"https:\/\/musso.pet\/en\/reklamacje-i-zwroty\/","og_locale":"en_US","og_type":"article","og_title":"Reklamacje i zwroty - Musso","og_description":"Zwroty Produkty, kt\u00f3re kupi\u0142a\u015b w naszym w sklepie internetowym, mo\u017cesz zwr\u00f3ci\u0107 w ci\u0105gu 30 dni kalendarzowych od dnia odebrania przesy\u0142ki. Do przesy\u0142ki do\u0142\u0105cz wype\u0142nione o\u015bwiadczenie odst\u0105pienia od umowy i wy\u015blij je na adres: MUSSO sp. z o.o. ul. Danusi 33c, lokal 2 03-259, Warszawa Zwracany produkt musi by\u0107 nieu\u017cywany i odes\u0142any w oryginalnym stanie, wraz [&hellip;]","og_url":"https:\/\/musso.pet\/en\/reklamacje-i-zwroty\/","og_site_name":"Musso","article_modified_time":"2026-02-18T15:41:12+00:00","twitter_card":"summary_large_image","twitter_misc":{"Est. reading time":"2 minutes"},"schema":{"@context":"https:\/\/schema.org","@graph":[{"@type":"WebPage","@id":"https:\/\/musso.pet\/reklamacje-i-zwroty\/","url":"https:\/\/musso.pet\/reklamacje-i-zwroty\/","name":"Reklamacje i zwroty - Musso","isPartOf":{"@id":"https:\/\/musso.pet\/#website"},"datePublished":"2024-10-30T19:20:12+00:00","dateModified":"2026-02-18T15:41:12+00:00","breadcrumb":{"@id":"https:\/\/musso.pet\/reklamacje-i-zwroty\/#breadcrumb"},"inLanguage":"en-US","potentialAction":[{"@type":"ReadAction","target":["https:\/\/musso.pet\/reklamacje-i-zwroty\/"]}]},{"@type":"BreadcrumbList","@id":"https:\/\/musso.pet\/reklamacje-i-zwroty\/#breadcrumb","itemListElement":[{"@type":"ListItem","position":1,"name":"G\u0142\u00f3wna","item":"https:\/\/musso.pet\/"},{"@type":"ListItem","position":2,"name":"Reklamacje i zwroty"}]},{"@type":"WebSite","@id":"https:\/\/musso.pet\/#website","url":"https:\/\/musso.pet\/","name":"Musso","description":"Designerskie akcesoria dla ps\u00f3w","publisher":{"@id":"https:\/\/musso.pet\/#organization"},"potentialAction":[{"@type":"SearchAction","target":{"@type":"EntryPoint","urlTemplate":"https:\/\/musso.pet\/?s={search_term_string}"},"query-input":{"@type":"PropertyValueSpecification","valueRequired":true,"valueName":"search_term_string"}}],"inLanguage":"en-US"},{"@type":"Organization","@id":"https:\/\/musso.pet\/#organization","name":"Musso","url":"https:\/\/musso.pet\/","logo":{"@type":"ImageObject","inLanguage":"en-US","@id":"https:\/\/musso.pet\/#\/schema\/logo\/image\/","url":"https:\/\/musso.pet\/wp-content\/uploads\/2023\/04\/musso-logo-v3.svg","contentUrl":"https:\/\/musso.pet\/wp-content\/uploads\/2023\/04\/musso-logo-v3.svg","width":212,"height":44,"caption":"Musso"},"image":{"@id":"https:\/\/musso.pet\/#\/schema\/logo\/image\/"}}]}},"_links":{"self":[{"href":"https:\/\/musso.pet\/en\/wp-json\/wp\/v2\/pages\/2215","targetHints":{"allow":["GET"]}}],"collection":[{"href":"https:\/\/musso.pet\/en\/wp-json\/wp\/v2\/pages"}],"about":[{"href":"https:\/\/musso.pet\/en\/wp-json\/wp\/v2\/types\/page"}],"author":[{"embeddable":true,"href":"https:\/\/musso.pet\/en\/wp-json\/wp\/v2\/users\/1"}],"replies":[{"embeddable":true,"href":"https:\/\/musso.pet\/en\/wp-json\/wp\/v2\/comments?post=2215"}],"version-history":[{"count":2,"href":"https:\/\/musso.pet\/en\/wp-json\/wp\/v2\/pages\/2215\/revisions"}],"predecessor-version":[{"id":5510,"href":"https:\/\/musso.pet\/en\/wp-json\/wp\/v2\/pages\/2215\/revisions\/5510"}],"wp:attachment":[{"href":"https:\/\/musso.pet\/en\/wp-json\/wp\/v2\/media?parent=2215"}],"curies":[{"name":"wp","href":"https:\/\/api.w.org\/{rel}","templated":true}]}}